{"id":211357,"date":"2021-11-10T20:35:57","date_gmt":"2021-11-10T19:35:57","guid":{"rendered":"https:\/\/ketmarket.eu\/team\/"},"modified":"2026-02-16T13:48:16","modified_gmt":"2026-02-16T12:48:16","slug":"team-2","status":"publish","type":"page","link":"https:\/\/ketmarket.eu\/de\/ueber-uns-2\/team-2\/","title":{"rendered":"Team"},"content":{"rendered":"\t\t<div data-elementor-type=\"wp-page\" data-elementor-id=\"211357\" class=\"elementor elementor-211357 elementor-119424\" data-elementor-post-type=\"page\">\n\t\t\t\t<div class=\"elementor-element elementor-element-61cfb1e e-con-full e-flex e-con e-parent\" data-id=\"61cfb1e\" data-element_type=\"container\" data-e-type=\"container\" data-settings=\"{&quot;background_background&quot;:&quot;classic&quot;}\">\n\t\t\t\t<\/div>\n\t\t<div class=\"elementor-element elementor-element-645558b e-flex e-con-boxed e-con e-parent\" data-id=\"645558b\" data-element_type=\"container\" data-e-type=\"container\">\n\t\t\t\t\t<div class=\"e-con-inner\">\n\t\t\t\t\t<\/div>\n\t\t\t\t<\/div>\n\t\t<div class=\"elementor-element elementor-element-d1bb2a2 e-flex e-con-boxed e-con e-parent\" data-id=\"d1bb2a2\" data-element_type=\"container\" data-e-type=\"container\" data-settings=\"{&quot;background_background&quot;:&quot;classic&quot;}\">\n\t\t\t\t\t<div class=\"e-con-inner\">\n\t\t<div class=\"elementor-element elementor-element-1cbe137 e-con-full e-flex e-con e-child\" data-id=\"1cbe137\" data-element_type=\"container\" data-e-type=\"container\">\n\t\t\t\t<div class=\"elementor-element elementor-element-fbc5406 ket-sub-tile-headline elementor-widget elementor-widget-text-editor\" data-id=\"fbc5406\" data-element_type=\"widget\" data-e-type=\"widget\" data-widget_type=\"text-editor.default\">\n\t\t\t\t<div class=\"elementor-widget-container\">\n\t\t\t\t\t\t\t\t\t<h1>Unser Team<\/h1>\n\t\t\t\t\t\t\t\t<\/div>\n\t\t\t\t<\/div>\n\t\t\t\t<div class=\"elementor-element elementor-element-aefcc49 elementor-widget elementor-widget-text-editor\" data-id=\"aefcc49\" data-element_type=\"widget\" data-e-type=\"widget\" data-widget_type=\"text-editor.default\">\n\t\t\t\t<div class=\"elementor-widget-container\">\n\t\t\t\t\t\t\t\t\t<p>Entdecken Sie die treibende Kraft hinter unserem Erfolg &#8211; unser au\u00dfergew\u00f6hnliches Team. Mit einer Mischung aus Fachwissen und Leidenschaft arbeiten wir nahtlos zusammen, verschieben Grenzen und liefern bei jedem Vorhaben hervorragende Leistungen. Lernen Sie die verschiedenen Talente kennen, die unsere Innovation und unser gemeinsames Engagement f\u00fcr eine Ver\u00e4nderung vorantreiben.<\/p>\n\t\t\t\t\t\t\t\t<\/div>\n\t\t\t\t<\/div>\n\t\t\t\t<\/div>\n\t\t\t\t\t<\/div>\n\t\t\t\t<\/div>\n\t\t<div class=\"elementor-element elementor-element-430f198 e-flex e-con-boxed e-con e-parent\" data-id=\"430f198\" data-element_type=\"container\" data-e-type=\"container\">\n\t\t\t\t\t<div class=\"e-con-inner\">\n\t\t\t\t<div class=\"elementor-element elementor-element-25d32e1 elementor-widget-divider--view-line elementor-widget elementor-widget-divider\" data-id=\"25d32e1\" data-element_type=\"widget\" data-e-type=\"widget\" data-widget_type=\"divider.default\">\n\t\t\t\t<div class=\"elementor-widget-container\">\n\t\t\t\t\t\t\t<div class=\"elementor-divider\">\n\t\t\t<span class=\"elementor-divider-separator\">\n\t\t\t\t\t\t<\/span>\n\t\t<\/div>\n\t\t\t\t\t\t<\/div>\n\t\t\t\t<\/div>\n\t\t\t\t\t<\/div>\n\t\t\t\t<\/div>\n\t\t<div class=\"elementor-element elementor-element-43f340d e-flex e-con-boxed e-con e-parent\" data-id=\"43f340d\" data-element_type=\"container\" data-e-type=\"container\" data-settings=\"{&quot;background_background&quot;:&quot;classic&quot;}\">\n\t\t\t\t\t<div class=\"e-con-inner\">\n\t\t<div class=\"elementor-element elementor-element-9501799 ket-market-container e-con-full e-flex e-con e-child\" data-id=\"9501799\" data-element_type=\"container\" data-e-type=\"container\" data-settings=\"{&quot;background_background&quot;:&quot;classic&quot;}\">\n\t\t\t\t<\/div>\n\t\t<div class=\"elementor-element elementor-element-4412364 ket-market-container e-con-full e-flex e-con e-child\" data-id=\"4412364\" data-element_type=\"container\" data-e-type=\"container\" data-settings=\"{&quot;background_background&quot;:&quot;classic&quot;}\">\n\t\t\t\t<div class=\"elementor-element elementor-element-6e44b92 elementor-widget elementor-widget-heading\" data-id=\"6e44b92\" data-element_type=\"widget\" data-e-type=\"widget\" data-widget_type=\"heading.default\">\n\t\t\t\t<div class=\"elementor-widget-container\">\n\t\t\t\t\t<h2 class=\"elementor-heading-title elementor-size-default\">Dr. John Fahlteich<\/h2>\t\t\t\t<\/div>\n\t\t\t\t<\/div>\n\t\t\t\t<div class=\"elementor-element elementor-element-31c9bc8 elementor-widget elementor-widget-heading\" data-id=\"31c9bc8\" data-element_type=\"widget\" data-e-type=\"widget\" data-widget_type=\"heading.default\">\n\t\t\t\t<div class=\"elementor-widget-container\">\n\t\t\t\t\t<h3 class=\"elementor-heading-title elementor-size-default\">Vorstandsvorsitzender (CEO)<\/h3>\t\t\t\t<\/div>\n\t\t\t\t<\/div>\n\t\t\t\t<div class=\"elementor-element elementor-element-09bda27 elementor-widget elementor-widget-text-editor\" data-id=\"09bda27\" data-element_type=\"widget\" data-e-type=\"widget\" data-widget_type=\"text-editor.default\">\n\t\t\t\t<div class=\"elementor-widget-container\">\n\t\t\t\t\t\t\t\t\t<p>John schloss sein Studium der Physik an der Universit\u00e4t Leipzig im Jahr 2005 mit einem Diplom ab. Im Jahr 2010 promovierte er mit einer Arbeit \u00fcber im Vakuum abgeschiedene Permeationsbarriereschichten. John verf\u00fcgt \u00fcber 18 Jahre Erfahrung in der D\u00fcnnschicht- und Nanotechnologie. Bis September 2022 war John Forschungsgruppenleiter am Fraunhofer-Institut f\u00fcr Organische Elektronik, Elektronenstrahl- und Plasmatechnik FEP in Dresden, wo er 18 Mitarbeiter (inkl. Studenten) und ein Jahresbudget von 2,5 Mio. \u20ac leitete. W\u00e4hrend dieser Zeit war John an mehreren EU-finanzierten Pilotlinien und OITB-Projekten beteiligt. Im Jahr 2022 wurde er CEO von KETMarket mit dem Ziel, einen digitalen Marktplatz f\u00fcr offene Innovationen und eine zentrale Anlaufstelle f\u00fcr die europ\u00e4ischen Innovations\u00f6kosysteme zu schaffen.<\/p>\n\t\t\t\t\t\t\t\t<\/div>\n\t\t\t\t<\/div>\n\t\t\t\t<\/div>\n\t\t\t\t\t<\/div>\n\t\t\t\t<\/div>\n\t\t<div class=\"elementor-element elementor-element-9af9a3a e-flex e-con-boxed e-con e-parent\" data-id=\"9af9a3a\" data-element_type=\"container\" data-e-type=\"container\">\n\t\t\t\t\t<div class=\"e-con-inner\">\n\t\t\t\t<div class=\"elementor-element elementor-element-c692ebc elementor-widget-divider--view-line elementor-widget elementor-widget-divider\" data-id=\"c692ebc\" data-element_type=\"widget\" data-e-type=\"widget\" data-widget_type=\"divider.default\">\n\t\t\t\t<div class=\"elementor-widget-container\">\n\t\t\t\t\t\t\t<div class=\"elementor-divider\">\n\t\t\t<span class=\"elementor-divider-separator\">\n\t\t\t\t\t\t<\/span>\n\t\t<\/div>\n\t\t\t\t\t\t<\/div>\n\t\t\t\t<\/div>\n\t\t\t\t\t<\/div>\n\t\t\t\t<\/div>\n\t\t<div class=\"elementor-element elementor-element-d2851a5 e-flex e-con-boxed e-con e-parent\" data-id=\"d2851a5\" data-element_type=\"container\" data-e-type=\"container\" data-settings=\"{&quot;background_background&quot;:&quot;classic&quot;}\">\n\t\t\t\t\t<div class=\"e-con-inner\">\n\t\t<div class=\"elementor-element elementor-element-70618fc ket-market-container e-con-full e-flex e-con e-child\" data-id=\"70618fc\" data-element_type=\"container\" data-e-type=\"container\" data-settings=\"{&quot;background_background&quot;:&quot;classic&quot;}\">\n\t\t\t\t<div class=\"elementor-element elementor-element-9b48995 elementor-widget elementor-widget-heading\" data-id=\"9b48995\" data-element_type=\"widget\" data-e-type=\"widget\" data-widget_type=\"heading.default\">\n\t\t\t\t<div class=\"elementor-widget-container\">\n\t\t\t\t\t<h2 class=\"elementor-heading-title elementor-size-default\">Nancy K\u00fchne<\/h2>\t\t\t\t<\/div>\n\t\t\t\t<\/div>\n\t\t\t\t<div class=\"elementor-element elementor-element-fae2462 elementor-widget elementor-widget-heading\" data-id=\"fae2462\" data-element_type=\"widget\" data-e-type=\"widget\" data-widget_type=\"heading.default\">\n\t\t\t\t<div class=\"elementor-widget-container\">\n\t\t\t\t\t<h3 class=\"elementor-heading-title elementor-size-default\">Zertifizierte Management-Assistentin<\/h3>\t\t\t\t<\/div>\n\t\t\t\t<\/div>\n\t\t\t\t<div class=\"elementor-element elementor-element-ec05ea0 elementor-widget elementor-widget-text-editor\" data-id=\"ec05ea0\" data-element_type=\"widget\" data-e-type=\"widget\" data-widget_type=\"text-editor.default\">\n\t\t\t\t<div class=\"elementor-widget-container\">\n\t\t\t\t\t\t\t\t\t<p>Zertifizierte Management-AssistentinNachdem sie mehrere Jahre in der Gastronomie gearbeitet und ein Veranstaltungsteam geleitet hatte, absolvierte Nancy 2015 eine Ausbildung zur B\u00fcrokauffrau und war bis M\u00e4rz 2023 als Team- und Managementassistentin beim Fraunhofer FEP besch\u00e4ftigt. Zu ihren Aufgaben geh\u00f6rten (unter anderem) die Vorbereitung von Workshops und Veranstaltungen sowie die Koordination von Reiseaktivit\u00e4ten und Messebesuchen. Im Jahr 2020 schloss Nancy ein Fernstudium zur gepr\u00fcften Managementassistentin ab. Ihre Kenntnisse umfassen Buchhaltung, Personalwesen, Veranstaltungsorganisation, Projektmanagement und Import-\/Exportbestimmungen.<\/p>\n\t\t\t\t\t\t\t\t<\/div>\n\t\t\t\t<\/div>\n\t\t\t\t<\/div>\n\t\t<div class=\"elementor-element elementor-element-45ebd48 ket-market-container e-con-full e-flex e-con e-child\" data-id=\"45ebd48\" data-element_type=\"container\" data-e-type=\"container\" data-settings=\"{&quot;background_background&quot;:&quot;classic&quot;}\">\n\t\t\t\t<\/div>\n\t\t\t\t\t<\/div>\n\t\t\t\t<\/div>\n\t\t<div class=\"elementor-element elementor-element-dc916c1 e-flex e-con-boxed e-con e-parent\" data-id=\"dc916c1\" data-element_type=\"container\" data-e-type=\"container\">\n\t\t\t\t\t<div class=\"e-con-inner\">\n\t\t\t\t<div class=\"elementor-element elementor-element-43c1142 elementor-widget-divider--view-line elementor-widget elementor-widget-divider\" data-id=\"43c1142\" data-element_type=\"widget\" data-e-type=\"widget\" data-widget_type=\"divider.default\">\n\t\t\t\t<div class=\"elementor-widget-container\">\n\t\t\t\t\t\t\t<div class=\"elementor-divider\">\n\t\t\t<span class=\"elementor-divider-separator\">\n\t\t\t\t\t\t<\/span>\n\t\t<\/div>\n\t\t\t\t\t\t<\/div>\n\t\t\t\t<\/div>\n\t\t\t\t\t<\/div>\n\t\t\t\t<\/div>\n\t\t<div class=\"elementor-element elementor-element-aa3d5f2 e-flex e-con-boxed e-con e-parent\" data-id=\"aa3d5f2\" data-element_type=\"container\" data-e-type=\"container\" data-settings=\"{&quot;background_background&quot;:&quot;classic&quot;}\">\n\t\t\t\t\t<div class=\"e-con-inner\">\n\t\t<div class=\"elementor-element elementor-element-c6ffa70 ket-market-container e-con-full e-flex e-con e-child\" data-id=\"c6ffa70\" data-element_type=\"container\" data-e-type=\"container\" data-settings=\"{&quot;background_background&quot;:&quot;classic&quot;}\">\n\t\t\t\t<\/div>\n\t\t<div class=\"elementor-element elementor-element-e50c87f ket-market-container e-con-full e-flex e-con e-child\" data-id=\"e50c87f\" data-element_type=\"container\" data-e-type=\"container\" data-settings=\"{&quot;background_background&quot;:&quot;classic&quot;}\">\n\t\t\t\t<div class=\"elementor-element elementor-element-762f707 elementor-widget elementor-widget-heading\" data-id=\"762f707\" data-element_type=\"widget\" data-e-type=\"widget\" data-widget_type=\"heading.default\">\n\t\t\t\t<div class=\"elementor-widget-container\">\n\t\t\t\t\t<h2 class=\"elementor-heading-title elementor-size-default\">M.Sc. Patric Ger\u00f6<\/h2>\t\t\t\t<\/div>\n\t\t\t\t<\/div>\n\t\t\t\t<div class=\"elementor-element elementor-element-60a434e elementor-widget elementor-widget-heading\" data-id=\"60a434e\" data-element_type=\"widget\" data-e-type=\"widget\" data-widget_type=\"heading.default\">\n\t\t\t\t<div class=\"elementor-widget-container\">\n\t\t\t\t\t<h3 class=\"elementor-heading-title elementor-size-default\">Leitung Plattformentwicklung und Qualit\u00e4tsmanager<\/h3>\t\t\t\t<\/div>\n\t\t\t\t<\/div>\n\t\t\t\t<div class=\"elementor-element elementor-element-310b7f4 elementor-widget elementor-widget-text-editor\" data-id=\"310b7f4\" data-element_type=\"widget\" data-e-type=\"widget\" data-widget_type=\"text-editor.default\">\n\t\t\t\t<div class=\"elementor-widget-container\">\n\t\t\t\t\t\t\t\t\t<p>Patric erwarb 2021 einen Masterabschluss in Integrierten Managementsystemen an der Hochschule Zittau\/G\u00f6rlitz. Seine ersten beruflichen Erfahrungen sammelte er als Qualit\u00e4tsmanager am Fraunhofer FEP in Dresden, wo er Qualit\u00e4tsmanagementprozesse etablierte und Forschende bei der Umsetzung der Normen ISO 9001 (Qualit\u00e4tsmanagement) und ISO 27001 (Informationssicherheitsmanagement) unterst\u00fctzte. Er ist spezialisiert auf Qualit\u00e4ts- und Informationssicherheitsmanagement und verf\u00fcgt zudem \u00fcber Erfahrung mit den Normen ISO 14001, ISO 45001, ISO 50001 und ISO 56002.<\/p>\n<p>Bei KETMarket ist Patric als Leiter der Plattformentwicklung t\u00e4tig und verantwortet die strategische und technische F\u00fchrung der Plattformentwicklung sowie die End-to-End-Umsetzung neuer Funktionen \u2013 von Backend und Frontend bis hin zur User Experience. Dabei integriert er konsequent Prinzipien des Qualit\u00e4ts- und Informationssicherheitsmanagements in den gesamten Entwicklungsprozess. Mit Expertise in PHP, JavaScript, CSS und HTML leitet er die Entwicklung ma\u00dfgeschneiderter WordPress-Plugins und Funktionen f\u00fcr KETMarket. Seine Projekte zeichnen sich durch eine saubere Architektur, hohe Wartbarkeit und Skalierbarkeit aus. Dar\u00fcber hinaus verantwortet er die technische Plattformpflege, das Onboarding neuer Mitglieder sowie den Helpdesk-Support.<\/p>\n\t\t\t\t\t\t\t\t<\/div>\n\t\t\t\t<\/div>\n\t\t\t\t<\/div>\n\t\t\t\t\t<\/div>\n\t\t\t\t<\/div>\n\t\t<div class=\"elementor-element elementor-element-1dd0c75 e-flex e-con-boxed e-con e-parent\" data-id=\"1dd0c75\" data-element_type=\"container\" data-e-type=\"container\">\n\t\t\t\t\t<div class=\"e-con-inner\">\n\t\t\t\t<div class=\"elementor-element elementor-element-c12b778 elementor-widget-divider--view-line elementor-widget elementor-widget-divider\" data-id=\"c12b778\" data-element_type=\"widget\" data-e-type=\"widget\" data-widget_type=\"divider.default\">\n\t\t\t\t<div class=\"elementor-widget-container\">\n\t\t\t\t\t\t\t<div class=\"elementor-divider\">\n\t\t\t<span class=\"elementor-divider-separator\">\n\t\t\t\t\t\t<\/span>\n\t\t<\/div>\n\t\t\t\t\t\t<\/div>\n\t\t\t\t<\/div>\n\t\t\t\t\t<\/div>\n\t\t\t\t<\/div>\n\t\t<div class=\"elementor-element elementor-element-767a8e1 e-flex e-con-boxed e-con e-parent\" data-id=\"767a8e1\" data-element_type=\"container\" data-e-type=\"container\" data-settings=\"{&quot;background_background&quot;:&quot;classic&quot;}\">\n\t\t\t\t\t<div class=\"e-con-inner\">\n\t\t<div class=\"elementor-element elementor-element-9dc0714 ket-market-container e-con-full e-flex e-con e-child\" data-id=\"9dc0714\" data-element_type=\"container\" data-e-type=\"container\" data-settings=\"{&quot;background_background&quot;:&quot;classic&quot;}\">\n\t\t\t\t<div class=\"elementor-element elementor-element-5a579b1 elementor-widget elementor-widget-heading\" data-id=\"5a579b1\" data-element_type=\"widget\" data-e-type=\"widget\" data-widget_type=\"heading.default\">\n\t\t\t\t<div class=\"elementor-widget-container\">\n\t\t\t\t\t<h2 class=\"elementor-heading-title elementor-size-default\">Philip Poplutz<\/h2>\t\t\t\t<\/div>\n\t\t\t\t<\/div>\n\t\t\t\t<div class=\"elementor-element elementor-element-57be829 elementor-widget elementor-widget-heading\" data-id=\"57be829\" data-element_type=\"widget\" data-e-type=\"widget\" data-widget_type=\"heading.default\">\n\t\t\t\t<div class=\"elementor-widget-container\">\n\t\t\t\t\t<h3 class=\"elementor-heading-title elementor-size-default\">Studentische Hilfskraft f\u00fcr Webprogrammierung<\/h3>\t\t\t\t<\/div>\n\t\t\t\t<\/div>\n\t\t\t\t<div class=\"elementor-element elementor-element-63bdbb4 elementor-widget elementor-widget-text-editor\" data-id=\"63bdbb4\" data-element_type=\"widget\" data-e-type=\"widget\" data-widget_type=\"text-editor.default\">\n\t\t\t\t<div class=\"elementor-widget-container\">\n\t\t\t\t\t\t\t\t\t<p>Philip hat 2020 seinen Highschool-Abschluss gemacht und sich auf Informatik spezialisiert. Seitdem studiert er Wirtschaftsinformatik an der Hochschule f\u00fcr Technik und Wirtschaft Dresden. Im Juni 2023 begann er als studentische Hilfskraft f\u00fcr KETMarket zu arbeiten. Er ist aktiv an der Programmierung neuer Funktionen f\u00fcr die KETMarket-Website beteiligt, entwickelt Middleware f\u00fcr Datenbanken, um den Datenaustausch zwischen Cloud-basierten Kollaborationstools zu erleichtern, und erstellt Tools f\u00fcr die Sammlung, Verarbeitung und Analyse von Daten, insbesondere f\u00fcr Forschungsberichte.<\/p>\n\t\t\t\t\t\t\t\t<\/div>\n\t\t\t\t<\/div>\n\t\t\t\t<\/div>\n\t\t<div class=\"elementor-element elementor-element-49f4559 ket-market-container e-con-full e-flex e-con e-child\" data-id=\"49f4559\" data-element_type=\"container\" data-e-type=\"container\" data-settings=\"{&quot;background_background&quot;:&quot;classic&quot;,&quot;background_motion_fx_motion_fx_mouse&quot;:&quot;yes&quot;}\">\n\t\t\t\t<\/div>\n\t\t\t\t\t<\/div>\n\t\t\t\t<\/div>\n\t\t<div class=\"elementor-element elementor-element-4c377b2 e-flex e-con-boxed e-con e-parent\" data-id=\"4c377b2\" data-element_type=\"container\" data-e-type=\"container\">\n\t\t\t\t\t<div class=\"e-con-inner\">\n\t\t\t\t<div class=\"elementor-element elementor-element-995b8f3 elementor-widget-divider--view-line elementor-widget elementor-widget-divider\" data-id=\"995b8f3\" data-element_type=\"widget\" data-e-type=\"widget\" data-widget_type=\"divider.default\">\n\t\t\t\t<div class=\"elementor-widget-container\">\n\t\t\t\t\t\t\t<div class=\"elementor-divider\">\n\t\t\t<span class=\"elementor-divider-separator\">\n\t\t\t\t\t\t<\/span>\n\t\t<\/div>\n\t\t\t\t\t\t<\/div>\n\t\t\t\t<\/div>\n\t\t\t\t\t<\/div>\n\t\t\t\t<\/div>\n\t\t<div class=\"elementor-element elementor-element-921d5ba e-flex e-con-boxed e-con e-parent\" data-id=\"921d5ba\" data-element_type=\"container\" data-e-type=\"container\" data-settings=\"{&quot;background_background&quot;:&quot;classic&quot;}\">\n\t\t\t\t\t<div class=\"e-con-inner\">\n\t\t<div class=\"elementor-element elementor-element-4e69214 ket-market-container e-con-full e-flex e-con e-child\" data-id=\"4e69214\" data-element_type=\"container\" data-e-type=\"container\" data-settings=\"{&quot;background_background&quot;:&quot;classic&quot;}\">\n\t\t\t\t<\/div>\n\t\t<div class=\"elementor-element elementor-element-e5cc1ca ket-market-container e-con-full e-flex e-con e-child\" data-id=\"e5cc1ca\" data-element_type=\"container\" data-e-type=\"container\" data-settings=\"{&quot;background_background&quot;:&quot;classic&quot;}\">\n\t\t\t\t<div class=\"elementor-element elementor-element-06c6eee elementor-widget elementor-widget-heading\" data-id=\"06c6eee\" data-element_type=\"widget\" data-e-type=\"widget\" data-widget_type=\"heading.default\">\n\t\t\t\t<div class=\"elementor-widget-container\">\n\t\t\t\t\t<h2 class=\"elementor-heading-title elementor-size-default\">Anna Iwanowa  <\/h2>\t\t\t\t<\/div>\n\t\t\t\t<\/div>\n\t\t\t\t<div class=\"elementor-element elementor-element-3bf844a elementor-widget elementor-widget-heading\" data-id=\"3bf844a\" data-element_type=\"widget\" data-e-type=\"widget\" data-widget_type=\"heading.default\">\n\t\t\t\t<div class=\"elementor-widget-container\">\n\t\t\t\t\t<h3 class=\"elementor-heading-title elementor-size-default\">Assistentin f\u00fcr Social Media Marketing<\/h3>\t\t\t\t<\/div>\n\t\t\t\t<\/div>\n\t\t\t\t<div class=\"elementor-element elementor-element-eb1d0e1 elementor-widget elementor-widget-text-editor\" data-id=\"eb1d0e1\" data-element_type=\"widget\" data-e-type=\"widget\" data-widget_type=\"text-editor.default\">\n\t\t\t\t<div class=\"elementor-widget-container\">\n\t\t\t\t\t\t\t\t\t<p>Anna Ivanova kam im September 2022 zu KETMarket. Anna stammt urspr\u00fcnglich aus der Ukraine und hat einen Bachelor-Abschluss in \u00f6ffentlicher Verwaltung von der Fachhochschule Den Haag in den Niederlanden. Anna begann ihre Karriere im Bereich Kommunikation beim Institute for Historical Justice and Reconciliation, wo sie \u00fcber zwei Jahre lang als Social Media Coordinator und Research Associate t\u00e4tig war. Sie betreute Forscher und verwaltete die Online-Pr\u00e4senz des Projekts Contested Histories. W\u00e4hrend ihrer Zeit bei AMIRES, wo sie als Junior Marketing Specialist arbeitete, bevor sie zu KETMarket kam, erhielt sie einen tiefen Einblick in die Forschungs- und Innovationslandschaft der EU. Zu Annas beruflichen Interessen geh\u00f6ren Lernen und Entwicklung sowie politische Entscheidungsfindung.<\/p>\n\t\t\t\t\t\t\t\t<\/div>\n\t\t\t\t<\/div>\n\t\t\t\t<\/div>\n\t\t\t\t\t<\/div>\n\t\t\t\t<\/div>\n\t\t<div class=\"elementor-element elementor-element-74116a9 e-flex e-con-boxed e-con e-parent\" data-id=\"74116a9\" data-element_type=\"container\" data-e-type=\"container\">\n\t\t\t\t\t<div class=\"e-con-inner\">\n\t\t\t\t<div class=\"elementor-element elementor-element-d815c58 elementor-widget-divider--view-line elementor-widget elementor-widget-divider\" data-id=\"d815c58\" data-element_type=\"widget\" data-e-type=\"widget\" data-widget_type=\"divider.default\">\n\t\t\t\t<div class=\"elementor-widget-container\">\n\t\t\t\t\t\t\t<div class=\"elementor-divider\">\n\t\t\t<span class=\"elementor-divider-separator\">\n\t\t\t\t\t\t<\/span>\n\t\t<\/div>\n\t\t\t\t\t\t<\/div>\n\t\t\t\t<\/div>\n\t\t\t\t\t<\/div>\n\t\t\t\t<\/div>\n\t\t\t\t<\/div>\n\t\t","protected":false},"excerpt":{"rendered":"<p>Unser Team Entdecken Sie die treibende Kraft hinter unserem Erfolg &#8211; unser au\u00dfergew\u00f6hnliches Team. Mit einer Mischung aus Fachwissen und Leidenschaft arbeiten wir nahtlos zusammen, verschieben Grenzen und liefern bei [&hellip;]<\/p>\n","protected":false},"author":324,"featured_media":0,"parent":211610,"menu_order":0,"comment_status":"closed","ping_status":"closed","template":"","meta":{"_price":"","_stock":"","_tribe_ticket_header":"","_tribe_default_ticket_provider":"","_tribe_ticket_capacity":"0","_ticket_start_date":"","_ticket_end_date":"","_tribe_ticket_show_description":"","_tribe_ticket_show_not_going":false,"_tribe_ticket_use_global_stock":"","_tribe_ticket_global_stock_level":"","_global_stock_mode":"","_global_stock_cap":"","_tribe_rsvp_for_event":"","_tribe_ticket_going_count":"","_tribe_ticket_not_going_count":"","_tribe_tickets_list":"[]","_tribe_ticket_has_attendee_info_fields":false,"ocean_post_layout":"","ocean_both_sidebars_style":"","ocean_both_sidebars_content_width":0,"ocean_both_sidebars_sidebars_width":0,"ocean_sidebar":"","ocean_second_sidebar":"","ocean_disable_margins":"enable","ocean_add_body_class":"","ocean_shortcode_before_top_bar":"","ocean_shortcode_after_top_bar":"","ocean_shortcode_before_header":"","ocean_shortcode_after_header":"","ocean_has_shortcode":"","ocean_shortcode_after_title":"","ocean_shortcode_before_footer_widgets":"","ocean_shortcode_after_footer_widgets":"","ocean_shortcode_before_footer_bottom":"","ocean_shortcode_after_footer_bottom":"","ocean_display_top_bar":"default","ocean_display_header":"default","ocean_header_style":"","ocean_center_header_left_menu":"","ocean_custom_header_template":"","ocean_custom_logo":0,"ocean_custom_retina_logo":0,"ocean_custom_logo_max_width":0,"ocean_custom_logo_tablet_max_width":0,"ocean_custom_logo_mobile_max_width":0,"ocean_custom_logo_max_height":0,"ocean_custom_logo_tablet_max_height":0,"ocean_custom_logo_mobile_max_height":0,"ocean_header_custom_menu":"","ocean_menu_typo_font_family":"","ocean_menu_typo_font_subset":"","ocean_menu_typo_font_size":0,"ocean_menu_typo_font_size_tablet":0,"ocean_menu_typo_font_size_mobile":0,"ocean_menu_typo_font_size_unit":"px","ocean_menu_typo_font_weight":"","ocean_menu_typo_font_weight_tablet":"","ocean_menu_typo_font_weight_mobile":"","ocean_menu_typo_transform":"","ocean_menu_typo_transform_tablet":"","ocean_menu_typo_transform_mobile":"","ocean_menu_typo_line_height":0,"ocean_menu_typo_line_height_tablet":0,"ocean_menu_typo_line_height_mobile":0,"ocean_menu_typo_line_height_unit":"","ocean_menu_typo_spacing":0,"ocean_menu_typo_spacing_tablet":0,"ocean_menu_typo_spacing_mobile":0,"ocean_menu_typo_spacing_unit":"","ocean_menu_link_color":"","ocean_menu_link_color_hover":"","ocean_menu_link_color_active":"","ocean_menu_link_background":"","ocean_menu_link_hover_background":"","ocean_menu_link_active_background":"","ocean_menu_social_links_bg":"","ocean_menu_social_hover_links_bg":"","ocean_menu_social_links_color":"","ocean_menu_social_hover_links_color":"","ocean_disable_title":"default","ocean_disable_heading":"default","ocean_post_title":"","ocean_post_subheading":"","ocean_post_title_style":"","ocean_post_title_background_color":"","ocean_post_title_background":0,"ocean_post_title_bg_image_position":"","ocean_post_title_bg_image_attachment":"","ocean_post_title_bg_image_repeat":"","ocean_post_title_bg_image_size":"","ocean_post_title_height":0,"ocean_post_title_bg_overlay":0.5,"ocean_post_title_bg_overlay_color":"","ocean_disable_breadcrumbs":"default","ocean_breadcrumbs_color":"","ocean_breadcrumbs_separator_color":"","ocean_breadcrumbs_links_color":"","ocean_breadcrumbs_links_hover_color":"","ocean_display_footer_widgets":"default","ocean_display_footer_bottom":"default","ocean_custom_footer_template":"","footnotes":""},"class_list":["post-211357","page","type-page","status-publish","hentry","entry","owp-thumbs-layout-horizontal","owp-btn-normal","owp-tabs-layout-horizontal","has-no-thumbnails","has-product-nav"],"_links":{"self":[{"href":"https:\/\/ketmarket.eu\/de\/wp-json\/wp\/v2\/pages\/211357","targetHints":{"allow":["GET"]}}],"collection":[{"href":"https:\/\/ketmarket.eu\/de\/wp-json\/wp\/v2\/pages"}],"about":[{"href":"https:\/\/ketmarket.eu\/de\/wp-json\/wp\/v2\/types\/page"}],"author":[{"embeddable":true,"href":"https:\/\/ketmarket.eu\/de\/wp-json\/wp\/v2\/users\/324"}],"replies":[{"embeddable":true,"href":"https:\/\/ketmarket.eu\/de\/wp-json\/wp\/v2\/comments?post=211357"}],"version-history":[{"count":0,"href":"https:\/\/ketmarket.eu\/de\/wp-json\/wp\/v2\/pages\/211357\/revisions"}],"up":[{"embeddable":true,"href":"https:\/\/ketmarket.eu\/de\/wp-json\/wp\/v2\/pages\/211610"}],"wp:attachment":[{"href":"https:\/\/ketmarket.eu\/de\/wp-json\/wp\/v2\/media?parent=211357"}],"curies":[{"name":"wp","href":"https:\/\/api.w.org\/{rel}","templated":true}]}}