{"id":211477,"date":"2022-02-25T01:15:53","date_gmt":"2022-02-25T00:15:53","guid":{"rendered":"https:\/\/ketmarket.eu\/newsletter-bestaetigung-2\/"},"modified":"2025-05-13T20:33:26","modified_gmt":"2025-05-13T18:33:26","slug":"newsletter-bestaetigung-2","status":"publish","type":"page","link":"https:\/\/ketmarket.eu\/de\/newsletter-bestaetigung-2\/","title":{"rendered":"Newsletter-Best\u00e4tigung"},"content":{"rendered":"\t\t<div data-elementor-type=\"wp-page\" data-elementor-id=\"211477\" class=\"elementor elementor-211477 elementor-1366\" data-elementor-post-type=\"page\">\n\t\t\t\t<div class=\"elementor-element elementor-element-6bfaae4 e-flex e-con-boxed e-con e-parent\" data-id=\"6bfaae4\" data-element_type=\"container\" data-e-type=\"container\">\n\t\t\t\t\t<div class=\"e-con-inner\">\n\t\t<div class=\"elementor-element elementor-element-34f3bdb e-con-full e-flex e-con e-child\" data-id=\"34f3bdb\" data-element_type=\"container\" data-e-type=\"container\">\n\t\t\t\t<div class=\"elementor-element elementor-element-16c8e90 elementor-widget elementor-widget-spacer\" data-id=\"16c8e90\" data-element_type=\"widget\" data-e-type=\"widget\" data-widget_type=\"spacer.default\">\n\t\t\t\t<div class=\"elementor-widget-container\">\n\t\t\t\t\t\t\t<div class=\"elementor-spacer\">\n\t\t\t<div class=\"elementor-spacer-inner\"><\/div>\n\t\t<\/div>\n\t\t\t\t\t\t<\/div>\n\t\t\t\t<\/div>\n\t\t\t\t<div class=\"elementor-element elementor-element-c2f8953 elementor-widget elementor-widget-heading\" data-id=\"c2f8953\" data-element_type=\"widget\" data-e-type=\"widget\" data-widget_type=\"heading.default\">\n\t\t\t\t<div class=\"elementor-widget-container\">\n\t\t\t\t\t<h2 class=\"elementor-heading-title elementor-size-default\">Vielen Dank f\u00fcr Ihr Abonnement - Sie sind jetzt mit KETMarket verbunden<\/h2>\t\t\t\t<\/div>\n\t\t\t\t<\/div>\n\t\t\t\t<\/div>\n\t\t\t\t\t<\/div>\n\t\t\t\t<\/div>\n\t\t<div class=\"elementor-element elementor-element-6df4fd4 e-flex e-con-boxed e-con e-parent\" data-id=\"6df4fd4\" data-element_type=\"container\" data-e-type=\"container\">\n\t\t\t\t\t<div class=\"e-con-inner\">\n\t\t\t\t<div class=\"elementor-element elementor-element-d490efc elementor-widget elementor-widget-image\" data-id=\"d490efc\" data-element_type=\"widget\" data-e-type=\"widget\" data-widget_type=\"image.default\">\n\t\t\t\t<div class=\"elementor-widget-container\">\n\t\t\t\t\t\t\t\t\t\t\t\t\t\t\t<img decoding=\"async\" src=\"https:\/\/ketmarket.eu\/wp-content\/uploads\/2025\/03\/KETMarket-Innovation-Marketplace-1024x577.png\" title=\"\" alt=\"\" loading=\"lazy\" \/>\t\t\t\t\t\t\t\t\t\t\t\t\t\t\t<\/div>\n\t\t\t\t<\/div>\n\t\t\t\t\t<\/div>\n\t\t\t\t<\/div>\n\t\t<div class=\"elementor-element elementor-element-18166fd e-flex e-con-boxed e-con e-parent\" data-id=\"18166fd\" data-element_type=\"container\" data-e-type=\"container\">\n\t\t\t\t\t<div class=\"e-con-inner\">\n\t\t<div class=\"elementor-element elementor-element-a96b6ae e-con-full e-flex e-con e-child\" data-id=\"a96b6ae\" data-element_type=\"container\" data-e-type=\"container\">\n\t\t\t\t<div class=\"elementor-element elementor-element-bed51a1 elementor-widget elementor-widget-text-editor\" data-id=\"bed51a1\" data-element_type=\"widget\" data-e-type=\"widget\" data-widget_type=\"text-editor.default\">\n\t\t\t\t<div class=\"elementor-widget-container\">\n\t\t\t\t\t\t\t\t\t<h2 class=\"\" style=\"text-align: center;\" data-start=\"211\" data-end=\"252\">  \u2705 Ihr Abonnement wurde best\u00e4tigt<\/h2><p class=\"\" data-start=\"254\" data-end=\"475\">Vielen Dank, dass Sie der KETMarket-Community beigetreten sind!<br data-start=\"300\" data-end=\"303\">Sie wurden in unseren Newsletter-Verteiler aufgenommen und werden bald regelm\u00e4\u00dfig \u00fcber die neuesten Innovationen, Technologien und M\u00f6glichkeiten bei KETMarket informiert.<\/p>\t\t\t\t\t\t\t\t<\/div>\n\t\t\t\t<\/div>\n\t\t\t\t<\/div>\n\t\t\t\t\t<\/div>\n\t\t\t\t<\/div>\n\t\t<div class=\"elementor-element elementor-element-6a2473f e-flex e-con-boxed e-con e-parent\" data-id=\"6a2473f\" data-element_type=\"container\" data-e-type=\"container\">\n\t\t\t\t\t<div class=\"e-con-inner\">\n\t\t<div class=\"elementor-element elementor-element-ea88f8b e-con-full e-flex e-con e-child\" data-id=\"ea88f8b\" data-element_type=\"container\" data-e-type=\"container\">\n\t\t\t\t<div class=\"elementor-element elementor-element-6ced0dd elementor-widget elementor-widget-text-editor\" data-id=\"6ced0dd\" data-element_type=\"widget\" data-e-type=\"widget\" data-widget_type=\"text-editor.default\">\n\t\t\t\t<div class=\"elementor-widget-container\">\n\t\t\t\t\t\t\t\t\t<p class=\"\" style=\"text-align: center;\">\ud83c\udfaf <strong>Sie suchen Kunden, Geldgeber oder Forschungspartner?<\/strong><\/p><p class=\"\" style=\"text-align: left;\">Egal, ob Sie Spitzentechnologie anbieten, eine Finanzierung suchen oder leistungsstarke Kooperationen aufbauen m\u00f6chten &#8211; <strong>KETMarket bringt alles zusammen<\/strong>.<\/p><p class=\"\">Mit KETMarket k\u00f6nnen Sie:<\/p><ul><li class=\"\"><p class=\"\">Finden Sie <em>neue Kunden, Lieferanten und Projektpartner<\/em><\/p><\/li><li class=\"\"><p class=\"\">Erkunden Sie <em>ma\u00dfgeschneiderte Finanzierungsm\u00f6glichkeiten f\u00fcr Ihren Bedarf<\/em><\/p><\/li><li class=\"\"><p class=\"\">Machen Sie Ihre <em>Technologie, Ihr<\/em> <em>innovatives Produkt oder Ihre Dienstleistung<\/em> f\u00fcr die richtige Zielgruppe sichtbar.<\/p><\/li><\/ul><p class=\"\" style=\"text-align: center;\">\ud83d\ude80 <strong>Starten Sie jetzt &#8211; so geht&#8217;s:<\/strong><\/p><p class=\"\">1\ufe0f\u20e3 <strong>Bieten Sie eine Technologie oder einen Service an<\/strong><br>Machen Sie Ihre L\u00f6sung f\u00fcr mehrere tausend Akteure aus Industrie und Forschung in ganz Europa sichtbar.<\/p><p class=\"\">\ud83d\udc49 <span style=\"color: #00ccff;\"><a class=\"\" style=\"color: #00ccff;\" href=\"https:\/\/ketmarket.eu\/de\/neuer-artikel\/\">F\u00fcgen Sie jetzt Ihr erstes Angebot hinzu<\/a><\/span><\/p><p class=\"\">2\ufe0f\u20e3 <strong>Suchen Sie nach Finanzierungsm\u00f6glichkeiten &#8211; und finden Sie Ihr n\u00e4chstes Projekt<\/strong><br>Entdecken Sie relevante Finanzierungsm\u00f6glichkeiten und stellen Sie Ihr Partnergesuch ein, um Kooperationspartner zu gewinnen.<\/p><p class=\"\">\ud83d\udc49 <span style=\"color: #00ccff;\"><a class=\"\" style=\"color: #00ccff;\" href=\"https:\/\/ketmarket.eu\/funding\" target=\"_new\">Finanzierungsm\u00f6glichkeiten durchsuchen und eine Partneranfrage stellen<\/a><\/span><\/p><p class=\"\">3\ufe0f\u20e3 <strong>Entdecken Sie die Premium-Funktionen<\/strong><br>Schalten Sie intelligente Tools f\u00fcr Matchmaking, Sichtbarkeit und Finanzierungserfolg frei &#8211; einschlie\u00dflich unseres KI-gesteuerten Funding Finders und exklusiver Beratungsleistungen.<\/p><p class=\"\">\ud83d\udc49 <span style=\"color: #00ccff;\"><a class=\"\" style=\"color: #00ccff;\" href=\"https:\/\/ketmarket.eu\/de\/preisgestaltung\/\" target=\"_new\">Alle Premium-Funktionen anzeigen<\/a><\/span><\/p><p class=\"\" style=\"text-align: center;\">\u2728 <strong>Warum Premium?<\/strong><\/p><p class=\"\">Mit Premium erhalten Sie Zugang zu leistungsstarken Innovationswerkzeugen:<\/p><p class=\"\">\u2705 Intelligente KI-Suche nach Finanzierungsm\u00f6glichkeiten<br>\u2705 Schnelles und KI-gest\u00fctztes Matchmaking von Partnern<br>\u2705 Pr\u00e4senz auf der Titelseite f\u00fcr Ihre Inserate<br>\u2705 Rabatte &amp; Beratung durch Experten<br>\u2705 Zugang zu zuk\u00fcnftigen Funktionen der Plattform<\/p><p class=\"\">\ud83d\udc49 <span style=\"color: #00ccff;\"><a class=\"\" style=\"color: #00ccff;\" href=\"https:\/\/ketmarket.eu\/de\/preisgestaltung\/\" target=\"_new\">Aktualisieren Sie jetzt und beschleunigen Sie Ihre Reise<\/a><\/span><\/p><p class=\"\">Brauchen Sie Unterst\u00fctzung? <span style=\"color: #00ccff;\"><a style=\"color: #00ccff;\" href=\"https:\/\/outlook.office365.com\/book\/IntroductiontoKETMarketInnovationMarketplace@ketmarket.eu\/\">Vereinbaren Sie einen Termin mit uns<\/a>.<\/span><br>Lassen Sie uns gemeinsam die Zukunft der Technologie gestalten.<\/p>\t\t\t\t\t\t\t\t<\/div>\n\t\t\t\t<\/div>\n\t\t\t\t<\/div>\n\t\t\t\t\t<\/div>\n\t\t\t\t<\/div>\n\t\t\t\t<\/div>\n\t\t","protected":false},"excerpt":{"rendered":"<p>Vielen Dank f\u00fcr Ihr Abonnement &#8211; Sie sind jetzt mit KETMarket verbunden \u2705 Ihr Abonnement wurde best\u00e4tigt Vielen Dank, dass Sie der KETMarket-Community beigetreten sind!Sie wurden in unseren Newsletter-Verteiler aufgenommen [&hellip;]<\/p>\n","protected":false},"author":324,"featured_media":0,"parent":0,"menu_order":0,"comment_status":"closed","ping_status":"closed","template":"elementor_theme","meta":{"_price":"","_stock":"","_tribe_ticket_header":"","_tribe_default_ticket_provider":"","_tribe_ticket_capacity":"0","_ticket_start_date":"","_ticket_end_date":"","_tribe_ticket_show_description":"","_tribe_ticket_show_not_going":false,"_tribe_ticket_use_global_stock":"","_tribe_ticket_global_stock_level":"","_global_stock_mode":"","_global_stock_cap":"","_tribe_rsvp_for_event":"","_tribe_ticket_going_count":"","_tribe_ticket_not_going_count":"","_tribe_tickets_list":"[]","_tribe_ticket_has_attendee_info_fields":false,"ocean_post_layout":"full-screen","ocean_both_sidebars_style":"","ocean_both_sidebars_content_width":0,"ocean_both_sidebars_sidebars_width":0,"ocean_sidebar":"0","ocean_second_sidebar":"0","ocean_disable_margins":"enable","ocean_add_body_class":"","ocean_shortcode_before_top_bar":"","ocean_shortcode_after_top_bar":"","ocean_shortcode_before_header":"","ocean_shortcode_after_header":"","ocean_has_shortcode":"","ocean_shortcode_after_title":"","ocean_shortcode_before_footer_widgets":"","ocean_shortcode_after_footer_widgets":"","ocean_shortcode_before_footer_bottom":"","ocean_shortcode_after_footer_bottom":"","ocean_display_top_bar":"default","ocean_display_header":"default","ocean_header_style":"","ocean_center_header_left_menu":"0","ocean_custom_header_template":"0","ocean_custom_logo":0,"ocean_custom_retina_logo":0,"ocean_custom_logo_max_width":0,"ocean_custom_logo_tablet_max_width":0,"ocean_custom_logo_mobile_max_width":0,"ocean_custom_logo_max_height":0,"ocean_custom_logo_tablet_max_height":0,"ocean_custom_logo_mobile_max_height":0,"ocean_header_custom_menu":"0","ocean_menu_typo_font_family":"0","ocean_menu_typo_font_subset":"","ocean_menu_typo_font_size":0,"ocean_menu_typo_font_size_tablet":0,"ocean_menu_typo_font_size_mobile":0,"ocean_menu_typo_font_size_unit":"px","ocean_menu_typo_font_weight":"","ocean_menu_typo_font_weight_tablet":"","ocean_menu_typo_font_weight_mobile":"","ocean_menu_typo_transform":"","ocean_menu_typo_transform_tablet":"","ocean_menu_typo_transform_mobile":"","ocean_menu_typo_line_height":0,"ocean_menu_typo_line_height_tablet":0,"ocean_menu_typo_line_height_mobile":0,"ocean_menu_typo_line_height_unit":"","ocean_menu_typo_spacing":0,"ocean_menu_typo_spacing_tablet":0,"ocean_menu_typo_spacing_mobile":0,"ocean_menu_typo_spacing_unit":"","ocean_menu_link_color":"","ocean_menu_link_color_hover":"","ocean_menu_link_color_active":"","ocean_menu_link_background":"","ocean_menu_link_hover_background":"","ocean_menu_link_active_background":"","ocean_menu_social_links_bg":"","ocean_menu_social_hover_links_bg":"","ocean_menu_social_links_color":"","ocean_menu_social_hover_links_color":"","ocean_disable_title":"default","ocean_disable_heading":"default","ocean_post_title":"","ocean_post_subheading":"","ocean_post_title_style":"","ocean_post_title_background_color":"","ocean_post_title_background":0,"ocean_post_title_bg_image_position":"","ocean_post_title_bg_image_attachment":"","ocean_post_title_bg_image_repeat":"","ocean_post_title_bg_image_size":"","ocean_post_title_height":0,"ocean_post_title_bg_overlay":0.5,"ocean_post_title_bg_overlay_color":"","ocean_disable_breadcrumbs":"default","ocean_breadcrumbs_color":"","ocean_breadcrumbs_separator_color":"","ocean_breadcrumbs_links_color":"","ocean_breadcrumbs_links_hover_color":"","ocean_display_footer_widgets":"off","ocean_display_footer_bottom":"default","ocean_custom_footer_template":"0","footnotes":""},"class_list":["post-211477","page","type-page","status-publish","hentry","entry","owp-thumbs-layout-horizontal","owp-btn-normal","owp-tabs-layout-horizontal","has-no-thumbnails","has-product-nav"],"_links":{"self":[{"href":"https:\/\/ketmarket.eu\/de\/wp-json\/wp\/v2\/pages\/211477","targetHints":{"allow":["GET"]}}],"collection":[{"href":"https:\/\/ketmarket.eu\/de\/wp-json\/wp\/v2\/pages"}],"about":[{"href":"https:\/\/ketmarket.eu\/de\/wp-json\/wp\/v2\/types\/page"}],"author":[{"embeddable":true,"href":"https:\/\/ketmarket.eu\/de\/wp-json\/wp\/v2\/users\/324"}],"replies":[{"embeddable":true,"href":"https:\/\/ketmarket.eu\/de\/wp-json\/wp\/v2\/comments?post=211477"}],"version-history":[{"count":0,"href":"https:\/\/ketmarket.eu\/de\/wp-json\/wp\/v2\/pages\/211477\/revisions"}],"wp:attachment":[{"href":"https:\/\/ketmarket.eu\/de\/wp-json\/wp\/v2\/media?parent=211477"}],"curies":[{"name":"wp","href":"https:\/\/api.w.org\/{rel}","templated":true}]}}