{"id":211488,"date":"2022-01-30T10:43:40","date_gmt":"2022-01-30T09:43:40","guid":{"rendered":"https:\/\/ketmarket.eu\/bedingungen-und-konditionen\/"},"modified":"2024-12-08T02:23:22","modified_gmt":"2024-12-08T01:23:22","slug":"bedingungen-und-konditionen","status":"publish","type":"page","link":"https:\/\/ketmarket.eu\/de\/bedingungen-und-konditionen\/","title":{"rendered":"Bedingungen und Konditionen"},"content":{"rendered":"\t\t<div data-elementor-type=\"wp-page\" data-elementor-id=\"211488\" class=\"elementor elementor-211488 elementor-407\" data-elementor-post-type=\"page\">\n\t\t\t\t\t\t<section class=\"elementor-section elementor-top-section elementor-element elementor-element-6d6349f elementor-section-boxed elementor-section-height-default elementor-section-height-default\" data-id=\"6d6349f\" data-element_type=\"section\" data-e-type=\"section\">\n\t\t\t\t\t\t<div class=\"elementor-container elementor-column-gap-default\">\n\t\t\t\t\t<div class=\"elementor-column elementor-col-100 elementor-top-column elementor-element elementor-element-8b34df7\" data-id=\"8b34df7\" data-element_type=\"column\" data-e-type=\"column\">\n\t\t\t<div class=\"elementor-widget-wrap elementor-element-populated\">\n\t\t\t\t\t\t<div class=\"elementor-element elementor-element-cd7653c elementor-widget elementor-widget-text-editor\" data-id=\"cd7653c\" data-element_type=\"widget\" data-e-type=\"widget\" data-widget_type=\"text-editor.default\">\n\t\t\t\t<div class=\"elementor-widget-container\">\n\t\t\t\t\t\t\t\t\t<p style=\"text-align: right;\">Datum des Inkrafttretens: 01.07.2023<br \/>Version: 2023-07-01-0.9<\/p><\/p>\n\t\t\t\t\t\t\t\t<\/div>\n\t\t\t\t<\/div>\n\t\t\t\t\t<\/div>\n\t\t<\/div>\n\t\t\t\t\t<\/div>\n\t\t<\/section>\n\t\t\t\t<section class=\"elementor-section elementor-top-section elementor-element elementor-element-0c15d19 elementor-section-boxed elementor-section-height-default elementor-section-height-default\" data-id=\"0c15d19\" data-element_type=\"section\" data-e-type=\"section\">\n\t\t\t\t\t\t<div class=\"elementor-container elementor-column-gap-default\">\n\t\t\t\t\t<div class=\"elementor-column elementor-col-100 elementor-top-column elementor-element elementor-element-efdafa0\" data-id=\"efdafa0\" data-element_type=\"column\" data-e-type=\"column\">\n\t\t\t<div class=\"elementor-widget-wrap elementor-element-populated\">\n\t\t\t\t\t\t<div class=\"elementor-element elementor-element-380fb18 elementor-widget elementor-widget-heading\" data-id=\"380fb18\" data-element_type=\"widget\" data-e-type=\"widget\" data-widget_type=\"heading.default\">\n\t\t\t\t<div class=\"elementor-widget-container\">\n\t\t\t\t\t<h2 class=\"elementor-heading-title elementor-size-default\">Nutzungsbedingungen<\/h2>\t\t\t\t<\/div>\n\t\t\t\t<\/div>\n\t\t\t\t\t<\/div>\n\t\t<\/div>\n\t\t\t\t\t<\/div>\n\t\t<\/section>\n\t\t\t\t<section class=\"elementor-section elementor-top-section elementor-element elementor-element-dd3d418 elementor-section-boxed elementor-section-height-default elementor-section-height-default\" data-id=\"dd3d418\" data-element_type=\"section\" data-e-type=\"section\">\n\t\t\t\t\t\t<div class=\"elementor-container elementor-column-gap-default\">\n\t\t\t\t\t<div class=\"elementor-column elementor-col-100 elementor-top-column elementor-element elementor-element-4f9b872\" data-id=\"4f9b872\" data-element_type=\"column\" data-e-type=\"column\">\n\t\t\t<div class=\"elementor-widget-wrap elementor-element-populated\">\n\t\t\t\t\t\t<div class=\"elementor-element elementor-element-aeee2a5 elementor-widget elementor-widget-text-editor\" data-id=\"aeee2a5\" data-element_type=\"widget\" data-e-type=\"widget\" data-widget_type=\"text-editor.default\">\n\t\t\t\t<div class=\"elementor-widget-container\">\n\t\t\t\t\t\t\t\t\t<p>f\u00fcr den KETMarket, den digitalen Marktplatz f\u00fcr Innovationen, Technologien und Forschungs- und Entwicklungsdienstleistungen (im Folgenden &#8222;Innovationsmarktplatz&#8220; genannt)<\/p>\n<h3>1 Vertragsverh\u00e4ltnis, \u00c4nderungen der Nutzungsbedingungen<\/h3>\n<p>1.1 Die folgenden Nutzungsbedingungen regeln das Vertragsverh\u00e4ltnis zwischen dem Anbieter des digitalen Innovationsmarktplatzes (KETMarket GmbH) (nachfolgend Anbieter genannt) und dem Nutzer.<\/p>\n<p>1.2 Mit dem Abschluss des Registrierungsprozesses f\u00fcr In the Innovation Marketplace gibt der Nutzer ein Angebot zum Abschluss eines Nutzungsvertrages auf Grundlage dieser Nutzungsbedingungen ab. Mit der Freischaltung des Nutzerkontos durch den Anbieter nimmt der Anbieter das Angebot zum Abschluss eines Nutzungsvertrages an. <\/p>\n<p>1.3 Entgegenstehende oder von diesen Nutzungsbedingungen abweichende Bedingungen des Nutzers werden im Zweifelsfall nur durch ausdr\u00fcckliche schriftliche Best\u00e4tigung des Anbieters anerkannt.<\/p>\n<p>1.4 Der Anbieter ist berechtigt, diese AGB w\u00e4hrend der laufenden Mitgliedschaft zu \u00e4ndern und anzupassen. Der Anbieter wird dem Nutzer die ge\u00e4nderten Bedingungen in Textform zusenden und auf die neuen Regelungen besonders hinweisen. Zugleich wird der Anbieter dem Nutzer eine angemessene Frist einr\u00e4umen, um zu erkl\u00e4ren, ob er die ge\u00e4nderten Nutzungsbedingungen f\u00fcr die weitere Nutzung der Dienste akzeptiert. Erfolgt innerhalb dieser Frist keine Erkl\u00e4rung, so gelten die ge\u00e4nderten Bedingungen als vereinbart. Auf diese Rechtsfolge wird der Anbieter den Nutzer zu Beginn der Frist ausdr\u00fccklich hinweisen. Widerspricht der Nutzer der \u00c4nderung dieser Bedingungen, ist der Anbieter berechtigt, den Nutzungsvertrag zum Zeitpunkt des Inkrafttretens der Nutzungsbedingungen gegen\u00fcber den anderen Nutzern fristlos zu k\u00fcndigen.     <\/p>\n<h3>2 Gegenstand des Nutzungsvertrags<\/h3>\n<p>2.1 Gegenstand der Nutzungsvereinbarung ist die Bereitstellung eines weltweit zug\u00e4nglichen digitalen Marktplatzes f\u00fcr Forschungs- und Entwicklungsdienstleistungen, Technologien und Wissensressourcen durch den Anbieter.<\/p>\n<p>2.2 Der <sup>KETMarket\u00ae<\/sup> Innovation Marketplace bietet dem Nutzer die folgenden Funktionen:<\/p>\n<ul>\n<li>Erstellung eines eigenen Profils zur Person und zum Unternehmen, das f\u00fcr andere registrierte Benutzer und dar\u00fcber hinaus f\u00fcr jeden Internetnutzer \u00f6ffentlich zug\u00e4nglich ist und \u00fcber Suchmaschinen gefunden werden kann.<\/li>\n<li>Laden Sie Ihre eigenen Inhalte hoch, insbesondere Anzeigen mit Technologieangeboten, eigene Projektberichte, Informationen \u00fcber Veranstaltungen und Konferenzen und Finanzierungsm\u00f6glichkeiten einschlie\u00dflich der Verwaltung von Inhalten \u00fcber das Benutzerkonto.<\/li>\n<li>Kontaktaufnahme mit anderen Benutzern, Verwaltung von Kontaktdaten.<\/li>\n<li>Empfangen, Senden und Empfangen von Nachrichten von und an andere Benutzer.<\/li>\n<li>Aktivierung einer Suchanfrage f\u00fcr andere Benutzer und f\u00fcr Profildaten.<\/li>\n<li>Ver\u00f6ffentlichung von Nachrichten in Benutzerforen zu den dort angebotenen Themen.<\/li>\n<li>Ver\u00f6ffentlichung von Nachrichten und Kommentaren in Blogs zu den dort angegebenen Themen.<\/li>\n<li>Einrichtung und Verwaltung Ihres eigenen Online-Shops f\u00fcr den direkten Verkauf von Dienstleistungen, Prototypen oder Tickets f\u00fcr die Teilnahme an Konferenzen an Gesch\u00e4ftskunden.<\/li>\n<\/ul>\n<p>2.3 Die konkrete grafische und funktionale Ausgestaltung der vertraglichen Nutzungsm\u00f6glichkeiten, die Erweiterung der Nutzungsm\u00f6glichkeiten um zus\u00e4tzliche Features oder deren Erg\u00e4nzung um kostenpflichtige Zusatzleistungen stehen im Ermessen des Anbieters. Der Anbieter ist berechtigt, die konkrete Ausgestaltung unter Beibehaltung der vertraglichen Nutzungsm\u00f6glichkeiten jederzeit zu \u00e4ndern und anzupassen. <\/p>\n<p>2.4 Der Innovationsmarktplatz ist f\u00fcr den Nutzer zeitlich unbegrenzt zu mindestens 95% im Jahresdurchschnitt verf\u00fcgbar. Unvermeidbare, unvorhersehbare und au\u00dfergew\u00f6hnliche Ereignisse, die zur Nichtverf\u00fcgbarkeit des Innovationsmarktplatzes f\u00fchren, wie z.B. Stromausf\u00e4lle, Hackerangriffe, Ausf\u00e4lle der Telekommunikationsleitungen vom \u00dcbergabepunkt zum Internet, werden nicht auf das Verf\u00fcgbarkeitsminimum angerechnet. <\/p>\n<p>2.5. The upload and retrieval of content on the Innovation Marketplace is free of charge. The provider reserves the right to grant access to certain user content to other users only for a fee or a paid membership. The provider also reserves the right to highlight users&#8216; content for a fee or to present it as top results in searches.   <\/p>\n<h3>3 Registrierung, Benutzerkonto, Umgang mit Passw\u00f6rtern<\/h3>\n<p>3.1 F\u00fcr die Nutzung des Innovationsmarktplatzes KETMarket k\u00f6nnen sich nat\u00fcrliche Personen und Unternehmen registrieren. Eine nat\u00fcrliche Person muss zum Zeitpunkt der Registrierung mindestens 18 Jahre alt sein. <\/p>\n<p>3.2 Der Nutzer ist verpflichtet, gem\u00e4\u00df den Anforderungen des Registrierungsformulars wahrheitsgem\u00e4\u00dfe und vollst\u00e4ndige Angaben zu seiner Person zu machen und seine Daten stets auf dem neuesten Stand zu halten.<\/p>\n<p>3.3 Der Nutzer ist verpflichtet, sein Passwort geheim zu halten, es sicher aufzubewahren und es Dritten nicht zug\u00e4nglich zu machen. Wird das Passwort an Dritte weitergegeben, muss der Nutzer den Anbieter unverz\u00fcglich per E-Mail oder schriftlich informieren, damit das alte Passwort gesperrt und ein neues Passwort vergeben werden kann. Der Nutzer ist nicht berechtigt, sein Nutzerkonto Dritten zug\u00e4nglich zu machen. Der Nutzer erkennt an, dass er die volle Verantwortung f\u00fcr die Handlungen eines Dritten tr\u00e4gt, dem er sein Nutzerkonto zur Verf\u00fcgung stellt.   <\/p>\n<h3>4 Allgemeine Pflichten des Nutzers<\/h3>\n<p>4.1 Der Nutzer darf den Innovationsmarktplatz nur im Rahmen der vertraglich vereinbarten Zwecke nutzen. Jede dar\u00fcber hinausgehende Nutzung ist untersagt. Insbesondere sind die folgenden Handlungen untersagt:  <\/p>\n<ul>\n<li>systematisches Scraping von Kontaktinformationen anderer Nutzer zum Zwecke der Weitergabe an Dritte;<\/li>\n<li>andere Benutzer durch aggressive, obsz\u00f6ne, beleidigende, verleumderische oder aufdringliche Forenbeitr\u00e4ge oder Nachrichten unangemessen zu bel\u00e4stigen;<\/li>\n<li>die unzumutbare Bel\u00e4stigung anderer Nutzer durch das massenhafte Versenden von unerw\u00fcnschter Werbung;<\/li>\n<li>umfangreiche oder langfristige Nutzung des Innovationsmarktplatzes f\u00fcr die Ver\u00f6ffentlichung und Verbreitung von Inhalten, die nicht objektiv dem Zweck oder Themenbereich des Innovationsmarktplatzes oder seiner Blogs und Foren entsprechen und die die Attraktivit\u00e4t des Innovationsmarktplatzes f\u00fcr andere Nutzer beeintr\u00e4chtigen k\u00f6nnen;<\/li>\n<li>jede Aktion, die das System \u00fcberm\u00e4\u00dfig belastet oder unterbricht;<\/li>\n<li>die Verwendung von Identit\u00e4ten Dritter f\u00fcr die Registrierung, das Einstellen oder Versenden von Nachrichten.<\/li>\n<\/ul>\n<p>4.2 Jede der vorgenannten Pflichtverletzungen berechtigt den Anbieter, den Vertrag fristlos zu k\u00fcndigen und das Nutzerkonto zu sperren. Dar\u00fcber hinaus ist der Anbieter berechtigt, die Aktivierung eines neuen Kontos f\u00fcr diesen Nutzer f\u00fcr einen Zeitraum von einem Jahr ab dem Datum der K\u00fcndigung zu verweigern. <\/p>\n<p>4.3 Aussagen und Kommentare in Nachrichten, Foren- oder Blogeintr\u00e4gen m\u00fcssen einem h\u00f6flichen und respektvollen Umgang miteinander folgen. Kritik und Meinungs\u00e4u\u00dferungen sollten konstruktiv ge\u00e4u\u00dfert werden k\u00f6nnen und d\u00fcrfen. <\/p>\n<h3>5 Pflichten des Nutzers in Bezug auf die eingestellten Inhalte<\/h3>\n<p>5.1 Der Nutzer muss sicherstellen, dass er durch das Einstellen von Inhalten (Texte, Bilder, Fotos, Videos, Namen, Marken) usw.) keine Rechte Dritter verletzt (z.B. Verletzung von Urheberrechten, Verletzung von Pers\u00f6nlichkeitsrechten, Verletzung des Wettbewerbsrechts).<\/p>\n<p>5.2 Der Nutzer stellt den Anbieter von allen Anspr\u00fcchen Dritter frei, die diese gegen den Anbieter im Zusammenhang mit einer von ihm begangenen und von ihm zu vertretenden Rechtsverletzung geltend machen. In diesem Zusammenhang \u00fcbernimmt der Nutzer alle notwendigen Kosten der Rechtsverteidigung. <\/p>\n<p>5.3 Der Anbieter ist berechtigt, die vom Nutzer eingestellten Inhalte zu l\u00f6schen oder zu deaktivieren, wenn diese die Rechte Dritter verletzen oder wenn Dritte Anspr\u00fcche wegen einer Rechtsverletzung geltend machen, deren Begr\u00fcndetheit nicht offensichtlich auszuschlie\u00dfen ist.<\/p>\n<p>5.4 Erh\u00e4lt der Anbieter Kenntnis von einer m\u00f6glichen Rechtsverletzung durch den Inhalt des Nutzers, wird er den Nutzer unverz\u00fcglich in Textform darauf hinweisen.<\/p>\n<h3>6 Beendigung und L\u00f6schung des Benutzerkontos<\/h3>\n<p>6.1 Der Nutzer ist berechtigt, den Nutzungsvertrag mit dem Anbieter jederzeit ohne Angabe von Gr\u00fcnden und ohne Einhaltung einer Frist zu k\u00fcndigen. Die K\u00fcndigung muss in Textform erfolgen oder kann konkludent durch Deaktivierung der Nutzerkonten erkl\u00e4rt werden. Im Falle einer K\u00fcndigung wird das Profil des Nutzers gel\u00f6scht, aber seine Beitr\u00e4ge und Inhalte, die er in Foren oder Blogs ver\u00f6ffentlicht hat, bleiben ohne einen Link zu seinem Profil erhalten.  <\/p>\n<p>6.2 Der Anbieter ist berechtigt, den Nutzungsvertrag mit einer Frist von einem Monat zum Ende des Vormonats zu k\u00fcndigen.<\/p>\n<p>6.3 Neben der K\u00fcndigung ist der Anbieter berechtigt, den Nutzungsvertrag bei Vorliegen eines wichtigen Grundes fristlos zu k\u00fcndigen. Ein wichtiger Grund liegt insbesondere vor, wenn der Nutzer <\/p>\n<ul>\n<li>beharrlich und schwerwiegend gegen seine vertraglichen Verpflichtungen verst\u00f6\u00dft (vgl. \u00a74)<\/li>\n<li>bei der Nutzung von Innovation Marketplace schuldhaft und schwerwiegend gegen gesetzliche Vorschriften verst\u00f6\u00dft.<\/li>\n<\/ul>\n<p>In diesen F\u00e4llen ist der Anbieter auch berechtigt, das Nutzerkonto zu l\u00f6schen und die Einrichtung eines neuen Kontos f\u00fcr diesen Nutzer f\u00fcr einen Zeitraum von einem Jahr nach Erhalt der K\u00fcndigung zu verweigern.<\/p>\n<p>6.4 Der Anbieter macht von seinem Recht auf ordentliche K\u00fcndigung und L\u00f6schung des Nutzerkontos Gebrauch, wenn der Nutzer sich mindestens ein Jahr lang nicht eingeloggt hat und auf eine Erinnerungsnachricht nicht reagiert hat.<\/p>\n<h3>7 Haftung<\/h3>\n<p>7.1 Der Anbieter haftet in F\u00e4llen des Vorsatzes oder der groben Fahrl\u00e4ssigkeit nach Ma\u00dfgabe der gesetzlichen Bestimmungen. Die Haftung f\u00fcr Garantien ist verschuldensunabh\u00e4ngig. F\u00fcr leichte Fahrl\u00e4ssigkeit haftet der Anbieter ausschlie\u00dflich nach den Vorschriften des Produkthaftungsgesetzes, wegen der Verletzung des Lebens, des K\u00f6rpers oder der Gesundheit oder wegen der Verletzung wesentlicher Vertragspflichten. Der Schadensersatzanspruch f\u00fcr die leicht fahrl\u00e4ssige Verletzung wesentlicher Vertragspflichten ist jedoch auf den vertragstypischen, vorhersehbaren Schaden begrenzt, soweit nicht wegen der Verletzung des Lebens, des K\u00f6rpers oder der Gesundheit gehaftet wird. Der Anbieter haftet in gleichem Umfang f\u00fcr das Verschulden von Erf\u00fcllungsgehilfen und Vertretern.    <\/p>\n<p>7.2 Die Regelung des vorstehenden \u00a7 7.1 erstreckt sich auf Schadensersatz neben der Leistung, Schadensersatz statt der Leistung und den Anspruch auf Ersatz vergeblicher Aufwendungen, gleich aus welchem Rechtsgrund, einschlie\u00dflich der Haftung f\u00fcr M\u00e4ngel, Verzug oder Unm\u00f6glichkeit.<\/p>\n<h3>8 Verwendung und Verarbeitung der hochgeladenen Daten<\/h3>\n<p>8.1 KETMarket ist berechtigt, von Nutzern hochgeladene Inhalte zu Werbezwecken sowohl f\u00fcr den Innovationsmarktplatz als auch f\u00fcr die eingestellten Angebote des Nutzers selbst zu nutzen und an Dritte weiterzugeben. Zu den Dritten geh\u00f6ren insbesondere potentielle Interessenten, Dienstleister f\u00fcr Online-Werbung, wie z.B. LinkedIn oder Google. <\/p>\n<p>8.2. KETMarket is entitled to process uploaded content and messages and information sent via the innovation marketplace and to use them anonymously for statistical purposes. <\/p>\n<p>8.3 Die auf dem Innovationsmarktplatz bereitgestellten Inhalte geben nicht die Meinung des Anbieters wieder. Der Anbieter haftet nicht f\u00fcr die Richtigkeit, den Wahrheitsgehalt oder die Vollst\u00e4ndigkeit der in den Nutzerinhalten enthaltenen Informationen. <\/p>\n<p>8.3 KETMarket ist berechtigt, die vom Nutzer hochgeladenen Inhalte zu \u00fcbersetzen und lokalisiert in der Landessprache der L\u00e4nder des Europ\u00e4ischen Wirtschaftsraums zu ver\u00f6ffentlichen. Beim Hochladen von Inhalten (z.B. einer Anzeige) kann der Nutzer w\u00e4hlen, ob der Inhalt nur in Englisch oder lokalisiert in allen Sprachen bereitgestellt werden soll. Ein Rechtsanspruch auf \u00dcbersetzung und Bereitstellung in einer bestimmten Sprache besteht nicht.  <\/p>\n<p>8.4 KETMarket ist berechtigt, die vom Nutzer und (anderen) Mitgliedern bereitgestellten Informationen und Daten zu nutzen, um Empfehlungen zu Kontakten, Angeboten, Inhalten und Funktionen zu geben, die f\u00fcr den Nutzer n\u00fctzlich sein k\u00f6nnen. Zum Beispiel verwenden wir Daten und Informationen \u00fcber Sie und Ihre Angebote, um Ihnen erg\u00e4nzende Technologieangebote oder geeignete Ausschreibungen vorzuschlagen. Mit einem aktuellen und korrekten Profil unterst\u00fctzen Sie uns dabei, diese Empfehlungen relevant und genau zu gestalten.  <\/p>\n<p>8.5 Der Nutzer erkennt an und erkl\u00e4rt sich damit einverstanden, dass der Anbieter personenbezogene Daten gem\u00e4\u00df der <a href=\"https:\/\/ketmarket.eu\/data-security\/\">hier<\/a> beschriebenen Datenschutzrichtlinie verarbeitet.<\/p>\n<h3>9 Schlussbestimmungen<\/h3>\n<p>9.1 Es gilt ausschlie\u00dflich das Recht der Bundesrepublik Deutschland unter Ausschluss des internationalen Privatrechts und des UN-Kaufrechts. Dies gilt nicht f\u00fcr Anspr\u00fcche aus dem Bereich des gewerblichen Rechtsschutzes und des Urheberrechts. <\/p>\n<p>9.2 F\u00fcr die Bestimmung des Gerichtsstandes gilt Folgendes:<\/p>\n<p>  Hat der Nutzer keinen allgemeinen Gerichtsstand in der Bundesrepublik Deutschland oder handelt es sich bei dem Nutzer um einen Kaufmann, eine juristische Person des \u00f6ffentlichen Rechts oder ein \u00f6ffentlich-rechtliches Sonderverm\u00f6gen, ist der Gerichtsstand der Sitz des Anbieters. Der Anbieter kann den Nutzer auch an seinem allgemeinen Gerichtsstand verklagen. <\/p><\/p>\n\t\t\t\t\t\t\t\t<\/div>\n\t\t\t\t<\/div>\n\t\t\t\t\t<\/div>\n\t\t<\/div>\n\t\t\t\t\t<\/div>\n\t\t<\/section>\n\t\t\t\t<\/div>\n\t\t","protected":false},"excerpt":{"rendered":"<p>Datum des Inkrafttretens: 01.07.2023Version: 2023-07-01-0.9 Nutzungsbedingungen f\u00fcr den KETMarket, den digitalen Marktplatz f\u00fcr Innovationen, Technologien und Forschungs- und Entwicklungsdienstleistungen (im Folgenden &#8222;Innovationsmarktplatz&#8220; genannt) 1 Vertragsverh\u00e4ltnis, \u00c4nderungen der Nutzungsbedingungen 1.1 Die [&hellip;]<\/p>\n","protected":false},"author":324,"featured_media":0,"parent":0,"menu_order":0,"comment_status":"closed","ping_status":"closed","template":"","meta":{"_price":"","_stock":"","_tribe_ticket_header":"","_tribe_default_ticket_provider":"","_tribe_ticket_capacity":"0","_ticket_start_date":"","_ticket_end_date":"","_tribe_ticket_show_description":"","_tribe_ticket_show_not_going":false,"_tribe_ticket_use_global_stock":"","_tribe_ticket_global_stock_level":"","_global_stock_mode":"","_global_stock_cap":"","_tribe_rsvp_for_event":"","_tribe_ticket_going_count":"","_tribe_ticket_not_going_count":"","_tribe_tickets_list":"[]","_tribe_ticket_has_attendee_info_fields":false,"ocean_post_layout":"","ocean_both_sidebars_style":"","ocean_both_sidebars_content_width":0,"ocean_both_sidebars_sidebars_width":0,"ocean_sidebar":"","ocean_second_sidebar":"","ocean_disable_margins":"enable","ocean_add_body_class":"","ocean_shortcode_before_top_bar":"","ocean_shortcode_after_top_bar":"","ocean_shortcode_before_header":"","ocean_shortcode_after_header":"","ocean_has_shortcode":"","ocean_shortcode_after_title":"","ocean_shortcode_before_footer_widgets":"","ocean_shortcode_after_footer_widgets":"","ocean_shortcode_before_footer_bottom":"","ocean_shortcode_after_footer_bottom":"","ocean_display_top_bar":"default","ocean_display_header":"default","ocean_header_style":"","ocean_center_header_left_menu":"","ocean_custom_header_template":"","ocean_custom_logo":0,"ocean_custom_retina_logo":0,"ocean_custom_logo_max_width":0,"ocean_custom_logo_tablet_max_width":0,"ocean_custom_logo_mobile_max_width":0,"ocean_custom_logo_max_height":0,"ocean_custom_logo_tablet_max_height":0,"ocean_custom_logo_mobile_max_height":0,"ocean_header_custom_menu":"","ocean_menu_typo_font_family":"","ocean_menu_typo_font_subset":"","ocean_menu_typo_font_size":0,"ocean_menu_typo_font_size_tablet":0,"ocean_menu_typo_font_size_mobile":0,"ocean_menu_typo_font_size_unit":"px","ocean_menu_typo_font_weight":"","ocean_menu_typo_font_weight_tablet":"","ocean_menu_typo_font_weight_mobile":"","ocean_menu_typo_transform":"","ocean_menu_typo_transform_tablet":"","ocean_menu_typo_transform_mobile":"","ocean_menu_typo_line_height":0,"ocean_menu_typo_line_height_tablet":0,"ocean_menu_typo_line_height_mobile":0,"ocean_menu_typo_line_height_unit":"","ocean_menu_typo_spacing":0,"ocean_menu_typo_spacing_tablet":0,"ocean_menu_typo_spacing_mobile":0,"ocean_menu_typo_spacing_unit":"","ocean_menu_link_color":"","ocean_menu_link_color_hover":"","ocean_menu_link_color_active":"","ocean_menu_link_background":"","ocean_menu_link_hover_background":"","ocean_menu_link_active_background":"","ocean_menu_social_links_bg":"","ocean_menu_social_hover_links_bg":"","ocean_menu_social_links_color":"","ocean_menu_social_hover_links_color":"","ocean_disable_title":"default","ocean_disable_heading":"default","ocean_post_title":"","ocean_post_subheading":"","ocean_post_title_style":"","ocean_post_title_background_color":"","ocean_post_title_background":0,"ocean_post_title_bg_image_position":"","ocean_post_title_bg_image_attachment":"","ocean_post_title_bg_image_repeat":"","ocean_post_title_bg_image_size":"","ocean_post_title_height":0,"ocean_post_title_bg_overlay":0.5,"ocean_post_title_bg_overlay_color":"","ocean_disable_breadcrumbs":"default","ocean_breadcrumbs_color":"","ocean_breadcrumbs_separator_color":"","ocean_breadcrumbs_links_color":"","ocean_breadcrumbs_links_hover_color":"","ocean_display_footer_widgets":"default","ocean_display_footer_bottom":"default","ocean_custom_footer_template":"","footnotes":""},"class_list":["post-211488","page","type-page","status-publish","hentry","entry","owp-thumbs-layout-horizontal","owp-btn-normal","owp-tabs-layout-horizontal","has-no-thumbnails","has-product-nav"],"_links":{"self":[{"href":"https:\/\/ketmarket.eu\/de\/wp-json\/wp\/v2\/pages\/211488","targetHints":{"allow":["GET"]}}],"collection":[{"href":"https:\/\/ketmarket.eu\/de\/wp-json\/wp\/v2\/pages"}],"about":[{"href":"https:\/\/ketmarket.eu\/de\/wp-json\/wp\/v2\/types\/page"}],"author":[{"embeddable":true,"href":"https:\/\/ketmarket.eu\/de\/wp-json\/wp\/v2\/users\/324"}],"replies":[{"embeddable":true,"href":"https:\/\/ketmarket.eu\/de\/wp-json\/wp\/v2\/comments?post=211488"}],"version-history":[{"count":0,"href":"https:\/\/ketmarket.eu\/de\/wp-json\/wp\/v2\/pages\/211488\/revisions"}],"wp:attachment":[{"href":"https:\/\/ketmarket.eu\/de\/wp-json\/wp\/v2\/media?parent=211488"}],"curies":[{"name":"wp","href":"https:\/\/api.w.org\/{rel}","templated":true}]}}