{"id":211510,"date":"2021-11-11T15:28:34","date_gmt":"2021-11-11T14:28:34","guid":{"rendered":"https:\/\/ketmarket.eu\/datenschutzbestimmungen\/"},"modified":"2025-09-26T23:27:07","modified_gmt":"2025-09-26T21:27:07","slug":"datenschutzbestimmungen","status":"publish","type":"page","link":"https:\/\/ketmarket.eu\/de\/datenschutzbestimmungen\/","title":{"rendered":"Datenschutzbestimmungen"},"content":{"rendered":"\t\t<div data-elementor-type=\"wp-page\" data-elementor-id=\"211510\" class=\"elementor elementor-211510 elementor-195\" data-elementor-post-type=\"page\">\n\t\t\t\t\t\t<section class=\"elementor-section elementor-top-section elementor-element elementor-element-e2ca49f elementor-section-boxed elementor-section-height-default elementor-section-height-default\" data-id=\"e2ca49f\" data-element_type=\"section\" data-e-type=\"section\" data-settings=\"{&quot;background_background&quot;:&quot;classic&quot;}\">\n\t\t\t\t\t\t<div class=\"elementor-container elementor-column-gap-default\">\n\t\t\t\t\t<div class=\"elementor-column elementor-col-100 elementor-top-column elementor-element elementor-element-ece6043\" data-id=\"ece6043\" data-element_type=\"column\" data-e-type=\"column\">\n\t\t\t<div class=\"elementor-widget-wrap elementor-element-populated\">\n\t\t\t\t\t\t<div class=\"elementor-element elementor-element-05fb961 ket-sub-tile-headline elementor-widget elementor-widget-text-editor\" data-id=\"05fb961\" data-element_type=\"widget\" data-e-type=\"widget\" data-widget_type=\"text-editor.default\">\n\t\t\t\t<div class=\"elementor-widget-container\">\n\t\t\t\t\t\t\t\t\t<h1>Datenschutzbestimmungen<\/h1>\t\t\t\t\t\t\t\t<\/div>\n\t\t\t\t<\/div>\n\t\t\t\t\t<\/div>\n\t\t<\/div>\n\t\t\t\t\t<\/div>\n\t\t<\/section>\n\t\t\t\t<section class=\"elementor-section elementor-top-section elementor-element elementor-element-167bc3bd elementor-section-boxed elementor-section-height-default elementor-section-height-default\" data-id=\"167bc3bd\" data-element_type=\"section\" data-e-type=\"section\">\n\t\t\t\t\t\t<div class=\"elementor-container elementor-column-gap-default\">\n\t\t\t\t\t<div class=\"elementor-column elementor-col-100 elementor-top-column elementor-element elementor-element-24512a59\" data-id=\"24512a59\" data-element_type=\"column\" data-e-type=\"column\">\n\t\t\t<div class=\"elementor-widget-wrap elementor-element-populated\">\n\t\t\t\t\t\t<div class=\"elementor-element elementor-element-123bc975 elementor-widget elementor-widget-text-editor\" data-id=\"123bc975\" data-element_type=\"widget\" data-e-type=\"widget\" data-widget_type=\"text-editor.default\">\n\t\t\t\t<div class=\"elementor-widget-container\">\n\t\t\t\t\t\t\t\t\t<p>(1) Im Folgenden informieren wir Sie \u00fcber die Erhebung personenbezogener Daten bei der Nutzung unserer Website. Personenbezogene Daten sind alle Daten, die auf Ihre Identit\u00e4t hinweisen oder die mit Ihnen pers\u00f6nlich in Verbindung gebracht werden k\u00f6nnen, z.B. Name, Adresse, E-Mail-Adressen, Nutzerverhalten und IP-Adresse. <\/p><p>(2) Verantwortlicher gem\u00e4\u00df Artikel 4 (7) der EU-Datenschutz-Grundverordnung (DSGVO) ist die KETMarket GmbH, K\u00e4the-Kollwitz-Ufer 82, 01309 Dresden, E-Mail Adresse: kontakt[at]ketmarket.eu.<\/p><p>(3) Sie m\u00fcssen keine pers\u00f6nlichen Daten angeben, um unsere Website nutzen zu k\u00f6nnen. In bestimmten F\u00e4llen ben\u00f6tigen wir jedoch Ihren Namen und Ihre Adresse sowie weitere Informationen, damit wir die angeforderten Dienstleistungen erbringen k\u00f6nnen. <\/p><p>(4) Wenn Sie per E-Mail oder \u00fcber ein Kontaktformular Kontakt mit uns aufnehmen, werden die von Ihnen mitgeteilten Daten (Ihre E-Mail-Adresse, Ihr Name und ggf. Ihre Telefonnummer) von uns gespeichert, um Ihre Fragen zu beantworten. Wir l\u00f6schen die in diesem Zusammenhang anfallenden Daten, nachdem die Speicherung nicht mehr erforderlich ist oder schr\u00e4nken die Verarbeitung ein, wenn gesetzliche Aufbewahrungspflichten bestehen. <\/p><p>(5) Wenn Sie Informationen und Angebote an unsere Plattformdatenbank \u00fcbermitteln, werden diese Daten verwendet, um die \u00fcbermittelten Angebote f\u00fcr Interessenten \u00f6ffentlich anzuzeigen. Dazu geh\u00f6ren der \u00fcbermittelte Text zu den Angeboten, die \u00fcbermittelten Bilder und Videolinks sowie grundlegende Kontaktinformationen (E-Mail Adresse \u00fcber ein Kontaktformular). Bitte beachten Sie, dass alle an unsere Website \u00fcbermittelten Daten \u00f6ffentlich gemacht werden. Bitte geben Sie daher keine vertraulichen Informationen weiter.   <\/p><p>(6) Alle unsere Drittanbieter f\u00fcr bestimmte Funktionen der Website oder der Plattform sind mit den EU-Datenschutzbestimmungen konform. Wir haben jedoch jederzeit die Kontrolle \u00fcber die Verwendung Ihrer Daten und sind daf\u00fcr verantwortlich. Wir zeichnen \u00fcber unseren Dienstleister Informationen dar\u00fcber auf, wer Newsletter \u00f6ffnet und wer auf welche Beitr\u00e4ge klickt. Unser Anbieter greift nur dann auf diese Daten zu, wenn wir ihn um Hilfe bei einer technischen Anfrage bitten. Wir verwenden diese Informationen, um unsere Nachrichtenberichterstattung zu verbessern und zu fokussieren. Wir geben diese Informationen nur in zusammengefasster und damit anonymer Form an Dritte weiter.    <\/p><p>(7) Kinder und junge Menschen: Personen unter 18 Jahren sollten ohne die Zustimmung ihrer Eltern oder Erziehungsberechtigten keine personenbezogenen Daten an uns \u00fcbermitteln. Wir fordern keine personenbezogenen Daten von Kindern und Jugendlichen an, sammeln diese nicht und geben sie nicht an Dritte weiter. <\/p><p>(8) Die Nutzer k\u00f6nnen von ihrem Recht auf Zugang zu ihren personenbezogenen Daten Gebrauch machen und die Berichtigung unrichtiger Daten oder gegebenenfalls die L\u00f6schung verlangen, wenn die Daten f\u00fcr die Zwecke, f\u00fcr die sie erhoben wurden, nicht mehr erforderlich sind. Sie k\u00f6nnen auch die Einschr\u00e4nkung, die \u00dcbertragbarkeit und den Widerspruch gegen die Verarbeitung ihrer Daten unter bestimmten Umst\u00e4nden und aus Gr\u00fcnden, die mit ihrer besonderen Situation zusammenh\u00e4ngen, verlangen. Sie haben auch das Recht, ihre Einwilligung jederzeit zu widerrufen, ohne dass sich dies r\u00fcckwirkend auf die bis zu diesem Zeitpunkt durchgef\u00fchrte Verarbeitung personenbezogener Daten auswirkt. Die Nutzer k\u00f6nnen ihre vorgenannten Rechte gem\u00e4\u00df den Bedingungen des geltenden Rechts aus\u00fcben, indem sie eine Anfrage per E-Mail an kontakt[at]ketmarket.eu stellen.   <\/p><p>g\u00fcltig ab 01\/01\/2022<\/p>\t\t\t\t\t\t\t\t<\/div>\n\t\t\t\t<\/div>\n\t\t\t\t<div class=\"elementor-element elementor-element-8992034 elementor-widget elementor-widget-html\" data-id=\"8992034\" data-element_type=\"widget\" data-e-type=\"widget\" data-widget_type=\"html.default\">\n\t\t\t\t<div class=\"elementor-widget-container\">\n\t\t\t\t\t<div id=\"matomo-opt-out\"><\/div>\n<script src=\"https:\/\/analytics.ketmarket.eu\/index.php?module=CoreAdminHome&amp;action=optOutJS&amp;divId=matomo-opt-out&amp;language=en&amp;showIntro=1\"><\/script>\n      \t\t\t\t<\/div>\n\t\t\t\t<\/div>\n\t\t\t\t\t<\/div>\n\t\t<\/div>\n\t\t\t\t\t<\/div>\n\t\t<\/section>\n\t\t\t\t<section class=\"elementor-section elementor-top-section elementor-element elementor-element-4825c7b elementor-section-boxed elementor-section-height-default elementor-section-height-default\" data-id=\"4825c7b\" data-element_type=\"section\" data-e-type=\"section\">\n\t\t\t\t\t\t<div class=\"elementor-container elementor-column-gap-default\">\n\t\t\t\t\t<div class=\"elementor-column elementor-col-100 elementor-top-column elementor-element elementor-element-0127293\" data-id=\"0127293\" data-element_type=\"column\" data-e-type=\"column\">\n\t\t\t<div class=\"elementor-widget-wrap elementor-element-populated\">\n\t\t\t\t\t\t<div class=\"elementor-element elementor-element-8c49038 elementor-widget elementor-widget-spacer\" data-id=\"8c49038\" data-element_type=\"widget\" data-e-type=\"widget\" data-widget_type=\"spacer.default\">\n\t\t\t\t<div class=\"elementor-widget-container\">\n\t\t\t\t\t\t\t<div class=\"elementor-spacer\">\n\t\t\t<div class=\"elementor-spacer-inner\"><\/div>\n\t\t<\/div>\n\t\t\t\t\t\t<\/div>\n\t\t\t\t<\/div>\n\t\t\t\t\t<\/div>\n\t\t<\/div>\n\t\t\t\t\t<\/div>\n\t\t<\/section>\n\t\t\t\t<\/div>\n\t\t","protected":false},"excerpt":{"rendered":"<p>Datenschutzbestimmungen (1) Im Folgenden informieren wir Sie \u00fcber die Erhebung personenbezogener Daten bei der Nutzung unserer Website. Personenbezogene Daten sind alle Daten, die auf Ihre Identit\u00e4t hinweisen oder die mit [&hellip;]<\/p>\n","protected":false},"author":324,"featured_media":0,"parent":0,"menu_order":0,"comment_status":"closed","ping_status":"closed","template":"elementor_header_footer","meta":{"_price":"","_stock":"","_tribe_ticket_header":"","_tribe_default_ticket_provider":"","_tribe_ticket_capacity":"0","_ticket_start_date":"","_ticket_end_date":"","_tribe_ticket_show_description":"","_tribe_ticket_show_not_going":false,"_tribe_ticket_use_global_stock":"","_tribe_ticket_global_stock_level":"","_global_stock_mode":"","_global_stock_cap":"","_tribe_rsvp_for_event":"","_tribe_ticket_going_count":"","_tribe_ticket_not_going_count":"","_tribe_tickets_list":"[]","_tribe_ticket_has_attendee_info_fields":false,"ocean_post_layout":"","ocean_both_sidebars_style":"","ocean_both_sidebars_content_width":0,"ocean_both_sidebars_sidebars_width":0,"ocean_sidebar":"0","ocean_second_sidebar":"0","ocean_disable_margins":"enable","ocean_add_body_class":"","ocean_shortcode_before_top_bar":"","ocean_shortcode_after_top_bar":"","ocean_shortcode_before_header":"","ocean_shortcode_after_header":"","ocean_has_shortcode":"","ocean_shortcode_after_title":"","ocean_shortcode_before_footer_widgets":"","ocean_shortcode_after_footer_widgets":"","ocean_shortcode_before_footer_bottom":"","ocean_shortcode_after_footer_bottom":"","ocean_display_top_bar":"default","ocean_display_header":"default","ocean_header_style":"","ocean_center_header_left_menu":"0","ocean_custom_header_template":"0","ocean_custom_logo":0,"ocean_custom_retina_logo":0,"ocean_custom_logo_max_width":0,"ocean_custom_logo_tablet_max_width":0,"ocean_custom_logo_mobile_max_width":0,"ocean_custom_logo_max_height":0,"ocean_custom_logo_tablet_max_height":0,"ocean_custom_logo_mobile_max_height":0,"ocean_header_custom_menu":"0","ocean_menu_typo_font_family":"0","ocean_menu_typo_font_subset":"","ocean_menu_typo_font_size":0,"ocean_menu_typo_font_size_tablet":0,"ocean_menu_typo_font_size_mobile":0,"ocean_menu_typo_font_size_unit":"px","ocean_menu_typo_font_weight":"","ocean_menu_typo_font_weight_tablet":"","ocean_menu_typo_font_weight_mobile":"","ocean_menu_typo_transform":"","ocean_menu_typo_transform_tablet":"","ocean_menu_typo_transform_mobile":"","ocean_menu_typo_line_height":0,"ocean_menu_typo_line_height_tablet":0,"ocean_menu_typo_line_height_mobile":0,"ocean_menu_typo_line_height_unit":"","ocean_menu_typo_spacing":0,"ocean_menu_typo_spacing_tablet":0,"ocean_menu_typo_spacing_mobile":0,"ocean_menu_typo_spacing_unit":"","ocean_menu_link_color":"","ocean_menu_link_color_hover":"","ocean_menu_link_color_active":"","ocean_menu_link_background":"","ocean_menu_link_hover_background":"","ocean_menu_link_active_background":"","ocean_menu_social_links_bg":"","ocean_menu_social_hover_links_bg":"","ocean_menu_social_links_color":"","ocean_menu_social_hover_links_color":"","ocean_disable_title":"default","ocean_disable_heading":"default","ocean_post_title":"","ocean_post_subheading":"","ocean_post_title_style":"","ocean_post_title_background_color":"","ocean_post_title_background":0,"ocean_post_title_bg_image_position":"","ocean_post_title_bg_image_attachment":"","ocean_post_title_bg_image_repeat":"","ocean_post_title_bg_image_size":"","ocean_post_title_height":0,"ocean_post_title_bg_overlay":0.5,"ocean_post_title_bg_overlay_color":"","ocean_disable_breadcrumbs":"default","ocean_breadcrumbs_color":"","ocean_breadcrumbs_separator_color":"","ocean_breadcrumbs_links_color":"","ocean_breadcrumbs_links_hover_color":"","ocean_display_footer_widgets":"default","ocean_display_footer_bottom":"default","ocean_custom_footer_template":"0","footnotes":""},"class_list":["post-211510","page","type-page","status-publish","hentry","entry","owp-thumbs-layout-horizontal","owp-btn-normal","owp-tabs-layout-horizontal","has-no-thumbnails","has-product-nav"],"_links":{"self":[{"href":"https:\/\/ketmarket.eu\/de\/wp-json\/wp\/v2\/pages\/211510","targetHints":{"allow":["GET"]}}],"collection":[{"href":"https:\/\/ketmarket.eu\/de\/wp-json\/wp\/v2\/pages"}],"about":[{"href":"https:\/\/ketmarket.eu\/de\/wp-json\/wp\/v2\/types\/page"}],"author":[{"embeddable":true,"href":"https:\/\/ketmarket.eu\/de\/wp-json\/wp\/v2\/users\/324"}],"replies":[{"embeddable":true,"href":"https:\/\/ketmarket.eu\/de\/wp-json\/wp\/v2\/comments?post=211510"}],"version-history":[{"count":0,"href":"https:\/\/ketmarket.eu\/de\/wp-json\/wp\/v2\/pages\/211510\/revisions"}],"wp:attachment":[{"href":"https:\/\/ketmarket.eu\/de\/wp-json\/wp\/v2\/media?parent=211510"}],"curies":[{"name":"wp","href":"https:\/\/api.w.org\/{rel}","templated":true}]}}