{"id":240497,"date":"2025-06-30T12:33:07","date_gmt":"2025-06-30T10:33:07","guid":{"rendered":"https:\/\/ketmarket.eu\/tutorials\/"},"modified":"2025-07-16T13:06:25","modified_gmt":"2025-07-16T11:06:25","slug":"tutorials","status":"publish","type":"page","link":"https:\/\/ketmarket.eu\/de\/tutorials\/","title":{"rendered":"Tutorials"},"content":{"rendered":"\t\t<div data-elementor-type=\"wp-page\" data-elementor-id=\"240497\" class=\"elementor elementor-240497 elementor-240495\" data-elementor-post-type=\"page\">\n\t\t\t\t<div class=\"elementor-element elementor-element-0860c95 e-con-full e-flex e-con e-parent\" data-id=\"0860c95\" data-element_type=\"container\" data-e-type=\"container\" data-settings=\"{&quot;background_background&quot;:&quot;classic&quot;}\">\n\t\t<div class=\"elementor-element elementor-element-d97d837 ket-landing-main-tile e-con-full e-flex e-con e-child\" data-id=\"d97d837\" data-element_type=\"container\" data-e-type=\"container\" data-settings=\"{&quot;background_background&quot;:&quot;classic&quot;}\">\n\t\t<div class=\"elementor-element elementor-element-7b70855 e-con-full e-flex e-con e-child\" data-id=\"7b70855\" data-element_type=\"container\" data-e-type=\"container\">\n\t\t<div class=\"elementor-element elementor-element-404815c e-con-full e-flex e-con e-child\" data-id=\"404815c\" data-element_type=\"container\" data-e-type=\"container\">\n\t\t\t\t<div class=\"elementor-element elementor-element-f3876d9 ket-main-tile-headline elementor-widget elementor-widget-text-editor\" data-id=\"f3876d9\" data-element_type=\"widget\" data-e-type=\"widget\" data-widget_type=\"text-editor.default\">\n\t\t\t\t<div class=\"elementor-widget-container\">\n\t\t\t\t\t\t\t\t\t<h2>Tutorials<\/h2>\t\t\t\t\t\t\t\t<\/div>\n\t\t\t\t<\/div>\n\t\t\t\t<\/div>\n\t\t\t\t<\/div>\n\t\t\t\t<\/div>\n\t\t\t\t<\/div>\n\t\t<div class=\"elementor-element elementor-element-7b0e4b9 e-flex e-con-boxed e-con e-parent\" data-id=\"7b0e4b9\" data-element_type=\"container\" data-e-type=\"container\" data-settings=\"{&quot;background_background&quot;:&quot;classic&quot;}\">\n\t\t\t\t\t<div class=\"e-con-inner\">\n\t\t<div class=\"elementor-element elementor-element-9b7cb94 e-con-full e-flex e-con e-child\" data-id=\"9b7cb94\" data-element_type=\"container\" data-e-type=\"container\">\n\t\t<a class=\"elementor-element elementor-element-95e3f6e e-con-full e-flex e-con e-child\" data-id=\"95e3f6e\" data-element_type=\"container\" data-e-type=\"container\" data-settings=\"{&quot;background_background&quot;:&quot;classic&quot;}\" href=\"https:\/\/ketmarket.eu\/de\/\" target=\"_blank\">\n\t\t\t\t<\/a>\n\t\t<div class=\"elementor-element elementor-element-66b010d e-con-full e-flex e-con e-child\" data-id=\"66b010d\" data-element_type=\"container\" data-e-type=\"container\">\n\t\t<div class=\"elementor-element elementor-element-445f136 e-flex e-con-boxed e-con e-child\" data-id=\"445f136\" data-element_type=\"container\" data-e-type=\"container\">\n\t\t\t\t\t<div class=\"e-con-inner\">\n\t\t\t\t<div class=\"elementor-element elementor-element-1f11127 elementor-widget elementor-widget-heading\" data-id=\"1f11127\" data-element_type=\"widget\" data-e-type=\"widget\" data-widget_type=\"heading.default\">\n\t\t\t\t<div class=\"elementor-widget-container\">\n\t\t\t\t\t<h1 class=\"elementor-heading-title elementor-size-default\">Schnellstart-Anleitungen<\/h1>\t\t\t\t<\/div>\n\t\t\t\t<\/div>\n\t\t\t\t\t<\/div>\n\t\t\t\t<\/div>\n\t\t\t\t<\/div>\n\t\t\t\t<\/div>\n\t\t\t\t<div class=\"elementor-element elementor-element-a39b6ff elementor-widget-divider--view-line elementor-widget elementor-widget-divider\" data-id=\"a39b6ff\" data-element_type=\"widget\" data-e-type=\"widget\" data-widget_type=\"divider.default\">\n\t\t\t\t<div class=\"elementor-widget-container\">\n\t\t\t\t\t\t\t<div class=\"elementor-divider\">\n\t\t\t<span class=\"elementor-divider-separator\">\n\t\t\t\t\t\t<\/span>\n\t\t<\/div>\n\t\t\t\t\t\t<\/div>\n\t\t\t\t<\/div>\n\t\t\t\t\t<\/div>\n\t\t\t\t<\/div>\n\t\t<div class=\"elementor-element elementor-element-cb79f0a e-flex e-con-boxed e-con e-parent\" data-id=\"cb79f0a\" data-element_type=\"container\" data-e-type=\"container\">\n\t\t\t\t\t<div class=\"e-con-inner\">\n\t\t\t\t<div class=\"elementor-element elementor-element-25262e7 elementor-widget elementor-widget-text-editor\" data-id=\"25262e7\" data-element_type=\"widget\" data-e-type=\"widget\" data-widget_type=\"text-editor.default\">\n\t\t\t\t<div class=\"elementor-widget-container\">\n\t\t\t\t\t\t\t\t\t<h3 data-start=\"182\" data-end=\"230\">\ud83c\udf10 <strong data-start=\"189\" data-end=\"230\">Willkommen im KETMarket Tutorial Hub<\/strong><\/h3><p data-start=\"232\" data-end=\"342\">Egal, ob Sie gerade erst anfangen oder das Beste aus unserer Plattform herausholen m\u00f6chten, hier ist der richtige Ort f\u00fcr Sie. Hier finden Sie hilfreiche Videoanleitungen und Schritt-f\u00fcr-Schritt-Anweisungen, die alles von der Einreichung einer neuen Technologie bis zur Verwendung des Partner-Finders abdecken. Unser Ziel ist es, Ihnen die Navigation auf KETMarket zu erleichtern, damit Sie sich auf das konzentrieren k\u00f6nnen, was wirklich wichtig ist: Innovation, Zusammenarbeit und die Markteinf\u00fchrung Ihrer L\u00f6sungen.  <\/p>\t\t\t\t\t\t\t\t<\/div>\n\t\t\t\t<\/div>\n\t\t\t\t\t<\/div>\n\t\t\t\t<\/div>\n\t\t<div class=\"elementor-element elementor-element-e5c36e5 e-flex e-con-boxed e-con e-parent\" data-id=\"e5c36e5\" data-element_type=\"container\" data-e-type=\"container\" id=\"YourInnovation\" data-settings=\"{&quot;background_background&quot;:&quot;classic&quot;}\">\n\t\t\t\t\t<div class=\"e-con-inner\">\n\t\t<div class=\"elementor-element elementor-element-49cf28e e-con-full e-flex e-con e-child\" data-id=\"49cf28e\" data-element_type=\"container\" data-e-type=\"container\">\n\t\t\t\t<div class=\"elementor-element elementor-element-1b96d9d elementor-widget elementor-widget-heading\" data-id=\"1b96d9d\" data-element_type=\"widget\" data-e-type=\"widget\" data-widget_type=\"heading.default\">\n\t\t\t\t<div class=\"elementor-widget-container\">\n\t\t\t\t\t<h2 class=\"elementor-heading-title elementor-size-default\">Machen Sie Ihre Innovation auf KETMarket sichtbar<\/h2>\t\t\t\t<\/div>\n\t\t\t\t<\/div>\n\t\t\t\t<div class=\"elementor-element elementor-element-f3c6db0 elementor-widget__width-inherit elementor-widget-tablet__width-inherit elementor-widget-mobile__width-inherit elementor-widget elementor-widget-shortcode\" data-id=\"f3c6db0\" data-element_type=\"widget\" data-e-type=\"widget\" data-widget_type=\"shortcode.default\">\n\t\t\t\t<div class=\"elementor-widget-container\">\n\t\t\t\t\t\t\t<div class=\"elementor-shortcode\">    <button class=\"ketm-video-popup-trigger\"\r\n            data-video-url=\"https:\/\/www.youtube.com\/embed\/FPnhQ9qYFi8?si=d1LEUt2YrUe3hulH\"\r\n            style=\"background-image: url('https:\/\/img.youtube.com\/vi\/FPnhQ9qYFi8\/hqdefault.jpg');\">\r\n        <span class=\"play-icon\">\u25b6<\/span>\r\n    <\/button>\r\n\r\n    <div class=\"ketm-video-popup hidden\">\r\n        <div class=\"popup-content\">\r\n            <button class=\"close-btn\">\u2716<\/button>\r\n            <iframe width=\"560\" height=\"315\"\r\n                    src=\"\"\r\n                    frameborder=\"0\" allow=\"autoplay; encrypted-media\" allowfullscreen><\/iframe>\r\n        <\/div>\r\n    <\/div>\r\n    <\/div>\n\t\t\t\t\t\t<\/div>\n\t\t\t\t<\/div>\n\t\t\t\t<\/div>\n\t\t<div class=\"elementor-element elementor-element-b71ef23 e-con-full e-flex e-con e-child\" data-id=\"b71ef23\" data-element_type=\"container\" data-e-type=\"container\">\n\t\t\t\t<div class=\"elementor-element elementor-element-242da2e elementor-widget elementor-widget-text-editor\" data-id=\"242da2e\" data-element_type=\"widget\" data-e-type=\"widget\" data-widget_type=\"text-editor.default\">\n\t\t\t\t<div class=\"elementor-widget-container\">\n\t\t\t\t\t\t\t\t\t<p><span class=\"yt-core-attributed-string--link-inherit-color\" dir=\"auto\">Machen Sie Ihre Innovation sichtbar &#8211; mit KETMarket! Dieses Video zeigt Ihnen Schritt f\u00fcr Schritt, wie Sie Ihre Innovation auf KETMarket ver\u00f6ffentlichen und die richtigen Partner und Kunden erreichen. \u2705 Erfahren Sie, wie Sie: &#8211; ein neues Innovationsangebot auf dem Marktplatz erstellen &#8211; Pflichtfelder ausf\u00fcllen und Ihr Angebot klar beschreiben &#8211; relevante Kategorien, Nutzenversprechen und Anwendungsfelder ausw\u00e4hlen &#8211; wichtige Tags f\u00fcr eine bessere Auffindbarkeit hinzuf\u00fcgen &#8211; Fotos, Videos und unterst\u00fctzende Dokumente hochladen &#8211; Ihre Kontakt- und Standortdaten angeben, um regionale Partner zu gewinnen &#8211; Ihren Technology Readiness Level (TRL) angeben &#8211; Ihren Eintrag einreichen und ver\u00f6ffentlichen Ein detaillierter und vollst\u00e4ndiger Eintrag erh\u00f6ht Ihre Chancen, von Experten, Partnern und Geldgebern gefunden zu werden. \ud83d\udd17 Beginnen Sie jetzt &#8211; gehen Sie zu     <\/span><span class=\"yt-core-attributed-string--link-inherit-color\" dir=\"auto\">https:\/\/ketmarket.eu\/submit<\/span><span class=\"yt-core-attributed-string--link-inherit-color\" dir=\"auto\"> um Ihre Innovation zu ver\u00f6ffentlichen und von dem Netzwerk und der Reichweite von KETMarket zu profitieren!<\/span><\/p>\t\t\t\t\t\t\t\t<\/div>\n\t\t\t\t<\/div>\n\t\t\t\t<\/div>\n\t\t\t\t\t<\/div>\n\t\t\t\t<\/div>\n\t\t<div class=\"elementor-element elementor-element-bb95576 e-flex e-con-boxed e-con e-parent\" data-id=\"bb95576\" data-element_type=\"container\" data-e-type=\"container\">\n\t\t\t\t\t<div class=\"e-con-inner\">\n\t\t<div class=\"elementor-element elementor-element-91c39fd e-con-full e-flex e-con e-child\" data-id=\"91c39fd\" data-element_type=\"container\" data-e-type=\"container\">\n\t\t\t\t<div class=\"elementor-element elementor-element-015ca40 elementor-widget elementor-widget-heading\" data-id=\"015ca40\" data-element_type=\"widget\" data-e-type=\"widget\" data-widget_type=\"heading.default\">\n\t\t\t\t<div class=\"elementor-widget-container\">\n\t\t\t\t\t<h2 class=\"elementor-heading-title elementor-size-default\">So verwenden Sie die PartnerRequest-Funktion auf KETMarket<\/h2>\t\t\t\t<\/div>\n\t\t\t\t<\/div>\n\t\t\t\t<div class=\"elementor-element elementor-element-3d44f53 elementor-widget__width-inherit elementor-widget-tablet__width-inherit elementor-widget-mobile__width-inherit elementor-widget elementor-widget-shortcode\" data-id=\"3d44f53\" data-element_type=\"widget\" data-e-type=\"widget\" data-widget_type=\"shortcode.default\">\n\t\t\t\t<div class=\"elementor-widget-container\">\n\t\t\t\t\t\t\t<div class=\"elementor-shortcode\">    <button class=\"ketm-video-popup-trigger\"\r\n            data-video-url=\"https:\/\/www.youtube.com\/embed\/4jmA97YmGjY\"\r\n            style=\"background-image: url('https:\/\/img.youtube.com\/vi\/4jmA97YmGjY\/hqdefault.jpg');\">\r\n        <span class=\"play-icon\">\u25b6<\/span>\r\n    <\/button>\r\n\r\n    <div class=\"ketm-video-popup hidden\">\r\n        <div class=\"popup-content\">\r\n            <button class=\"close-btn\">\u2716<\/button>\r\n            <iframe width=\"560\" height=\"315\"\r\n                    src=\"\"\r\n                    frameborder=\"0\" allow=\"autoplay; encrypted-media\" allowfullscreen><\/iframe>\r\n        <\/div>\r\n    <\/div>\r\n    <\/div>\n\t\t\t\t\t\t<\/div>\n\t\t\t\t<\/div>\n\t\t\t\t<\/div>\n\t\t<div class=\"elementor-element elementor-element-234c4ee e-con-full e-flex e-con e-child\" data-id=\"234c4ee\" data-element_type=\"container\" data-e-type=\"container\">\n\t\t\t\t<div class=\"elementor-element elementor-element-f1026a2 elementor-widget elementor-widget-text-editor\" data-id=\"f1026a2\" data-element_type=\"widget\" data-e-type=\"widget\" data-widget_type=\"text-editor.default\">\n\t\t\t\t<div class=\"elementor-widget-container\">\n\t\t\t\t\t\t\t\t\t<p><span class=\"yt-core-attributed-string--link-inherit-color\" dir=\"auto\">  Sie m\u00f6chten F&amp;E-Mittel beantragen und suchen nach Projektpartnern? Durchsuchen Sie die Partneranfragen direkt unter jeder Finanzierungsaufforderung und finden Sie die Projektpartner, die Sie brauchen, um Ihre Idee in ein erfolgreiches Produkt zu verwandeln. Testen Sie es:    <\/span><span class=\"yt-core-attributed-string--link-inherit-color\" dir=\"auto\">https:\/\/ketmarket.eu\/funding<\/span><span class=\"yt-core-attributed-string--link-inherit-color\" dir=\"auto\">  Die Partneranfragen anderer passen nicht zu Ihren Bed\u00fcrfnissen? Kein Problem, als Premium-Mitglied k\u00f6nnen Sie Ihre eigene Anfrage einreichen und daf\u00fcr sorgen, dass andere Sie finden! Sehen Sie sich unsere Mitgliedschaftsmodelle an:    <\/span><span class=\"yt-core-attributed-string--link-inherit-color\" dir=\"auto\">https:\/\/ketmarket.eu\/pricing<\/span><span class=\"yt-core-attributed-string--link-inherit-color\" dir=\"auto\">. \ud83c\udf1f Machen Sie Ihr Projekt jetzt erfolgreich und werden Sie Mitglied der KETMarket Innovation Community unter  <\/span><span class=\"yt-core-attributed-string--link-inherit-color\" dir=\"auto\">https:\/\/ketmarket.eu\/register<\/span><\/p>\t\t\t\t\t\t\t\t<\/div>\n\t\t\t\t<\/div>\n\t\t\t\t<\/div>\n\t\t\t\t\t<\/div>\n\t\t\t\t<\/div>\n\t\t<div class=\"elementor-element elementor-element-3412eee e-flex e-con-boxed e-con e-parent\" data-id=\"3412eee\" data-element_type=\"container\" data-e-type=\"container\" data-settings=\"{&quot;background_background&quot;:&quot;classic&quot;}\">\n\t\t\t\t\t<div class=\"e-con-inner\">\n\t\t<div class=\"elementor-element elementor-element-ac6bed3 e-con-full e-flex e-con e-child\" data-id=\"ac6bed3\" data-element_type=\"container\" data-e-type=\"container\">\n\t\t\t\t<div class=\"elementor-element elementor-element-4b90ada elementor-widget elementor-widget-heading\" data-id=\"4b90ada\" data-element_type=\"widget\" data-e-type=\"widget\" data-widget_type=\"heading.default\">\n\t\t\t\t<div class=\"elementor-widget-container\">\n\t\t\t\t\t<h2 class=\"elementor-heading-title elementor-size-default\">Wie Sie KETMarket FundingFinder verwenden<\/h2>\t\t\t\t<\/div>\n\t\t\t\t<\/div>\n\t\t\t\t<div class=\"elementor-element elementor-element-7f53c73 elementor-widget__width-inherit elementor-widget-tablet__width-inherit elementor-widget-mobile__width-inherit elementor-widget elementor-widget-shortcode\" data-id=\"7f53c73\" data-element_type=\"widget\" data-e-type=\"widget\" data-widget_type=\"shortcode.default\">\n\t\t\t\t<div class=\"elementor-widget-container\">\n\t\t\t\t\t\t\t<div class=\"elementor-shortcode\">    <button class=\"ketm-video-popup-trigger\"\r\n            data-video-url=\"https:\/\/www.youtube.com\/embed\/ZIfXAZdAWFU?si=94O4rgTo5aMCz9_5\"\r\n            style=\"background-image: url('https:\/\/img.youtube.com\/vi\/ZIfXAZdAWFU\/hqdefault.jpg');\">\r\n        <span class=\"play-icon\">\u25b6<\/span>\r\n    <\/button>\r\n\r\n    <div class=\"ketm-video-popup hidden\">\r\n        <div class=\"popup-content\">\r\n            <button class=\"close-btn\">\u2716<\/button>\r\n            <iframe width=\"560\" height=\"315\"\r\n                    src=\"\"\r\n                    frameborder=\"0\" allow=\"autoplay; encrypted-media\" allowfullscreen><\/iframe>\r\n        <\/div>\r\n    <\/div>\r\n    <\/div>\n\t\t\t\t\t\t<\/div>\n\t\t\t\t<\/div>\n\t\t\t\t<\/div>\n\t\t<div class=\"elementor-element elementor-element-3dec241 e-con-full e-flex e-con e-child\" data-id=\"3dec241\" data-element_type=\"container\" data-e-type=\"container\">\n\t\t\t\t<div class=\"elementor-element elementor-element-11d4baa elementor-widget elementor-widget-text-editor\" data-id=\"11d4baa\" data-element_type=\"widget\" data-e-type=\"widget\" data-widget_type=\"text-editor.default\">\n\t\t\t\t<div class=\"elementor-widget-container\">\n\t\t\t\t\t\t\t\t\t<p><span class=\"yt-core-attributed-string--link-inherit-color\" dir=\"auto\">Nutzen Sie unseren FundingFinder und erschlie\u00dfen Sie sich die besten Finanzierungsm\u00f6glichkeiten mit Pr\u00e4zision: <\/span><span class=\"yt-core-attributed-string--link-inherit-color\" dir=\"auto\">https:\/\/ketmarket.eu\/FundingFinder<\/span><span class=\"yt-core-attributed-string--link-inherit-color\" dir=\"auto\">  Der KETMarket Funding Finder erm\u00f6glicht es Ihnen, die richtigen \u00f6ffentlichen Finanzierungsm\u00f6glichkeiten zu identifizieren &#8211; zugeschnitten auf Ihre Innovation, Ihre Entwicklungsziele und Ihr Unternehmensprofil. \ud83d\udd0d Haben Sie es satt, sich durch endlose Ausschreibungen zu w\u00fchlen? \ud83e\udde0 Brauchen Sie Hilfe, um Ihre Innovation klar und professionell zu beschreiben? \ud83d\udcc8 Sie m\u00f6chten Ihre Finanzierungsstrategie beschleunigen? \ud83d\udc49 Unser intelligentes Tool bringt Ihr Projekt auf der Grundlage Ihrer Angaben &#8211; einschlie\u00dflich Ihrer Rolle in der Wertsch\u00f6pfungskette, TRL und strategischer Ziele &#8211; mit relevanten Programmen zusammen. \ud83d\udc49 Der integrierte KI-Assistent hilft Ihnen, in Sekundenschnelle hochwertige Inhalte zu erstellen. \ud83d\udc49 Und das Video f\u00fchrt Sie Schritt f\u00fcr Schritt durch den Prozess. \ud83d\udca1 Sehen Sie, wie der Funding Finder Komplexit\u00e4t in Klarheit verwandelt &#8211; und Ihnen hilft, von der Idee zur Wirkung zu gelangen. Schneller.        <\/span><\/p>\t\t\t\t\t\t\t\t<\/div>\n\t\t\t\t<\/div>\n\t\t\t\t<\/div>\n\t\t\t\t\t<\/div>\n\t\t\t\t<\/div>\n\t\t<div class=\"elementor-element elementor-element-18811f8 e-flex e-con-boxed e-con e-parent\" data-id=\"18811f8\" data-element_type=\"container\" data-e-type=\"container\">\n\t\t\t\t\t<div class=\"e-con-inner\">\n\t\t<div class=\"elementor-element elementor-element-07170b2 e-con-full e-flex e-con e-child\" data-id=\"07170b2\" data-element_type=\"container\" data-e-type=\"container\">\n\t\t\t\t<div class=\"elementor-element elementor-element-5e61d48 elementor-widget elementor-widget-heading\" data-id=\"5e61d48\" data-element_type=\"widget\" data-e-type=\"widget\" data-widget_type=\"heading.default\">\n\t\t\t\t<div class=\"elementor-widget-container\">\n\t\t\t\t\t<h2 class=\"elementor-heading-title elementor-size-default\">Das KETMarket SmartMatch Tool - Finanzierungsaufrufe, Partner, Wissen schneller finden<\/h2>\t\t\t\t<\/div>\n\t\t\t\t<\/div>\n\t\t\t\t<div class=\"elementor-element elementor-element-dbd5910 elementor-widget__width-inherit elementor-widget-tablet__width-inherit elementor-widget-mobile__width-inherit elementor-widget elementor-widget-shortcode\" data-id=\"dbd5910\" data-element_type=\"widget\" data-e-type=\"widget\" data-widget_type=\"shortcode.default\">\n\t\t\t\t<div class=\"elementor-widget-container\">\n\t\t\t\t\t\t\t<div class=\"elementor-shortcode\">    <button class=\"ketm-video-popup-trigger\"\r\n            data-video-url=\"https:\/\/www.youtube.com\/embed\/iyI3TplbEog?si=o78SQR_fhCbzEVn2\"\r\n            style=\"background-image: url('https:\/\/img.youtube.com\/vi\/iyI3TplbEog\/hqdefault.jpg');\">\r\n        <span class=\"play-icon\">\u25b6<\/span>\r\n    <\/button>\r\n\r\n    <div class=\"ketm-video-popup hidden\">\r\n        <div class=\"popup-content\">\r\n            <button class=\"close-btn\">\u2716<\/button>\r\n            <iframe width=\"560\" height=\"315\"\r\n                    src=\"\"\r\n                    frameborder=\"0\" allow=\"autoplay; encrypted-media\" allowfullscreen><\/iframe>\r\n        <\/div>\r\n    <\/div>\r\n    <\/div>\n\t\t\t\t\t\t<\/div>\n\t\t\t\t<\/div>\n\t\t\t\t<\/div>\n\t\t<div class=\"elementor-element elementor-element-9e9f423 e-con-full e-flex e-con e-child\" data-id=\"9e9f423\" data-element_type=\"container\" data-e-type=\"container\">\n\t\t\t\t<div class=\"elementor-element elementor-element-2fd592d elementor-widget elementor-widget-text-editor\" data-id=\"2fd592d\" data-element_type=\"widget\" data-e-type=\"widget\" data-widget_type=\"text-editor.default\">\n\t\t\t\t<div class=\"elementor-widget-container\">\n\t\t\t\t\t\t\t\t\t<p><span class=\"yt-core-attributed-string--link-inherit-color\" dir=\"auto\">Finden Sie die richtigen Partner, Technologien und Finanzierungsprogramme &#8211; in Sekundenschnelle mit KETMarket SmartMatch! Dieses Video zeigt Ihnen, wie Sie die neue Funktion &#8222;Related Listings&#8220; (SmartMatch) von KETMarket nutzen, um schnell und pr\u00e4zise passende Finanzierungsm\u00f6glichkeiten, Technologieangebote und relevante Dokumente zu finden &#8211; ohne stundenlanges Suchen. \ud83d\udc68\u200d\ud83d\udd2c Ob Sie nun nach Projektpartnern, Finanzierungen oder innovativen Technologien suchen &#8211; unser KI-gest\u00fctztes Empfehlungstool f\u00fchrt Sie direkt zu dem, was wichtig ist. \u27a1\ufe0f In diesem Video erfahren Sie, wie Sie: &#8211; relevante Finanzierungsprogramme in Verbindung mit Technologieangeboten entdecken &#8211; passende Technologien f\u00fcr bestimmte Finanzierungsaufrufe finden &#8211; nach Kategorien suchen: Innovationsangebote, Finanzierung &amp; Finanzen, Wissensdatenbank &#8211; verbessern Sie Ihre Ergebnisse, indem Sie Ihre eigenen Eintr\u00e4ge detaillierter und pr\u00e4ziser gestalten \ud83d\udca1 Exklusiv f\u00fcr Premium-Mitglieder: Mit einer KETMarket Premium-Mitgliedschaft schalten Sie den Zugang zur SmartMatch-Funktion frei &#8211; inklusive einer kostenlosen 7-t\u00e4gigen Testphase mit j\u00e4hrlicher Abrechnung! \ud83d\udccc Probieren Sie es jetzt aus und machen Sie Ihre Suche nach Finanzierungen und Partnern schneller und intelligenter: \ud83d\udc49    <\/span><span class=\"yt-core-attributed-string--link-inherit-color\" dir=\"auto\">https:\/\/ketmarket.eu\/pricing<\/span><\/p>\t\t\t\t\t\t\t\t<\/div>\n\t\t\t\t<\/div>\n\t\t\t\t<\/div>\n\t\t\t\t\t<\/div>\n\t\t\t\t<\/div>\n\t\t<div class=\"elementor-element elementor-element-7ab4d7b e-flex e-con-boxed e-con e-parent\" data-id=\"7ab4d7b\" data-element_type=\"container\" data-e-type=\"container\">\n\t\t\t\t\t<div class=\"e-con-inner\">\n\t\t<div class=\"elementor-element elementor-element-819c21b e-con-full e-flex e-con e-child\" data-id=\"819c21b\" data-element_type=\"container\" data-e-type=\"container\">\n\t\t\t\t<\/div>\n\t\t\t\t\t<\/div>\n\t\t\t\t<\/div>\n\t\t\t\t<\/div>\n\t\t","protected":false},"excerpt":{"rendered":"<p>Tutorials Schnellstart-Anleitungen \ud83c\udf10 Willkommen im KETMarket Tutorial Hub Egal, ob Sie gerade erst anfangen oder das Beste aus unserer Plattform herausholen m\u00f6chten, hier ist der richtige Ort f\u00fcr Sie. Hier [&hellip;]<\/p>\n","protected":false},"author":20,"featured_media":0,"parent":0,"menu_order":0,"comment_status":"closed","ping_status":"closed","template":"","meta":{"_price":"","_stock":"","_tribe_ticket_header":"","_tribe_default_ticket_provider":"","_tribe_ticket_capacity":"0","_ticket_start_date":"","_ticket_end_date":"","_tribe_ticket_show_description":"","_tribe_ticket_show_not_going":false,"_tribe_ticket_use_global_stock":"","_tribe_ticket_global_stock_level":"","_global_stock_mode":"","_global_stock_cap":"","_tribe_rsvp_for_event":"","_tribe_ticket_going_count":"","_tribe_ticket_not_going_count":"","_tribe_tickets_list":"[]","_tribe_ticket_has_attendee_info_fields":false,"ocean_post_layout":"","ocean_both_sidebars_style":"","ocean_both_sidebars_content_width":0,"ocean_both_sidebars_sidebars_width":0,"ocean_sidebar":"","ocean_second_sidebar":"","ocean_disable_margins":"enable","ocean_add_body_class":"","ocean_shortcode_before_top_bar":"","ocean_shortcode_after_top_bar":"","ocean_shortcode_before_header":"","ocean_shortcode_after_header":"","ocean_has_shortcode":"","ocean_shortcode_after_title":"","ocean_shortcode_before_footer_widgets":"","ocean_shortcode_after_footer_widgets":"","ocean_shortcode_before_footer_bottom":"","ocean_shortcode_after_footer_bottom":"","ocean_display_top_bar":"default","ocean_display_header":"default","ocean_header_style":"","ocean_center_header_left_menu":"","ocean_custom_header_template":"","ocean_custom_logo":0,"ocean_custom_retina_logo":0,"ocean_custom_logo_max_width":0,"ocean_custom_logo_tablet_max_width":0,"ocean_custom_logo_mobile_max_width":0,"ocean_custom_logo_max_height":0,"ocean_custom_logo_tablet_max_height":0,"ocean_custom_logo_mobile_max_height":0,"ocean_header_custom_menu":"","ocean_menu_typo_font_family":"","ocean_menu_typo_font_subset":"","ocean_menu_typo_font_size":0,"ocean_menu_typo_font_size_tablet":0,"ocean_menu_typo_font_size_mobile":0,"ocean_menu_typo_font_size_unit":"px","ocean_menu_typo_font_weight":"","ocean_menu_typo_font_weight_tablet":"","ocean_menu_typo_font_weight_mobile":"","ocean_menu_typo_transform":"","ocean_menu_typo_transform_tablet":"","ocean_menu_typo_transform_mobile":"","ocean_menu_typo_line_height":0,"ocean_menu_typo_line_height_tablet":0,"ocean_menu_typo_line_height_mobile":0,"ocean_menu_typo_line_height_unit":"","ocean_menu_typo_spacing":0,"ocean_menu_typo_spacing_tablet":0,"ocean_menu_typo_spacing_mobile":0,"ocean_menu_typo_spacing_unit":"","ocean_menu_link_color":"","ocean_menu_link_color_hover":"","ocean_menu_link_color_active":"","ocean_menu_link_background":"","ocean_menu_link_hover_background":"","ocean_menu_link_active_background":"","ocean_menu_social_links_bg":"","ocean_menu_social_hover_links_bg":"","ocean_menu_social_links_color":"","ocean_menu_social_hover_links_color":"","ocean_disable_title":"default","ocean_disable_heading":"default","ocean_post_title":"","ocean_post_subheading":"","ocean_post_title_style":"","ocean_post_title_background_color":"","ocean_post_title_background":0,"ocean_post_title_bg_image_position":"","ocean_post_title_bg_image_attachment":"","ocean_post_title_bg_image_repeat":"","ocean_post_title_bg_image_size":"","ocean_post_title_height":0,"ocean_post_title_bg_overlay":0.5,"ocean_post_title_bg_overlay_color":"","ocean_disable_breadcrumbs":"default","ocean_breadcrumbs_color":"","ocean_breadcrumbs_separator_color":"","ocean_breadcrumbs_links_color":"","ocean_breadcrumbs_links_hover_color":"","ocean_display_footer_widgets":"default","ocean_display_footer_bottom":"default","ocean_custom_footer_template":"","footnotes":""},"class_list":["post-240497","page","type-page","status-publish","hentry","entry","owp-thumbs-layout-horizontal","owp-btn-normal","owp-tabs-layout-horizontal","has-no-thumbnails","has-product-nav"],"_links":{"self":[{"href":"https:\/\/ketmarket.eu\/de\/wp-json\/wp\/v2\/pages\/240497","targetHints":{"allow":["GET"]}}],"collection":[{"href":"https:\/\/ketmarket.eu\/de\/wp-json\/wp\/v2\/pages"}],"about":[{"href":"https:\/\/ketmarket.eu\/de\/wp-json\/wp\/v2\/types\/page"}],"author":[{"embeddable":true,"href":"https:\/\/ketmarket.eu\/de\/wp-json\/wp\/v2\/users\/20"}],"replies":[{"embeddable":true,"href":"https:\/\/ketmarket.eu\/de\/wp-json\/wp\/v2\/comments?post=240497"}],"version-history":[{"count":0,"href":"https:\/\/ketmarket.eu\/de\/wp-json\/wp\/v2\/pages\/240497\/revisions"}],"wp:attachment":[{"href":"https:\/\/ketmarket.eu\/de\/wp-json\/wp\/v2\/media?parent=240497"}],"curies":[{"name":"wp","href":"https:\/\/api.w.org\/{rel}","templated":true}]}}