{"id":211730,"date":"2021-11-11T17:23:07","date_gmt":"2021-11-11T16:23:07","guid":{"rendered":"https:\/\/ketmarket.eu\/product\/erste-bewertung-der-wirtschaftlichen-durchfuehrbarkeit\/"},"modified":"2021-11-11T17:23:07","modified_gmt":"2021-11-11T16:23:07","slug":"erste-bewertung-der-wirtschaftlichen-durchfuehrbarkeit","status":"publish","type":"product","link":"https:\/\/ketmarket.eu\/de\/product\/erste-bewertung-der-wirtschaftlichen-durchfuehrbarkeit\/","title":{"rendered":"Erste Bewertung der wirtschaftlichen Durchf\u00fchrbarkeit"},"content":{"rendered":"<p><strong>Wirtschaftliche Untersuchung des Verwertungspotenzials einer Idee und Produktabgrenzung<\/strong><\/p>\n<ul>\n<li>Marktanalyse zu bestehenden Produkten und Angeboten<\/li>\n<li>Ermittlung des Marktpreises auf der Grundlage von Wettbewerbern und konkurrierenden Produkten<\/li>\n<li>Zielgruppendefinition; Marktgr\u00f6\u00dfe inkl.. Forschung <\/li>\n<li>Marktpotenzialanalyse zur Ermittlung m\u00f6glicher Nachfrage und Anwendungsbereiche (Identifizierung weiterer Anwendungsbereiche f\u00fcr die Erfindung)<\/li>\n<li>Diskussion und Pr\u00e4sentation der Ergebnisse<\/li>\n<\/ul>\n<p>Beschreibung eines m\u00f6glichen Ausbeutungsszenarios<\/p>\n<ul>\n<li>Identifizierung potenzieller Verwertungsoptionen und Einnahmequellen<\/li>\n<li>Vergleich der m\u00f6glichen Szenarien im Hinblick auf Vor- und Nachteile<\/li>\n<\/ul>\n<p><strong>Ergebnisse:<\/strong><\/p>\n<p>Wir arbeiten mit Ihnen zusammen, um Ihr Produktangebot zu analysieren und die Anwendungsbereiche zu ermitteln. Auf der Grundlage dieser Merkmale analysieren wir die potenziellen Anwendungsbereiche im Hinblick auf die wichtigsten Gesch\u00e4ftszahlen und die Rentabilit\u00e4t. Sie erhalten von uns einen \u00dcberblick \u00fcber das Potenzial der m\u00f6glichen Anwendungsbereiche.    <\/p>\n<p><strong>Lieferfrist:<\/strong><\/p>\n<ul>\n<li>im gegenseitigen Einvernehmen<\/li>\n<\/ul>\n","protected":false},"excerpt":{"rendered":"<p>Wirtschaftliche Untersuchung des Verwertungspotenzials einer Idee und Produktabgrenzung Marktanalyse zu bestehenden Produkten und Angeboten Ermittlung des Marktpreises auf der Grundlage von Wettbewerbern und konkurrierenden Produkten Zielgruppendefinition; Marktgr\u00f6\u00dfe inkl.. Forschung Marktpotenzialanalyse [&hellip;]<\/p>\n","protected":false},"featured_media":0,"comment_status":"open","ping_status":"closed","template":"","meta":{"_price":"3600","_stock":"","_tribe_ticket_header":"","_tribe_default_ticket_provider":"","_tribe_ticket_capacity":"0","_ticket_start_date":"","_ticket_end_date":"","_tribe_ticket_show_description":"","_tribe_ticket_show_not_going":false,"_tribe_ticket_use_global_stock":"","_tribe_ticket_global_stock_level":"","_global_stock_mode":"","_global_stock_cap":"","_tribe_rsvp_for_event":"","_tribe_ticket_going_count":"","_tribe_ticket_not_going_count":"","_tribe_tickets_list":"[]","_tribe_ticket_has_attendee_info_fields":false,"ocean_post_layout":"","ocean_both_sidebars_style":"","ocean_both_sidebars_content_width":0,"ocean_both_sidebars_sidebars_width":0,"ocean_sidebar":"","ocean_second_sidebar":"","ocean_disable_margins":"enable","ocean_add_body_class":"","ocean_shortcode_before_top_bar":"","ocean_shortcode_after_top_bar":"","ocean_shortcode_before_header":"","ocean_shortcode_after_header":"","ocean_has_shortcode":"","ocean_shortcode_after_title":"","ocean_shortcode_before_footer_widgets":"","ocean_shortcode_after_footer_widgets":"","ocean_shortcode_before_footer_bottom":"","ocean_shortcode_after_footer_bottom":"","ocean_display_top_bar":"default","ocean_display_header":"default","ocean_header_style":"","ocean_center_header_left_menu":"","ocean_custom_header_template":"","ocean_custom_logo":0,"ocean_custom_retina_logo":0,"ocean_custom_logo_max_width":0,"ocean_custom_logo_tablet_max_width":0,"ocean_custom_logo_mobile_max_width":0,"ocean_custom_logo_max_height":0,"ocean_custom_logo_tablet_max_height":0,"ocean_custom_logo_mobile_max_height":0,"ocean_header_custom_menu":"","ocean_menu_typo_font_family":"","ocean_menu_typo_font_subset":"","ocean_menu_typo_font_size":0,"ocean_menu_typo_font_size_tablet":0,"ocean_menu_typo_font_size_mobile":0,"ocean_menu_typo_font_size_unit":"px","ocean_menu_typo_font_weight":"","ocean_menu_typo_font_weight_tablet":"","ocean_menu_typo_font_weight_mobile":"","ocean_menu_typo_transform":"","ocean_menu_typo_transform_tablet":"","ocean_menu_typo_transform_mobile":"","ocean_menu_typo_line_height":0,"ocean_menu_typo_line_height_tablet":0,"ocean_menu_typo_line_height_mobile":0,"ocean_menu_typo_line_height_unit":"","ocean_menu_typo_spacing":0,"ocean_menu_typo_spacing_tablet":0,"ocean_menu_typo_spacing_mobile":0,"ocean_menu_typo_spacing_unit":"","ocean_menu_link_color":"","ocean_menu_link_color_hover":"","ocean_menu_link_color_active":"","ocean_menu_link_background":"","ocean_menu_link_hover_background":"","ocean_menu_link_active_background":"","ocean_menu_social_links_bg":"","ocean_menu_social_hover_links_bg":"","ocean_menu_social_links_color":"","ocean_menu_social_hover_links_color":"","ocean_disable_title":"default","ocean_disable_heading":"default","ocean_post_title":"","ocean_post_subheading":"","ocean_post_title_style":"","ocean_post_title_background_color":"","ocean_post_title_background":0,"ocean_post_title_bg_image_position":"","ocean_post_title_bg_image_attachment":"","ocean_post_title_bg_image_repeat":"","ocean_post_title_bg_image_size":"","ocean_post_title_height":0,"ocean_post_title_bg_overlay":0.5,"ocean_post_title_bg_overlay_color":"","ocean_disable_breadcrumbs":"default","ocean_breadcrumbs_color":"","ocean_breadcrumbs_separator_color":"","ocean_breadcrumbs_links_color":"","ocean_breadcrumbs_links_hover_color":"","ocean_display_footer_widgets":"default","ocean_display_footer_bottom":"default","ocean_custom_footer_template":"","_tec_slr_enabled":"","_tec_slr_layout":""},"product_brand":[],"product_cat":[15467],"product_tag":[15469,15470,15471],"class_list":{"0":"post-211730","1":"product","2":"type-product","3":"status-publish","5":"product_cat-durchfuhrbarkeitsstudien-de","6":"product_tag-durchfuhrbarkeit-de","7":"product_tag-idee-de","8":"product_tag-patent-de-2","10":"entry","12":"first","13":"instock","14":"taxable","15":"shipping-taxable","16":"purchasable","17":"product-type-simple","18":"has-product-nav","19":"col","20":"span_1_of_3","21":"owp-content-center","22":"owp-thumbs-layout-horizontal","23":"owp-btn-normal","24":"owp-tabs-layout-horizontal","25":"has-no-thumbnails"},"_links":{"self":[{"href":"https:\/\/ketmarket.eu\/de\/wp-json\/wp\/v2\/product\/211730","targetHints":{"allow":["GET"]}}],"collection":[{"href":"https:\/\/ketmarket.eu\/de\/wp-json\/wp\/v2\/product"}],"about":[{"href":"https:\/\/ketmarket.eu\/de\/wp-json\/wp\/v2\/types\/product"}],"replies":[{"embeddable":true,"href":"https:\/\/ketmarket.eu\/de\/wp-json\/wp\/v2\/comments?post=211730"}],"wp:attachment":[{"href":"https:\/\/ketmarket.eu\/de\/wp-json\/wp\/v2\/media?parent=211730"}],"wp:term":[{"taxonomy":"product_brand","embeddable":true,"href":"https:\/\/ketmarket.eu\/de\/wp-json\/wp\/v2\/product_brand?post=211730"},{"taxonomy":"product_cat","embeddable":true,"href":"https:\/\/ketmarket.eu\/de\/wp-json\/wp\/v2\/product_cat?post=211730"},{"taxonomy":"product_tag","embeddable":true,"href":"https:\/\/ketmarket.eu\/de\/wp-json\/wp\/v2\/product_tag?post=211730"}],"curies":[{"name":"wp","href":"https:\/\/api.w.org\/{rel}","templated":true}]}}