{"id":211739,"date":"2024-03-20T16:10:24","date_gmt":"2024-03-20T15:10:24","guid":{"rendered":"https:\/\/ketmarket.eu\/product\/vepioneer-hyperspektrales-bildverarbeitungssystem\/"},"modified":"2024-03-20T16:10:24","modified_gmt":"2024-03-20T15:10:24","slug":"vepioneer-hyperspektrales-bildverarbeitungssystem","status":"publish","type":"product","link":"https:\/\/ketmarket.eu\/de\/product\/vepioneer-hyperspektrales-bildverarbeitungssystem\/","title":{"rendered":"VEpioneer &#8211; Hyperspektrales Bildverarbeitungssystem"},"content":{"rendered":"<h3>Das Unsichtbare begreifen<\/h3>\n<p>DIVE bietet L\u00f6sungen und Dienstleistungen f\u00fcr hyperspektrales Sehen (HSV) im industriellen Einsatz. Angetrieben von unserer eigenen VEsolve Software und VEpioneer Hardware-L\u00f6sungen verf\u00fcgen wir \u00fcber mehr als 10 Jahre Erfahrung mit hyperspektraler Instrumentierung, Messungen und Datenauswertung. Wir sind Spezialisten f\u00fcr Inline-, Offline- und Atline-HSV mit einer einzigartigen Instrumentierung f\u00fcr Oberfl\u00e4chen, Beschichtungen, d\u00fcnne Filme\/Schichten und Industrieg\u00fcter. Vom Mikro(-meter)-Ma\u00dfstab bis zum makroskopischen Ma\u00dfstab kann die HSV i.     <\/p>\n<p>  e. Defekte, Sauberkeit, D\u00fcnnfilm\/Schichtdicke, D\u00fcnnfilmbest\u00e4ndigkeit, Prozesseigenschaften sowie allgemeine Kriterien wie Barrierewirkung, Haftung und vieles mehr. M\u00f6gliche Probenmaterialien sind Folien und Bahnen, Glas, Metalle, Kunststoffe usw. Dank der Erkennung in mehr als tausend Wellenl\u00e4ngen und unserer VEsolve Software k\u00f6nnen wir das Unsichtbare erfassen. <\/p>\n","protected":false},"excerpt":{"rendered":"<p>VEpioneer &#8211; einfachste Charakterisierung von Hochleistungsoberfl\u00e4chen und d\u00fcnnen Schichten Charakterisierung von Oberfl\u00e4chen und\/oder Beschichtungen (reflektierend, antireflektierend, optische Filter), Permeationsbarrieren, Metallschichten, hydrophobe oder hydrophile Beschichtungen, antibakterielle Beschichtungen auf zahlreichen Materialien.<\/p>\n","protected":false},"featured_media":209389,"comment_status":"open","ping_status":"closed","template":"","meta":{"_price":"97000","_stock":"0.000000","_tribe_ticket_header":"","_tribe_default_ticket_provider":"","_tribe_ticket_capacity":"0","_ticket_start_date":"","_ticket_end_date":"","_tribe_ticket_show_description":"","_tribe_ticket_show_not_going":false,"_tribe_ticket_use_global_stock":"","_tribe_ticket_global_stock_level":"","_global_stock_mode":"","_global_stock_cap":"","_tribe_rsvp_for_event":"","_tribe_ticket_going_count":"","_tribe_ticket_not_going_count":"","_tribe_tickets_list":"[]","_tribe_ticket_has_attendee_info_fields":false,"ocean_post_layout":"","ocean_both_sidebars_style":"","ocean_both_sidebars_content_width":0,"ocean_both_sidebars_sidebars_width":0,"ocean_sidebar":"0","ocean_second_sidebar":"0","ocean_disable_margins":"enable","ocean_add_body_class":"","ocean_shortcode_before_top_bar":"","ocean_shortcode_after_top_bar":"","ocean_shortcode_before_header":"","ocean_shortcode_after_header":"","ocean_has_shortcode":"","ocean_shortcode_after_title":"","ocean_shortcode_before_footer_widgets":"","ocean_shortcode_after_footer_widgets":"","ocean_shortcode_before_footer_bottom":"","ocean_shortcode_after_footer_bottom":"","ocean_display_top_bar":"default","ocean_display_header":"default","ocean_header_style":"","ocean_center_header_left_menu":"0","ocean_custom_header_template":"0","ocean_custom_logo":0,"ocean_custom_retina_logo":0,"ocean_custom_logo_max_width":0,"ocean_custom_logo_tablet_max_width":0,"ocean_custom_logo_mobile_max_width":0,"ocean_custom_logo_max_height":0,"ocean_custom_logo_tablet_max_height":0,"ocean_custom_logo_mobile_max_height":0,"ocean_header_custom_menu":"0","ocean_menu_typo_font_family":"0","ocean_menu_typo_font_subset":"","ocean_menu_typo_font_size":0,"ocean_menu_typo_font_size_tablet":0,"ocean_menu_typo_font_size_mobile":0,"ocean_menu_typo_font_size_unit":"px","ocean_menu_typo_font_weight":"","ocean_menu_typo_font_weight_tablet":"","ocean_menu_typo_font_weight_mobile":"","ocean_menu_typo_transform":"","ocean_menu_typo_transform_tablet":"","ocean_menu_typo_transform_mobile":"","ocean_menu_typo_line_height":0,"ocean_menu_typo_line_height_tablet":0,"ocean_menu_typo_line_height_mobile":0,"ocean_menu_typo_line_height_unit":"","ocean_menu_typo_spacing":0,"ocean_menu_typo_spacing_tablet":0,"ocean_menu_typo_spacing_mobile":0,"ocean_menu_typo_spacing_unit":"","ocean_menu_link_color":"","ocean_menu_link_color_hover":"","ocean_menu_link_color_active":"","ocean_menu_link_background":"","ocean_menu_link_hover_background":"","ocean_menu_link_active_background":"","ocean_menu_social_links_bg":"","ocean_menu_social_hover_links_bg":"","ocean_menu_social_links_color":"","ocean_menu_social_hover_links_color":"","ocean_disable_title":"default","ocean_disable_heading":"default","ocean_post_title":"","ocean_post_subheading":"","ocean_post_title_style":"","ocean_post_title_background_color":"","ocean_post_title_background":0,"ocean_post_title_bg_image_position":"","ocean_post_title_bg_image_attachment":"","ocean_post_title_bg_image_repeat":"","ocean_post_title_bg_image_size":"","ocean_post_title_height":0,"ocean_post_title_bg_overlay":0.5,"ocean_post_title_bg_overlay_color":"","ocean_disable_breadcrumbs":"default","ocean_breadcrumbs_color":"","ocean_breadcrumbs_separator_color":"","ocean_breadcrumbs_links_color":"","ocean_breadcrumbs_links_hover_color":"","ocean_display_footer_widgets":"default","ocean_display_footer_bottom":"default","ocean_custom_footer_template":"0","_tec_slr_enabled":"","_tec_slr_layout":""},"product_brand":[],"product_cat":[15473],"product_tag":[],"class_list":{"0":"post-211739","1":"product","2":"type-product","3":"status-publish","4":"has-post-thumbnail","6":"product_cat-messinstrumente-de","7":"product_shipping_class-schwer-de","9":"entry","10":"has-media","12":"first","13":"outofstock","14":"taxable","15":"shipping-taxable","16":"purchasable","17":"product-type-variable","18":"has-product-nav","19":"col","20":"span_1_of_3","21":"owp-content-center","22":"owp-thumbs-layout-horizontal","23":"owp-btn-normal","24":"owp-tabs-layout-horizontal","25":"has-no-thumbnails"},"_links":{"self":[{"href":"https:\/\/ketmarket.eu\/de\/wp-json\/wp\/v2\/product\/211739","targetHints":{"allow":["GET"]}}],"collection":[{"href":"https:\/\/ketmarket.eu\/de\/wp-json\/wp\/v2\/product"}],"about":[{"href":"https:\/\/ketmarket.eu\/de\/wp-json\/wp\/v2\/types\/product"}],"replies":[{"embeddable":true,"href":"https:\/\/ketmarket.eu\/de\/wp-json\/wp\/v2\/comments?post=211739"}],"wp:featuredmedia":[{"embeddable":true,"href":"https:\/\/ketmarket.eu\/de\/wp-json\/wp\/v2\/media\/209389"}],"wp:attachment":[{"href":"https:\/\/ketmarket.eu\/de\/wp-json\/wp\/v2\/media?parent=211739"}],"wp:term":[{"taxonomy":"product_brand","embeddable":true,"href":"https:\/\/ketmarket.eu\/de\/wp-json\/wp\/v2\/product_brand?post=211739"},{"taxonomy":"product_cat","embeddable":true,"href":"https:\/\/ketmarket.eu\/de\/wp-json\/wp\/v2\/product_cat?post=211739"},{"taxonomy":"product_tag","embeddable":true,"href":"https:\/\/ketmarket.eu\/de\/wp-json\/wp\/v2\/product_tag?post=211739"}],"curies":[{"name":"wp","href":"https:\/\/api.w.org\/{rel}","templated":true}]}}