{"id":211747,"date":"2024-05-29T11:04:58","date_gmt":"2024-05-29T09:04:58","guid":{"rendered":"https:\/\/ketmarket.eu\/product\/ketmarket-erweiterte-marketing-mitgliedschaft\/"},"modified":"2024-05-29T11:04:58","modified_gmt":"2024-05-29T09:04:58","slug":"ketmarket-erweiterte-marketing-mitgliedschaft","status":"publish","type":"product","link":"https:\/\/ketmarket.eu\/de\/product\/ketmarket-erweiterte-marketing-mitgliedschaft\/","title":{"rendered":"KETMarket Erweiterte Marketing-Mitgliedschaft"},"content":{"rendered":"<p><em>Schalten Sie mit unserer Advanced Marketing Membership leistungsstarke Marketing-Tools f\u00fcr Ihre Innovationen, Forschungsdienste und Technologien frei.  <\/em><\/p>\n<p>Pr\u00e4sentieren Sie den Katalog Ihres Instituts, erhalten Sie detaillierte Analysen dar\u00fcber, wer Ihre Angebote besucht hat, und erhalten Sie Zugang zu den Technologieexperten von KETMarket mit kostenlosen Beratungsstunden. Verwalten Sie mehrere Premium-Konten, nutzen Sie Online-Marketing-Pakete und lassen Sie das KETMarket-Team auf Messen und Konferenzen f\u00fcr Ihre Angebote werben &#8211; alles mit dem Ziel, Ihren Umsatz und Ihre Wirkung zu steigern. Die folgenden Funktionen sind enthalten:    <\/p>\n<ul>\n<li class=\"elementor-repeater-item-14a984d\">\n<div class=\"elementor-price-table__feature-inner\">Unbegrenzte Anzahl von Inseraten ver\u00f6ffentlichen<\/div>\n<\/li>\n<li class=\"elementor-repeater-item-f89730a\">Kontakt zum Eigent\u00fcmer der Liste<\/li>\n<li class=\"elementor-repeater-item-7f2ad46\">Bewertungen abgeben<\/li>\n<li class=\"elementor-repeater-item-42deaa3\">Favoriten merken<\/li>\n<li class=\"elementor-repeater-item-9109277\">\n<div class=\"elementor-price-table__feature-inner\">KETMarket FundingFinder<\/div>\n<\/li>\n<li class=\"elementor-repeater-item-9109277\">\n<div class=\"elementor-price-table__feature-inner\">5 Premium-Konten inklusive<\/div>\n<\/li>\n<li class=\"elementor-repeater-item-e8e0e9b\">\n<div class=\"elementor-price-table__feature-inner\">Dedizierte Katalogseite<\/div>\n<\/li>\n<li class=\"elementor-repeater-item-028d1ae\">Die ersten 5 Stunden der Beratung sind kostenlos<\/li>\n<li class=\"elementor-repeater-item-12e0fa6\">10% Rabatt auf Beratung<\/li>\n<li class=\"elementor-repeater-item-d4409a9\">Detaillierte Analysen<\/li>\n<li class=\"elementor-repeater-item-c47aa9d\">Online Marketing Pakete<\/li>\n<li class=\"elementor-repeater-item-dc0bb3b\">Team-Administrator<\/li>\n<li class=\"elementor-repeater-item-dc0bb3b\">Repr\u00e4sentation auf Messen nach bilateraler Vereinbarung<\/li>\n<\/ul>\n<p>Mindestlaufzeit des Abonnements: 12 Monate<\/p>\n","protected":false},"excerpt":{"rendered":"<p>Schalten Sie mit unserer Advanced Marketing Membership leistungsstarke Marketing-Tools f\u00fcr Ihre Innovationen, Forschungsdienste und Technologien frei. Pr\u00e4sentieren Sie den Katalog Ihres Instituts, erhalten Sie detaillierte Analysen dar\u00fcber, wer Ihre Angebote [&hellip;]<\/p>\n","protected":false},"featured_media":0,"comment_status":"open","ping_status":"closed","template":"","meta":{"_price":"399","_stock":"","_tribe_ticket_header":"","_tribe_default_ticket_provider":"","_tribe_ticket_capacity":"0","_ticket_start_date":"","_ticket_end_date":"","_tribe_ticket_show_description":"","_tribe_ticket_show_not_going":false,"_tribe_ticket_use_global_stock":"","_tribe_ticket_global_stock_level":"","_global_stock_mode":"","_global_stock_cap":"","_tribe_rsvp_for_event":"","_tribe_ticket_going_count":"","_tribe_ticket_not_going_count":"","_tribe_tickets_list":"[]","_tribe_ticket_has_attendee_info_fields":false,"ocean_post_layout":"","ocean_both_sidebars_style":"","ocean_both_sidebars_content_width":0,"ocean_both_sidebars_sidebars_width":0,"ocean_sidebar":"0","ocean_second_sidebar":"0","ocean_disable_margins":"enable","ocean_add_body_class":"","ocean_shortcode_before_top_bar":"","ocean_shortcode_after_top_bar":"","ocean_shortcode_before_header":"","ocean_shortcode_after_header":"","ocean_has_shortcode":"","ocean_shortcode_after_title":"","ocean_shortcode_before_footer_widgets":"","ocean_shortcode_after_footer_widgets":"","ocean_shortcode_before_footer_bottom":"","ocean_shortcode_after_footer_bottom":"","ocean_display_top_bar":"default","ocean_display_header":"default","ocean_header_style":"","ocean_center_header_left_menu":"0","ocean_custom_header_template":"0","ocean_custom_logo":0,"ocean_custom_retina_logo":0,"ocean_custom_logo_max_width":0,"ocean_custom_logo_tablet_max_width":0,"ocean_custom_logo_mobile_max_width":0,"ocean_custom_logo_max_height":0,"ocean_custom_logo_tablet_max_height":0,"ocean_custom_logo_mobile_max_height":0,"ocean_header_custom_menu":"0","ocean_menu_typo_font_family":"0","ocean_menu_typo_font_subset":"","ocean_menu_typo_font_size":0,"ocean_menu_typo_font_size_tablet":0,"ocean_menu_typo_font_size_mobile":0,"ocean_menu_typo_font_size_unit":"px","ocean_menu_typo_font_weight":"","ocean_menu_typo_font_weight_tablet":"","ocean_menu_typo_font_weight_mobile":"","ocean_menu_typo_transform":"","ocean_menu_typo_transform_tablet":"","ocean_menu_typo_transform_mobile":"","ocean_menu_typo_line_height":0,"ocean_menu_typo_line_height_tablet":0,"ocean_menu_typo_line_height_mobile":0,"ocean_menu_typo_line_height_unit":"","ocean_menu_typo_spacing":0,"ocean_menu_typo_spacing_tablet":0,"ocean_menu_typo_spacing_mobile":0,"ocean_menu_typo_spacing_unit":"","ocean_menu_link_color":"","ocean_menu_link_color_hover":"","ocean_menu_link_color_active":"","ocean_menu_link_background":"","ocean_menu_link_hover_background":"","ocean_menu_link_active_background":"","ocean_menu_social_links_bg":"","ocean_menu_social_hover_links_bg":"","ocean_menu_social_links_color":"","ocean_menu_social_hover_links_color":"","ocean_disable_title":"default","ocean_disable_heading":"default","ocean_post_title":"","ocean_post_subheading":"","ocean_post_title_style":"","ocean_post_title_background_color":"","ocean_post_title_background":0,"ocean_post_title_bg_image_position":"","ocean_post_title_bg_image_attachment":"","ocean_post_title_bg_image_repeat":"","ocean_post_title_bg_image_size":"","ocean_post_title_height":0,"ocean_post_title_bg_overlay":0.5,"ocean_post_title_bg_overlay_color":"","ocean_disable_breadcrumbs":"default","ocean_breadcrumbs_color":"","ocean_breadcrumbs_separator_color":"","ocean_breadcrumbs_links_color":"","ocean_breadcrumbs_links_hover_color":"","ocean_display_footer_widgets":"default","ocean_display_footer_bottom":"default","ocean_custom_footer_template":"0","_tec_slr_enabled":"","_tec_slr_layout":""},"product_brand":[],"product_cat":[15477],"product_tag":[15498],"class_list":{"0":"post-211747","1":"product","2":"type-product","3":"status-publish","5":"product_cat-mitgliedschaften-und-abonnements-de","6":"product_tag-ketmarket-premium-de-3","8":"entry","10":"first","11":"outofstock","12":"taxable","13":"shipping-taxable","14":"purchasable","15":"product-type-variable-subscription","16":"has-product-nav","17":"col","18":"span_1_of_3","19":"owp-content-center","20":"owp-thumbs-layout-horizontal","21":"owp-btn-normal","22":"owp-tabs-layout-horizontal","23":"has-no-thumbnails"},"_links":{"self":[{"href":"https:\/\/ketmarket.eu\/de\/wp-json\/wp\/v2\/product\/211747","targetHints":{"allow":["GET"]}}],"collection":[{"href":"https:\/\/ketmarket.eu\/de\/wp-json\/wp\/v2\/product"}],"about":[{"href":"https:\/\/ketmarket.eu\/de\/wp-json\/wp\/v2\/types\/product"}],"replies":[{"embeddable":true,"href":"https:\/\/ketmarket.eu\/de\/wp-json\/wp\/v2\/comments?post=211747"}],"wp:attachment":[{"href":"https:\/\/ketmarket.eu\/de\/wp-json\/wp\/v2\/media?parent=211747"}],"wp:term":[{"taxonomy":"product_brand","embeddable":true,"href":"https:\/\/ketmarket.eu\/de\/wp-json\/wp\/v2\/product_brand?post=211747"},{"taxonomy":"product_cat","embeddable":true,"href":"https:\/\/ketmarket.eu\/de\/wp-json\/wp\/v2\/product_cat?post=211747"},{"taxonomy":"product_tag","embeddable":true,"href":"https:\/\/ketmarket.eu\/de\/wp-json\/wp\/v2\/product_tag?post=211747"}],"curies":[{"name":"wp","href":"https:\/\/api.w.org\/{rel}","templated":true}]}}