{"id":211761,"date":"2024-10-04T08:40:11","date_gmt":"2024-10-04T06:40:11","guid":{"rendered":"https:\/\/ketmarket.eu\/product\/transparente-elektrodenschichten-auf-pet-basierend-auf-indium-zinn-oxid-ito\/"},"modified":"2024-10-04T08:40:11","modified_gmt":"2024-10-04T06:40:11","slug":"transparente-elektrodenschichten-auf-pet-basierend-auf-indium-zinn-oxid-ito","status":"publish","type":"product","link":"https:\/\/ketmarket.eu\/de\/product\/transparente-elektrodenschichten-auf-pet-basierend-auf-indium-zinn-oxid-ito\/","title":{"rendered":"Transparente Elektrodenschichten auf PET basierend auf Indium-Zinn-Oxid (ITO)"},"content":{"rendered":"<p>Sputter-beschichtetes Indium-Zinn-Oxid (ITO) auf hitzestabilisiertem PET ist als Blatt oder Rolle erh\u00e4ltlich. Diese transparente Elektrode kann f\u00fcr Smart Windows-Anwendungen, flexible Solarzellen, Touchpanels, flexible Elektronikanwendungen und andere eingesetzt werden. Das Material ist sowohl f\u00fcr Forschungszwecke als auch f\u00fcr eine Pilotproduktion geeignet. Die Produktparameter &#8211; f\u00fcr 35 Ohm ITO &#8211; k\u00f6nnen f\u00fcr andere Konfigurationen variieren (siehe verf\u00fcgbare Eigenschaften unter &#8222;zus\u00e4tzliche Informationen&#8220;):     <\/p>\n<ul>\n<li>Tr\u00e4germaterial: Hitzestabilisierte PET-Folie<\/li>\n<li>Dicke des Substrats: 125 \u00b5m +\/- 10%<\/li>\n<li>Schrumpfung: MD \u2264 0,15%, TD \u2264 0,15% bei 30min, 150\u00b0C<\/li>\n<li>Beschichtung: Transparentes leitf\u00e4higes ITO auf der nicht grundierten Seite<\/li>\n<li>f\u00fcr die 35 Ohm Version:\n<ul>\n<li>Transmission: Durchschnitt T(400-800nm): zwischen 80% und 82%<br \/>\nbei 500nm: zwischen 84% und 87%<\/li>\n<li>Blechwiderstand: Rsquare von 4-Punkt-Sonde: zwischen 33 Ohm\/Quadrat und 38 Ohm\/Quadrat<\/li>\n<\/ul>\n<\/li>\n<li>Rollengr\u00f6\u00dfe: Breite und L\u00e4nge auf Anfrage<\/li>\n<\/ul>\n<p>Dank der flexiblen Produktionsbedingungen unseres Lieferantennetzwerks sind wir in der Lage, weitere Variationen von Schichtwiderst\u00e4nden, Substraten und optischen Eigenschaften anzubieten.<br \/>\nBitte beschreiben Sie Ihren Bedarf in Ihrer Anfrage. Lieferfrist:<\/p>\n<ul>\n<li>Produktion auf Anfrage mit 4-6 Wochen Lieferzeit.<\/li>\n<li>K\u00fcrzere Lieferzeiten sind nach gegenseitiger Absprache und je nach Verf\u00fcgbarkeit m\u00f6glich &#8211; bitte fragen Sie nach!<\/li>\n<\/ul>\n","protected":false},"excerpt":{"rendered":"<p>Sputter-beschichtetes Indium-Zinn-Oxid (ITO) auf hitzestabilisiertem PET ist als Blatt oder Rolle erh\u00e4ltlich. Diese transparente Elektrode kann f\u00fcr Smart Windows-Anwendungen, flexible Solarzellen, Touch-Panels, flexible Elektronikanwendungen und andere verwendet werden.   <\/p>\n","protected":false},"featured_media":210899,"comment_status":"open","ping_status":"closed","template":"","meta":{"_price":"","_stock":"","_tribe_ticket_header":"","_tribe_default_ticket_provider":"","_tribe_ticket_capacity":"0","_ticket_start_date":"","_ticket_end_date":"","_tribe_ticket_show_description":"","_tribe_ticket_show_not_going":false,"_tribe_ticket_use_global_stock":"","_tribe_ticket_global_stock_level":"","_global_stock_mode":"","_global_stock_cap":"","_tribe_rsvp_for_event":"","_tribe_ticket_going_count":"","_tribe_ticket_not_going_count":"","_tribe_tickets_list":"[]","_tribe_ticket_has_attendee_info_fields":false,"ocean_post_layout":"","ocean_both_sidebars_style":"","ocean_both_sidebars_content_width":0,"ocean_both_sidebars_sidebars_width":0,"ocean_sidebar":"0","ocean_second_sidebar":"0","ocean_disable_margins":"enable","ocean_add_body_class":"","ocean_shortcode_before_top_bar":"","ocean_shortcode_after_top_bar":"","ocean_shortcode_before_header":"","ocean_shortcode_after_header":"","ocean_has_shortcode":"","ocean_shortcode_after_title":"","ocean_shortcode_before_footer_widgets":"","ocean_shortcode_after_footer_widgets":"","ocean_shortcode_before_footer_bottom":"","ocean_shortcode_after_footer_bottom":"","ocean_display_top_bar":"default","ocean_display_header":"default","ocean_header_style":"","ocean_center_header_left_menu":"0","ocean_custom_header_template":"0","ocean_custom_logo":0,"ocean_custom_retina_logo":0,"ocean_custom_logo_max_width":0,"ocean_custom_logo_tablet_max_width":0,"ocean_custom_logo_mobile_max_width":0,"ocean_custom_logo_max_height":0,"ocean_custom_logo_tablet_max_height":0,"ocean_custom_logo_mobile_max_height":0,"ocean_header_custom_menu":"0","ocean_menu_typo_font_family":"0","ocean_menu_typo_font_subset":"","ocean_menu_typo_font_size":0,"ocean_menu_typo_font_size_tablet":0,"ocean_menu_typo_font_size_mobile":0,"ocean_menu_typo_font_size_unit":"px","ocean_menu_typo_font_weight":"","ocean_menu_typo_font_weight_tablet":"","ocean_menu_typo_font_weight_mobile":"","ocean_menu_typo_transform":"","ocean_menu_typo_transform_tablet":"","ocean_menu_typo_transform_mobile":"","ocean_menu_typo_line_height":0,"ocean_menu_typo_line_height_tablet":0,"ocean_menu_typo_line_height_mobile":0,"ocean_menu_typo_line_height_unit":"","ocean_menu_typo_spacing":0,"ocean_menu_typo_spacing_tablet":0,"ocean_menu_typo_spacing_mobile":0,"ocean_menu_typo_spacing_unit":"","ocean_menu_link_color":"","ocean_menu_link_color_hover":"","ocean_menu_link_color_active":"","ocean_menu_link_background":"","ocean_menu_link_hover_background":"","ocean_menu_link_active_background":"","ocean_menu_social_links_bg":"","ocean_menu_social_hover_links_bg":"","ocean_menu_social_links_color":"","ocean_menu_social_hover_links_color":"","ocean_disable_title":"default","ocean_disable_heading":"default","ocean_post_title":"","ocean_post_subheading":"","ocean_post_title_style":"","ocean_post_title_background_color":"","ocean_post_title_background":0,"ocean_post_title_bg_image_position":"","ocean_post_title_bg_image_attachment":"","ocean_post_title_bg_image_repeat":"","ocean_post_title_bg_image_size":"","ocean_post_title_height":0,"ocean_post_title_bg_overlay":0.5,"ocean_post_title_bg_overlay_color":"","ocean_disable_breadcrumbs":"default","ocean_breadcrumbs_color":"","ocean_breadcrumbs_separator_color":"","ocean_breadcrumbs_links_color":"","ocean_breadcrumbs_links_hover_color":"","ocean_display_footer_widgets":"default","ocean_display_footer_bottom":"default","ocean_custom_footer_template":"0","_tec_slr_enabled":"","_tec_slr_layout":""},"product_brand":[],"product_cat":[15481,15480],"product_tag":[15483,15484,15486,15485,15482],"class_list":{"0":"post-211761","1":"product","2":"type-product","3":"status-publish","4":"has-post-thumbnail","6":"product_cat-kleine-serienprodukte-de","7":"product_cat-prototypen-de","8":"product_tag-indium-zinn-oxid-de","9":"product_tag-ito-de-2","10":"product_tag-kunststoff-de","11":"product_tag-tco-de-2","12":"product_tag-transparente-elektrode-de","14":"entry","15":"has-media","17":"first","18":"instock","19":"taxable","20":"shipping-taxable","21":"product-type-simple","22":"has-product-nav","23":"col","24":"span_1_of_3","25":"owp-content-center","26":"owp-thumbs-layout-horizontal","27":"owp-btn-normal","28":"owp-tabs-layout-horizontal","29":"has-no-thumbnails"},"_links":{"self":[{"href":"https:\/\/ketmarket.eu\/de\/wp-json\/wp\/v2\/product\/211761","targetHints":{"allow":["GET"]}}],"collection":[{"href":"https:\/\/ketmarket.eu\/de\/wp-json\/wp\/v2\/product"}],"about":[{"href":"https:\/\/ketmarket.eu\/de\/wp-json\/wp\/v2\/types\/product"}],"replies":[{"embeddable":true,"href":"https:\/\/ketmarket.eu\/de\/wp-json\/wp\/v2\/comments?post=211761"}],"wp:featuredmedia":[{"embeddable":true,"href":"https:\/\/ketmarket.eu\/de\/wp-json\/wp\/v2\/media\/210899"}],"wp:attachment":[{"href":"https:\/\/ketmarket.eu\/de\/wp-json\/wp\/v2\/media?parent=211761"}],"wp:term":[{"taxonomy":"product_brand","embeddable":true,"href":"https:\/\/ketmarket.eu\/de\/wp-json\/wp\/v2\/product_brand?post=211761"},{"taxonomy":"product_cat","embeddable":true,"href":"https:\/\/ketmarket.eu\/de\/wp-json\/wp\/v2\/product_cat?post=211761"},{"taxonomy":"product_tag","embeddable":true,"href":"https:\/\/ketmarket.eu\/de\/wp-json\/wp\/v2\/product_tag?post=211761"}],"curies":[{"name":"wp","href":"https:\/\/api.w.org\/{rel}","templated":true}]}}