{"id":211771,"date":"2024-11-08T08:06:13","date_gmt":"2024-11-08T07:06:13","guid":{"rendered":"https:\/\/ketmarket.eu\/product\/webinar-video-indium-neue-arbeitsplatzgrenzwerte-und-regulatorische-entwicklungen\/"},"modified":"2024-11-08T08:06:13","modified_gmt":"2024-11-08T07:06:13","slug":"webinar-video-indium-neue-arbeitsplatzgrenzwerte-und-regulatorische-entwicklungen","status":"publish","type":"product","link":"https:\/\/ketmarket.eu\/de\/product\/webinar-video-indium-neue-arbeitsplatzgrenzwerte-und-regulatorische-entwicklungen\/","title":{"rendered":"Webinar-Video &#8211; Indium: Neue Arbeitsplatzgrenzwerte und regulatorische Entwicklungen"},"content":{"rendered":"<div class=\"tribe-events-single-event-description tribe-events-content\">\n<p><em>Erhalten Sie Zugang zum Webinar-Video \u00fcber neue gesetzliche \u00c4nderungen f\u00fcr die Arbeitssicherheit bei der Verwendung von Indium. Dieses Webinar wird in deutscher Sprache angeboten und richtet sich an Unternehmen mit Sitz in Deutschland und \u00d6sterreich, da die diskutierten regulatorischen \u00c4nderungen haupts\u00e4chlich von Deutschland aus gesteuert werden.   <\/em><\/p>\n<p>Erhalten Sie unbeschr\u00e4nkten Zugang zum Mitschnitt des Webinars<\/p>\n<p><strong>&#8222;Indium: Neue Arbeitsplatzgrenzwerte und regulatorische Entwicklungen &#8211; Was Unternehmen jetzt wissen m\u00fcssen!<\/strong><\/p>\n<p>Der Kauf des Videos beinhaltet:<\/p>\n<ol>\n<li>Dauerhafter Zugang zum Video des Webinars, mit der M\u00f6glichkeit das Video direkt f\u00fcr die firmeninterne Verwendung herunterzuladen<\/li>\n<li>Pr\u00e4sentationsfolien (als PDF Datei)<\/li>\n<li>Beratungsgespr\u00e4ch (30 min) in Form eines Online-Termins<\/li>\n<\/ol>\n<p><strong>Beschreibung<\/strong>: Indium und seine Verbindungen (z. B. ITO, InO, InGaAs, CIGS) sind unverzichtbare Materialien in modernen Technologien, von Displays bis hin zu Solarmodulen. Doch die regulatorischen Anforderungen versch\u00e4rfen sich: Die MAK-Kommission plant, Indium als krebserzeugend und keimzellmutagen einzustufen (Publikation Juni 2024). F\u00fcr alle Unternehmen, die Indium verwenden, verarbeiten oder am Arbeitsplatz freisetzen, ergeben sich daraus neue Pflichten und potenzielle Risiken. Dieses Webinar bietet Ihnen die einmalige Gelegenheit, sich umfassend \u00fcber die aktuellen Entwicklungen zu informieren. Unsere Experten f\u00fchren Sie durch:      <\/p>\n<ul>\n<li>\u00dcberblick Indium &#8211; Anwendungen und Einsatzgebiete<\/li>\n<li>Die neuesten Informationen zur Absenkung der Indium-Grenzwerte und den damit verbundenen rechtlichen Konsequenzen.<\/li>\n<li>Die zuk\u00fcnftige Einstufung von Indium durch die MAK-Kommission und was das f\u00fcr Ihr Unternehmen bedeutet.<\/li>\n<\/ul>\n<p>Nutzen Sie die Gelegenheit, direkt von den Experten zu lernen, Ihre Fragen zu stellen und aktiv an der Diskussion teilzunehmen. Jeder, der mit Indium arbeitet oder dessen Prozesse damit in Ber\u00fchrung kommen, sollte an diesem Webinar teilnehmen, um von Beginn an auf der sicheren Seite zu sein. &#8222;Augen verschlie\u00dfen sch\u00fctzt vor Verpflichtungen nicht&#8220;. Deshalb wollen wir Ihnen helfen, sich rechtzeitig auf die neuen Anforderungen vorzubereiten und Handlungsstrategien zu entwickeln. Wir werden daher im Webinar auch ein Kooperationsprojekt f\u00fcr die betroffenen Unternehmen und Institutionen vorstellen, mit dem Sie sich besser f\u00fcr die zuk\u00fcnftigen Herausforderungen aufstellen. <strong>Zielgruppe<\/strong>: Gesch\u00e4ftsf\u00fchrer, Verantwortliche f\u00fcr Arbeitssicherheit, Forschung &amp; Entwicklung, Arbeitsmediziner sowie alle, die direkt oder indirekt mit Indium arbeiten. <strong>Expertenteam<\/strong>:      <\/p>\n<ul>\n<li>Dr. Martin Wieske, Leiter Arbeits- und Gesundheitsschutz bei der WirtschaftsVereinigung Metalle e.V.<\/li>\n<li>Dipl.-Ing. (FH) Silvio Kuntzsch, ExpAr &#8211; Institut f\u00fcr Arbeitsplatz- und Gefahrstoffmessungen<\/li>\n<li>Andr\u00e9 Wahl, Technischer Vertriebsleiter KETMarket GmbH<\/li>\n<\/ul>\n<\/div>\n","protected":false},"excerpt":{"rendered":"<p>Erhalten Sie umfassenden Zugang zum Webinar &#8222;Indium: Neue Arbeitsplatzgrenzwerte und regulatorische Entwicklungen&#8220; inklusive Video-Download, Pr\u00e4sentationsfolien und 30-min\u00fctigem Beratungsgespr\u00e4ch, um Ihr Unternehmen optimal auf kommende gesetzliche Anforderungen vorzubereiten. Experten vermitteln Ihnen aktuelles Wissen zu Grenzwerten und Risikoeinstufungen f\u00fcr Indium, damit Sie rechtzeitig handeln k\u00f6nnen.   <\/p>\n","protected":false},"featured_media":210943,"comment_status":"open","ping_status":"closed","template":"","meta":{"_price":"279","_stock":"","_tribe_ticket_header":"","_tribe_default_ticket_provider":"","_tribe_ticket_capacity":"1","_ticket_start_date":"","_ticket_end_date":"","_tribe_ticket_show_description":"","_tribe_ticket_show_not_going":false,"_tribe_ticket_use_global_stock":"","_tribe_ticket_global_stock_level":"","_global_stock_mode":"","_global_stock_cap":"","_tribe_rsvp_for_event":"","_tribe_ticket_going_count":"","_tribe_ticket_not_going_count":"","_tribe_tickets_list":"[]","_tribe_ticket_has_attendee_info_fields":false,"ocean_post_layout":"","ocean_both_sidebars_style":"","ocean_both_sidebars_content_width":0,"ocean_both_sidebars_sidebars_width":0,"ocean_sidebar":"0","ocean_second_sidebar":"0","ocean_disable_margins":"enable","ocean_add_body_class":"","ocean_shortcode_before_top_bar":"","ocean_shortcode_after_top_bar":"","ocean_shortcode_before_header":"","ocean_shortcode_after_header":"","ocean_has_shortcode":"","ocean_shortcode_after_title":"","ocean_shortcode_before_footer_widgets":"","ocean_shortcode_after_footer_widgets":"","ocean_shortcode_before_footer_bottom":"","ocean_shortcode_after_footer_bottom":"","ocean_display_top_bar":"default","ocean_display_header":"default","ocean_header_style":"","ocean_center_header_left_menu":"0","ocean_custom_header_template":"0","ocean_custom_logo":0,"ocean_custom_retina_logo":0,"ocean_custom_logo_max_width":0,"ocean_custom_logo_tablet_max_width":0,"ocean_custom_logo_mobile_max_width":0,"ocean_custom_logo_max_height":0,"ocean_custom_logo_tablet_max_height":0,"ocean_custom_logo_mobile_max_height":0,"ocean_header_custom_menu":"0","ocean_menu_typo_font_family":"0","ocean_menu_typo_font_subset":"","ocean_menu_typo_font_size":0,"ocean_menu_typo_font_size_tablet":0,"ocean_menu_typo_font_size_mobile":0,"ocean_menu_typo_font_size_unit":"px","ocean_menu_typo_font_weight":"","ocean_menu_typo_font_weight_tablet":"","ocean_menu_typo_font_weight_mobile":"","ocean_menu_typo_transform":"","ocean_menu_typo_transform_tablet":"","ocean_menu_typo_transform_mobile":"","ocean_menu_typo_line_height":0,"ocean_menu_typo_line_height_tablet":0,"ocean_menu_typo_line_height_mobile":0,"ocean_menu_typo_line_height_unit":"","ocean_menu_typo_spacing":0,"ocean_menu_typo_spacing_tablet":0,"ocean_menu_typo_spacing_mobile":0,"ocean_menu_typo_spacing_unit":"","ocean_menu_link_color":"","ocean_menu_link_color_hover":"","ocean_menu_link_color_active":"","ocean_menu_link_background":"","ocean_menu_link_hover_background":"","ocean_menu_link_active_background":"","ocean_menu_social_links_bg":"","ocean_menu_social_hover_links_bg":"","ocean_menu_social_links_color":"","ocean_menu_social_hover_links_color":"","ocean_disable_title":"default","ocean_disable_heading":"default","ocean_post_title":"","ocean_post_subheading":"","ocean_post_title_style":"","ocean_post_title_background_color":"","ocean_post_title_background":0,"ocean_post_title_bg_image_position":"","ocean_post_title_bg_image_attachment":"","ocean_post_title_bg_image_repeat":"","ocean_post_title_bg_image_size":"","ocean_post_title_height":0,"ocean_post_title_bg_overlay":0.5,"ocean_post_title_bg_overlay_color":"","ocean_disable_breadcrumbs":"default","ocean_breadcrumbs_color":"","ocean_breadcrumbs_separator_color":"","ocean_breadcrumbs_links_color":"","ocean_breadcrumbs_links_hover_color":"","ocean_display_footer_widgets":"default","ocean_display_footer_bottom":"default","ocean_custom_footer_template":"0","_tec_slr_enabled":"","_tec_slr_layout":""},"product_brand":[],"product_cat":[15487],"product_tag":[],"class_list":{"0":"post-211771","1":"product","2":"type-product","3":"status-publish","4":"has-post-thumbnail","6":"product_cat-webinar-video-de-2","8":"entry","9":"has-media","11":"first","12":"instock","13":"downloadable","14":"virtual","15":"taxable","16":"purchasable","17":"product-type-simple","18":"has-product-nav","19":"col","20":"span_1_of_3","21":"owp-content-center","22":"owp-thumbs-layout-horizontal","23":"owp-btn-normal","24":"owp-tabs-layout-horizontal","25":"has-no-thumbnails"},"_links":{"self":[{"href":"https:\/\/ketmarket.eu\/de\/wp-json\/wp\/v2\/product\/211771","targetHints":{"allow":["GET"]}}],"collection":[{"href":"https:\/\/ketmarket.eu\/de\/wp-json\/wp\/v2\/product"}],"about":[{"href":"https:\/\/ketmarket.eu\/de\/wp-json\/wp\/v2\/types\/product"}],"replies":[{"embeddable":true,"href":"https:\/\/ketmarket.eu\/de\/wp-json\/wp\/v2\/comments?post=211771"}],"wp:featuredmedia":[{"embeddable":true,"href":"https:\/\/ketmarket.eu\/de\/wp-json\/wp\/v2\/media\/210943"}],"wp:attachment":[{"href":"https:\/\/ketmarket.eu\/de\/wp-json\/wp\/v2\/media?parent=211771"}],"wp:term":[{"taxonomy":"product_brand","embeddable":true,"href":"https:\/\/ketmarket.eu\/de\/wp-json\/wp\/v2\/product_brand?post=211771"},{"taxonomy":"product_cat","embeddable":true,"href":"https:\/\/ketmarket.eu\/de\/wp-json\/wp\/v2\/product_cat?post=211771"},{"taxonomy":"product_tag","embeddable":true,"href":"https:\/\/ketmarket.eu\/de\/wp-json\/wp\/v2\/product_tag?post=211771"}],"curies":[{"name":"wp","href":"https:\/\/api.w.org\/{rel}","templated":true}]}}