{"id":211802,"date":"2024-04-19T14:49:58","date_gmt":"2024-04-19T12:49:58","guid":{"rendered":"https:\/\/ketmarket.eu\/product\/geschaeftsgeheimnisse-basisberatungspaket-und-uebersichtspraesentation-4\/"},"modified":"2024-04-19T14:49:58","modified_gmt":"2024-04-19T12:49:58","slug":"geschaeftsgeheimnisse-basisberatungspaket-und-uebersichtspraesentation-4","status":"publish","type":"product","link":"https:\/\/ketmarket.eu\/de\/product\/geschaeftsgeheimnisse-basisberatungspaket-und-uebersichtspraesentation-4\/","title":{"rendered":"Gesch\u00e4ftsgeheimnisse &#8211; Basisberatungspaket und \u00dcbersichtspr\u00e4sentation"},"content":{"rendered":"<p>Gemeinsam mit unserem Partner white ip | Patent &amp; Legal GmbH bieten wir ein grundlegendes Beratungspaket zum Thema Gesch\u00e4ftsgeheimnis an: In einer 30- bis 45-min\u00fctigen Pr\u00e4sentation, die einen \u00dcberblick dar\u00fcber gibt, was ein Gesch\u00e4ftsgeheimnis ist, wie man es sch\u00fctzt und welche rechtlichen Anforderungen gelten, erfahren Sie alles Wesentliche \u00fcber den Schutz der sensiblen Informationen Ihres Unternehmens, gefolgt von einer Fragerunde, in der wir auf Ihre spezifischen Anliegen eingehen. Erfahren Sie mehr \u00fcber:<\/p>\n<ul>\n<li>Was ist ein Gesch\u00e4ftsgeheimnis und wie kann man es erkennen?<\/li>\n<li>Gesetzliche Anforderungen und Verpflichtungen des Arbeitgebers (nach deutschem Recht), um diese Geheimnisse zu sch\u00fctzen und Ihre Rechte durchzusetzen, wenn sie nach au\u00dfen dringen.<\/li>\n<li>Wie Sie Ihre Geheimnisse durch geistige Eigentumsrechte wie Patente und Marken sch\u00fctzen k\u00f6nnen<\/li>\n<\/ul>\n<p>Wir \u00fcberpr\u00fcfen auch Ihre Arbeitsvertr\u00e4ge im Voraus, um sicherzustellen, dass sie den gesetzlichen Anforderungen entsprechen und alle notwendigen Bestimmungen zum Schutz gem\u00e4\u00df dem Gesetz \u00fcber Gesch\u00e4ftsgeheimnisse enthalten, und stellen Ihnen Leitlinien und eine Vorlage f\u00fcr die notwendigen Arbeitsvertragsklauseln zur Verf\u00fcgung. Arbeitsweise: Nach dem Kauf des Pakets setzen wir uns mit Ihnen in Verbindung, um eine 60-min\u00fctige Sitzung mit uns und White IP zu vereinbaren.<\/p>\n<p>Ergebnisse:<\/p>\n<ul>\n<li>60 Minuten individuelle Beratungssitzung (online \u00fcber Microsoft Teams) zum Thema Gesch\u00e4ftsgeheimnisse, einschlie\u00dflich einer 30-45-min\u00fctigen Pr\u00e4sentation und einer anschlie\u00dfenden Frage- und Antwortrunde.<\/li>\n<li>Schnelle \u00dcberpr\u00fcfung und Bewertung von Arbeitsvertr\u00e4gen (nach deutschem Recht)<\/li>\n<\/ul>\n<p>Die Beratung basiert auf deutschem Recht und ist daher f\u00fcr Unternehmen relevant, die einen Gesch\u00e4ftssitz in Deutschland haben oder die planen, eine Niederlassung in Deutschland zu er\u00f6ffnen. Bevorzugte Sprache ist Deutsch, aber auch Englisch ist m\u00f6glich. Hinweis: Individuelle detaillierte Fallberatungen und zus\u00e4tzliche Dienstleistungen sind auf Anfrage erh\u00e4ltlich. Bitte verwenden Sie das &#8222;Produktformular&#8220;, um detaillierte Fragen zu formulieren und ein Angebot anzufordern. <\/p>\n","protected":false},"excerpt":{"rendered":"<p>Gemeinsam mit unserem Partner White IP bieten wir ein grundlegendes Beratungspaket zum Thema Gesch\u00e4ftsgeheimnis an: In einer 30- bis 45-min\u00fctigen Pr\u00e4sentation, die einen \u00dcberblick dar\u00fcber gibt, was ein Gesch\u00e4ftsgeheimnis ist, wie man es sch\u00fctzt und welche rechtlichen Anforderungen gelten, erfahren Sie alles Wesentliche \u00fcber den Schutz der sensiblen Informationen Ihres Unternehmens.<\/p>\n","protected":false},"featured_media":188932,"comment_status":"open","ping_status":"closed","template":"","meta":{"_price":"479","_stock":"","_tribe_ticket_header":"","_tribe_default_ticket_provider":"","_tribe_ticket_capacity":"0","_ticket_start_date":"","_ticket_end_date":"","_tribe_ticket_show_description":"","_tribe_ticket_show_not_going":false,"_tribe_ticket_use_global_stock":"","_tribe_ticket_global_stock_level":"","_global_stock_mode":"","_global_stock_cap":"","_tribe_rsvp_for_event":"","_tribe_ticket_going_count":"","_tribe_ticket_not_going_count":"","_tribe_tickets_list":"[]","_tribe_ticket_has_attendee_info_fields":false,"ocean_post_layout":"","ocean_both_sidebars_style":"","ocean_both_sidebars_content_width":0,"ocean_both_sidebars_sidebars_width":0,"ocean_sidebar":"0","ocean_second_sidebar":"0","ocean_disable_margins":"enable","ocean_add_body_class":"","ocean_shortcode_before_top_bar":"","ocean_shortcode_after_top_bar":"","ocean_shortcode_before_header":"","ocean_shortcode_after_header":"","ocean_has_shortcode":"","ocean_shortcode_after_title":"","ocean_shortcode_before_footer_widgets":"","ocean_shortcode_after_footer_widgets":"","ocean_shortcode_before_footer_bottom":"","ocean_shortcode_after_footer_bottom":"","ocean_display_top_bar":"default","ocean_display_header":"default","ocean_header_style":"","ocean_center_header_left_menu":"0","ocean_custom_header_template":"0","ocean_custom_logo":0,"ocean_custom_retina_logo":0,"ocean_custom_logo_max_width":0,"ocean_custom_logo_tablet_max_width":0,"ocean_custom_logo_mobile_max_width":0,"ocean_custom_logo_max_height":0,"ocean_custom_logo_tablet_max_height":0,"ocean_custom_logo_mobile_max_height":0,"ocean_header_custom_menu":"0","ocean_menu_typo_font_family":"0","ocean_menu_typo_font_subset":"","ocean_menu_typo_font_size":0,"ocean_menu_typo_font_size_tablet":0,"ocean_menu_typo_font_size_mobile":0,"ocean_menu_typo_font_size_unit":"px","ocean_menu_typo_font_weight":"","ocean_menu_typo_font_weight_tablet":"","ocean_menu_typo_font_weight_mobile":"","ocean_menu_typo_transform":"","ocean_menu_typo_transform_tablet":"","ocean_menu_typo_transform_mobile":"","ocean_menu_typo_line_height":0,"ocean_menu_typo_line_height_tablet":0,"ocean_menu_typo_line_height_mobile":0,"ocean_menu_typo_line_height_unit":"","ocean_menu_typo_spacing":0,"ocean_menu_typo_spacing_tablet":0,"ocean_menu_typo_spacing_mobile":0,"ocean_menu_typo_spacing_unit":"","ocean_menu_link_color":"","ocean_menu_link_color_hover":"","ocean_menu_link_color_active":"","ocean_menu_link_background":"","ocean_menu_link_hover_background":"","ocean_menu_link_active_background":"","ocean_menu_social_links_bg":"","ocean_menu_social_hover_links_bg":"","ocean_menu_social_links_color":"","ocean_menu_social_hover_links_color":"","ocean_disable_title":"default","ocean_disable_heading":"default","ocean_post_title":"","ocean_post_subheading":"","ocean_post_title_style":"","ocean_post_title_background_color":"","ocean_post_title_background":0,"ocean_post_title_bg_image_position":"","ocean_post_title_bg_image_attachment":"","ocean_post_title_bg_image_repeat":"","ocean_post_title_bg_image_size":"","ocean_post_title_height":0,"ocean_post_title_bg_overlay":0.5,"ocean_post_title_bg_overlay_color":"","ocean_disable_breadcrumbs":"default","ocean_breadcrumbs_color":"","ocean_breadcrumbs_separator_color":"","ocean_breadcrumbs_links_color":"","ocean_breadcrumbs_links_hover_color":"","ocean_display_footer_widgets":"default","ocean_display_footer_bottom":"default","ocean_custom_footer_template":"0","_tec_slr_enabled":"","_tec_slr_layout":""},"product_brand":[],"product_cat":[15496],"product_tag":[],"class_list":{"0":"post-211802","1":"product","2":"type-product","3":"status-publish","4":"has-post-thumbnail","6":"product_cat-dienstleistungen-fur-unternehmen-de-4","8":"entry","9":"has-media","11":"first","12":"instock","13":"virtual","14":"sold-individually","15":"taxable","16":"purchasable","17":"product-type-simple","18":"has-product-nav","19":"col","20":"span_1_of_3","21":"owp-content-center","22":"owp-thumbs-layout-horizontal","23":"owp-btn-normal","24":"owp-tabs-layout-horizontal","25":"has-no-thumbnails"},"_links":{"self":[{"href":"https:\/\/ketmarket.eu\/de\/wp-json\/wp\/v2\/product\/211802","targetHints":{"allow":["GET"]}}],"collection":[{"href":"https:\/\/ketmarket.eu\/de\/wp-json\/wp\/v2\/product"}],"about":[{"href":"https:\/\/ketmarket.eu\/de\/wp-json\/wp\/v2\/types\/product"}],"replies":[{"embeddable":true,"href":"https:\/\/ketmarket.eu\/de\/wp-json\/wp\/v2\/comments?post=211802"}],"wp:featuredmedia":[{"embeddable":true,"href":"https:\/\/ketmarket.eu\/de\/wp-json\/wp\/v2\/media\/188932"}],"wp:attachment":[{"href":"https:\/\/ketmarket.eu\/de\/wp-json\/wp\/v2\/media?parent=211802"}],"wp:term":[{"taxonomy":"product_brand","embeddable":true,"href":"https:\/\/ketmarket.eu\/de\/wp-json\/wp\/v2\/product_brand?post=211802"},{"taxonomy":"product_cat","embeddable":true,"href":"https:\/\/ketmarket.eu\/de\/wp-json\/wp\/v2\/product_cat?post=211802"},{"taxonomy":"product_tag","embeddable":true,"href":"https:\/\/ketmarket.eu\/de\/wp-json\/wp\/v2\/product_tag?post=211802"}],"curies":[{"name":"wp","href":"https:\/\/api.w.org\/{rel}","templated":true}]}}