{"id":211826,"date":"2021-11-11T17:04:55","date_gmt":"2021-11-11T16:04:55","guid":{"rendered":"https:\/\/ketmarket.eu\/product\/erste-bewertung-der-technischen-durchfuehrbarkeit-2\/"},"modified":"2021-11-11T17:04:55","modified_gmt":"2021-11-11T16:04:55","slug":"erste-bewertung-der-technischen-durchfuehrbarkeit-2","status":"publish","type":"product","link":"https:\/\/ketmarket.eu\/de\/product\/erste-bewertung-der-technischen-durchfuehrbarkeit-2\/","title":{"rendered":"Erste Bewertung der technischen Durchf\u00fchrbarkeit"},"content":{"rendered":"<p><strong>Beschreibung, Umfang der Arbeit:<\/strong><\/p>\n<p>Erste Bewertung der technischen Machbarkeit einer Produktidee oder Erfindung, einschlie\u00dflich der Ausarbeitung einer Spezifikation f\u00fcr einen Funktionsdemonstrator:<\/p>\n<ul>\n<li>Erste Bewertung der technischen Machbarkeit unter Ber\u00fccksichtigung relevanter Normen und Vorschriften (Deutschland und EU)<\/li>\n<li>Bewertung potenzieller Wertsch\u00f6pfungs- und Lieferketten, Vorschlag einer Wertsch\u00f6pfungskette, falls m\u00f6glich<\/li>\n<li>Identifizierung von Synergien und Anwendungsszenarien<\/li>\n<li>Erste Entw\u00fcrfe f\u00fcr einen Funktionsdemonstrator<\/li>\n<\/ul>\n<p><strong>Gesch\u00e4tzter Aufwand:<\/strong><\/p>\n<ul>\n<li>15 Arbeitsstunden eines KETMarket-Experten<\/li>\n<\/ul>\n<p><strong>Ergebnisse<\/strong>:<\/p>\n<ul>\n<li>One-Pager mit einer ersten Einsch\u00e4tzung der technischen Machbarkeit der Idee \/ des Patents\n<ul>\n<li>Bewertung von und Anforderungen an die Realisierung der Idee<\/li>\n<li>Firmennamen f\u00fcr potentielle Wertsch\u00f6pfungsketten<\/li>\n<\/ul>\n<\/li>\n<li>Spezifikationsblatt f\u00fcr einen Funktionsdemonstrator, falls erforderlich<\/li>\n<li>Projektplan f\u00fcr die Herstellung des Funktionsdemonstrators, wenn m\u00f6glich<\/li>\n<\/ul>\n<p><strong>Lieferfrist:<\/strong><\/p>\n<ul>\n<li>4 Wochen nach Aufgabe der Bestellung<\/li>\n<\/ul>\n<p><strong>Erforderliche Eingabe:<\/strong><\/p>\n<ul>\n<li>Patentnummer \/ Beschreibung der Idee<\/li>\n<li>Abschluss einer Geheimhaltungsvereinbarung zwischen Ihnen und KETMarket<\/li>\n<\/ul>\n<p><strong>Optionale Eingabe:<\/strong><\/p>\n<ul>\n<li>Ergebnisse einer fr\u00fcheren Machbarkeitsstudie<\/li>\n<li>bestimmte Aspekte, die wir uns ansehen sollten.<\/li>\n<\/ul>\n","protected":false},"excerpt":{"rendered":"<p>Erste Bewertung der technischen Machbarkeit einer Produktidee oder Erfindung einschlie\u00dflich der Erstellung einer Spezifikation f\u00fcr einen Funktionsdemonstrator!<\/p>\n","protected":false},"featured_media":0,"comment_status":"open","ping_status":"closed","template":"","meta":{"_price":"3600","_stock":"","_tribe_ticket_header":"","_tribe_default_ticket_provider":"","_tribe_ticket_capacity":"0","_ticket_start_date":"","_ticket_end_date":"","_tribe_ticket_show_description":"","_tribe_ticket_show_not_going":false,"_tribe_ticket_use_global_stock":"","_tribe_ticket_global_stock_level":"","_global_stock_mode":"","_global_stock_cap":"","_tribe_rsvp_for_event":"","_tribe_ticket_going_count":"","_tribe_ticket_not_going_count":"","_tribe_tickets_list":"[]","_tribe_ticket_has_attendee_info_fields":false,"ocean_post_layout":"","ocean_both_sidebars_style":"","ocean_both_sidebars_content_width":0,"ocean_both_sidebars_sidebars_width":0,"ocean_sidebar":"0","ocean_second_sidebar":"0","ocean_disable_margins":"enable","ocean_add_body_class":"","ocean_shortcode_before_top_bar":"","ocean_shortcode_after_top_bar":"","ocean_shortcode_before_header":"","ocean_shortcode_after_header":"","ocean_has_shortcode":"","ocean_shortcode_after_title":"","ocean_shortcode_before_footer_widgets":"","ocean_shortcode_after_footer_widgets":"","ocean_shortcode_before_footer_bottom":"","ocean_shortcode_after_footer_bottom":"","ocean_display_top_bar":"default","ocean_display_header":"default","ocean_header_style":"","ocean_center_header_left_menu":"0","ocean_custom_header_template":"0","ocean_custom_logo":0,"ocean_custom_retina_logo":0,"ocean_custom_logo_max_width":0,"ocean_custom_logo_tablet_max_width":0,"ocean_custom_logo_mobile_max_width":0,"ocean_custom_logo_max_height":0,"ocean_custom_logo_tablet_max_height":0,"ocean_custom_logo_mobile_max_height":0,"ocean_header_custom_menu":"0","ocean_menu_typo_font_family":"0","ocean_menu_typo_font_subset":"","ocean_menu_typo_font_size":0,"ocean_menu_typo_font_size_tablet":0,"ocean_menu_typo_font_size_mobile":0,"ocean_menu_typo_font_size_unit":"px","ocean_menu_typo_font_weight":"","ocean_menu_typo_font_weight_tablet":"","ocean_menu_typo_font_weight_mobile":"","ocean_menu_typo_transform":"","ocean_menu_typo_transform_tablet":"","ocean_menu_typo_transform_mobile":"","ocean_menu_typo_line_height":0,"ocean_menu_typo_line_height_tablet":0,"ocean_menu_typo_line_height_mobile":0,"ocean_menu_typo_line_height_unit":"","ocean_menu_typo_spacing":0,"ocean_menu_typo_spacing_tablet":0,"ocean_menu_typo_spacing_mobile":0,"ocean_menu_typo_spacing_unit":"","ocean_menu_link_color":"","ocean_menu_link_color_hover":"","ocean_menu_link_color_active":"","ocean_menu_link_background":"","ocean_menu_link_hover_background":"","ocean_menu_link_active_background":"","ocean_menu_social_links_bg":"","ocean_menu_social_hover_links_bg":"","ocean_menu_social_links_color":"","ocean_menu_social_hover_links_color":"","ocean_disable_title":"default","ocean_disable_heading":"default","ocean_post_title":"","ocean_post_subheading":"","ocean_post_title_style":"","ocean_post_title_background_color":"","ocean_post_title_background":0,"ocean_post_title_bg_image_position":"","ocean_post_title_bg_image_attachment":"","ocean_post_title_bg_image_repeat":"","ocean_post_title_bg_image_size":"","ocean_post_title_height":0,"ocean_post_title_bg_overlay":0.5,"ocean_post_title_bg_overlay_color":"","ocean_disable_breadcrumbs":"default","ocean_breadcrumbs_color":"","ocean_breadcrumbs_separator_color":"","ocean_breadcrumbs_links_color":"","ocean_breadcrumbs_links_hover_color":"","ocean_display_footer_widgets":"default","ocean_display_footer_bottom":"default","ocean_custom_footer_template":"0","_tec_slr_enabled":"","_tec_slr_layout":""},"product_brand":[],"product_cat":[15504],"product_tag":[15505,15506,15507],"class_list":{"0":"post-211826","1":"product","2":"type-product","3":"status-publish","5":"product_cat-durchfuhrbarkeitsstudien-de-2","6":"product_tag-durchfuhrbarkeit-de-2","7":"product_tag-idee-de-2","8":"product_tag-patent-de-3","10":"entry","12":"first","13":"instock","14":"taxable","15":"shipping-taxable","16":"purchasable","17":"product-type-simple","18":"has-product-nav","19":"col","20":"span_1_of_3","21":"owp-content-center","22":"owp-thumbs-layout-horizontal","23":"owp-btn-normal","24":"owp-tabs-layout-horizontal","25":"has-no-thumbnails"},"_links":{"self":[{"href":"https:\/\/ketmarket.eu\/de\/wp-json\/wp\/v2\/product\/211826","targetHints":{"allow":["GET"]}}],"collection":[{"href":"https:\/\/ketmarket.eu\/de\/wp-json\/wp\/v2\/product"}],"about":[{"href":"https:\/\/ketmarket.eu\/de\/wp-json\/wp\/v2\/types\/product"}],"replies":[{"embeddable":true,"href":"https:\/\/ketmarket.eu\/de\/wp-json\/wp\/v2\/comments?post=211826"}],"wp:attachment":[{"href":"https:\/\/ketmarket.eu\/de\/wp-json\/wp\/v2\/media?parent=211826"}],"wp:term":[{"taxonomy":"product_brand","embeddable":true,"href":"https:\/\/ketmarket.eu\/de\/wp-json\/wp\/v2\/product_brand?post=211826"},{"taxonomy":"product_cat","embeddable":true,"href":"https:\/\/ketmarket.eu\/de\/wp-json\/wp\/v2\/product_cat?post=211826"},{"taxonomy":"product_tag","embeddable":true,"href":"https:\/\/ketmarket.eu\/de\/wp-json\/wp\/v2\/product_tag?post=211826"}],"curies":[{"name":"wp","href":"https:\/\/api.w.org\/{rel}","templated":true}]}}