{"id":310896,"date":"2026-03-04T09:25:54","date_gmt":"2026-03-04T08:25:54","guid":{"rendered":"https:\/\/ketmarket.eu\/?post_type=product&#038;p=310896"},"modified":"2026-03-04T09:29:19","modified_gmt":"2026-03-04T08:29:19","slug":"ketmarket-premium-mitgliedschaft-copy","status":"publish","type":"product","link":"https:\/\/ketmarket.eu\/de\/product\/ketmarket-premium-mitgliedschaft-copy\/","title":{"rendered":"KETMarket Premium-Mitgliedschaft (Copy)"},"content":{"rendered":"<p><em>Verbessern Sie Ihr Innovationserlebnis mit unserem Premium Access-Abonnement.  <\/em><\/p>\n<p>Erh\u00f6hen Sie die Sichtbarkeit auf dem KETMarket Innovation Marketplace mit einem vorgestellten Angebot, greifen Sie auf unsere KI-Matchmaking-Tools zu und erhalten Sie Unterst\u00fctzung durch die KETMarket-Experten und profitieren Sie von einem 10%igen Rabatt auf weitere Technologieberatung. Verschaffen Sie sich mit grundlegenden Analysen einen \u00dcberblick dar\u00fcber, wer Ihre Angebote besucht hat, und finden Sie ma\u00dfgeschneiderte Finanzierungsm\u00f6glichkeiten f\u00fcr Ihre Forschung &#8211; alles, um Ihre Effizienz zu maximieren. <\/p>\n<p>Die folgenden Funktionen sind enthalten:<\/p>\n<ul>\n<li class=\"elementor-repeater-item-14a984d\">\n<div class=\"elementor-price-table__feature-inner\">Unbegrenzte Anzahl von Inseraten ver\u00f6ffentlichen<\/div>\n<\/li>\n<li class=\"elementor-repeater-item-f89730a\">\n<div class=\"elementor-price-table__feature-inner\">Kontakt zum Eigent\u00fcmer der Liste<\/div>\n<\/li>\n<li>Finden Sie Finanzierungsaufrufe auf der Grundlage Ihres Profils mit unserem KI-Finanzierungsfinder<\/li>\n<li>Siehe Horizon Europe Call Entw\u00fcrfe f\u00fcr die n\u00e4chsten zwei Jahre<\/li>\n<li>Nutzen Sie unser AI SmartMatch Tool, um Partner, Wissen und Finanzierungsaufrufe zu finden<\/li>\n<li class=\"elementor-repeater-item-e8e0e9b\">Bringen Sie Ihr Angebot auf die 1. Seite<\/li>\n<li class=\"elementor-repeater-item-028d1ae\">Erhalten Sie die 1. Stunde der Beratung kostenlos<\/li>\n<li class=\"elementor-repeater-item-a7b192a\">10% Rabatt auf weitere Beratung<\/li>\n<li class=\"elementor-repeater-item-d4409a9\">Basis-Analytik<\/li>\n<\/ul>\n<p>Mindestdauer des Abonnements: 12 Monate<\/p>\n","protected":false},"excerpt":{"rendered":"<p>Als Premium-Mitglied von KETMarket haben Sie Zugang zu exklusiven Funktionen, wie z.B. erweiterte Analysen Ihrer Angebote, pers\u00f6nliche Beratung durch Experten, Rabatte f\u00fcr die Pr\u00e4sentation Ihrer Angebote und werbefreies Surfen. Sie k\u00f6nnen auch Updates zu relevanten Finanzierungsm\u00f6glichkeiten erhalten und KI-Tools f\u00fcr die Angebots\u00fcbersetzung nutzen. <\/p>\n","protected":false},"featured_media":310903,"comment_status":"open","ping_status":"closed","template":"","meta":{"_price":"19.90","_stock":"","_tribe_ticket_header":"","_tribe_default_ticket_provider":"","_tribe_ticket_capacity":"0","_ticket_start_date":"","_ticket_end_date":"","_tribe_ticket_show_description":"","_tribe_ticket_show_not_going":false,"_tribe_ticket_use_global_stock":"","_tribe_ticket_global_stock_level":"","_global_stock_mode":"","_global_stock_cap":"","_tribe_rsvp_for_event":"","_tribe_ticket_going_count":"","_tribe_ticket_not_going_count":"","_tribe_tickets_list":"[]","_tribe_ticket_has_attendee_info_fields":false,"ocean_post_layout":"","ocean_both_sidebars_style":"","ocean_both_sidebars_content_width":0,"ocean_both_sidebars_sidebars_width":0,"ocean_sidebar":"0","ocean_second_sidebar":"0","ocean_disable_margins":"enable","ocean_add_body_class":"","ocean_shortcode_before_top_bar":"","ocean_shortcode_after_top_bar":"","ocean_shortcode_before_header":"","ocean_shortcode_after_header":"","ocean_has_shortcode":"","ocean_shortcode_after_title":"","ocean_shortcode_before_footer_widgets":"","ocean_shortcode_after_footer_widgets":"","ocean_shortcode_before_footer_bottom":"","ocean_shortcode_after_footer_bottom":"","ocean_display_top_bar":"default","ocean_display_header":"default","ocean_header_style":"","ocean_center_header_left_menu":"0","ocean_custom_header_template":"0","ocean_custom_logo":0,"ocean_custom_retina_logo":0,"ocean_custom_logo_max_width":0,"ocean_custom_logo_tablet_max_width":0,"ocean_custom_logo_mobile_max_width":0,"ocean_custom_logo_max_height":0,"ocean_custom_logo_tablet_max_height":0,"ocean_custom_logo_mobile_max_height":0,"ocean_header_custom_menu":"0","ocean_menu_typo_font_family":"0","ocean_menu_typo_font_subset":"","ocean_menu_typo_font_size":0,"ocean_menu_typo_font_size_tablet":0,"ocean_menu_typo_font_size_mobile":0,"ocean_menu_typo_font_size_unit":"px","ocean_menu_typo_font_weight":"","ocean_menu_typo_font_weight_tablet":"","ocean_menu_typo_font_weight_mobile":"","ocean_menu_typo_transform":"","ocean_menu_typo_transform_tablet":"","ocean_menu_typo_transform_mobile":"","ocean_menu_typo_line_height":0,"ocean_menu_typo_line_height_tablet":0,"ocean_menu_typo_line_height_mobile":0,"ocean_menu_typo_line_height_unit":"","ocean_menu_typo_spacing":0,"ocean_menu_typo_spacing_tablet":0,"ocean_menu_typo_spacing_mobile":0,"ocean_menu_typo_spacing_unit":"","ocean_menu_link_color":"","ocean_menu_link_color_hover":"","ocean_menu_link_color_active":"","ocean_menu_link_background":"","ocean_menu_link_hover_background":"","ocean_menu_link_active_background":"","ocean_menu_social_links_bg":"","ocean_menu_social_hover_links_bg":"","ocean_menu_social_links_color":"","ocean_menu_social_hover_links_color":"","ocean_disable_title":"default","ocean_disable_heading":"default","ocean_post_title":"","ocean_post_subheading":"","ocean_post_title_style":"","ocean_post_title_background_color":"","ocean_post_title_background":0,"ocean_post_title_bg_image_position":"","ocean_post_title_bg_image_attachment":"","ocean_post_title_bg_image_repeat":"","ocean_post_title_bg_image_size":"","ocean_post_title_height":0,"ocean_post_title_bg_overlay":0.5,"ocean_post_title_bg_overlay_color":"","ocean_disable_breadcrumbs":"default","ocean_breadcrumbs_color":"","ocean_breadcrumbs_separator_color":"","ocean_breadcrumbs_links_color":"","ocean_breadcrumbs_links_hover_color":"","ocean_display_footer_widgets":"default","ocean_display_footer_bottom":"default","ocean_custom_footer_template":"0","_tec_slr_enabled":"","_tec_slr_layout":""},"product_brand":[],"product_cat":[15497],"product_tag":[],"class_list":{"0":"post-310896","1":"product","2":"type-product","3":"status-publish","4":"has-post-thumbnail","6":"product_cat-mitgliedschaften-und-abonnements-de-2","8":"entry","9":"has-media","11":"first","12":"instock","13":"taxable","14":"shipping-taxable","15":"purchasable","16":"product-type-variable-subscription","17":"has-default-attributes","18":"has-product-nav","19":"col","20":"span_1_of_3","21":"owp-content-center","22":"owp-thumbs-layout-horizontal","23":"owp-btn-normal","24":"owp-tabs-layout-horizontal","25":"has-no-thumbnails"},"_links":{"self":[{"href":"https:\/\/ketmarket.eu\/de\/wp-json\/wp\/v2\/product\/310896","targetHints":{"allow":["GET"]}}],"collection":[{"href":"https:\/\/ketmarket.eu\/de\/wp-json\/wp\/v2\/product"}],"about":[{"href":"https:\/\/ketmarket.eu\/de\/wp-json\/wp\/v2\/types\/product"}],"replies":[{"embeddable":true,"href":"https:\/\/ketmarket.eu\/de\/wp-json\/wp\/v2\/comments?post=310896"}],"wp:featuredmedia":[{"embeddable":true,"href":"https:\/\/ketmarket.eu\/de\/wp-json\/wp\/v2\/media\/310903"}],"wp:attachment":[{"href":"https:\/\/ketmarket.eu\/de\/wp-json\/wp\/v2\/media?parent=310896"}],"wp:term":[{"taxonomy":"product_brand","embeddable":true,"href":"https:\/\/ketmarket.eu\/de\/wp-json\/wp\/v2\/product_brand?post=310896"},{"taxonomy":"product_cat","embeddable":true,"href":"https:\/\/ketmarket.eu\/de\/wp-json\/wp\/v2\/product_cat?post=310896"},{"taxonomy":"product_tag","embeddable":true,"href":"https:\/\/ketmarket.eu\/de\/wp-json\/wp\/v2\/product_tag?post=310896"}],"curies":[{"name":"wp","href":"https:\/\/api.w.org\/{rel}","templated":true}]}}